{"id":898,"date":"2025-08-24T14:59:22","date_gmt":"2025-08-24T12:59:22","guid":{"rendered":"https:\/\/vozolpuff.de\/?post_type=product&#038;p=898"},"modified":"2026-01-15T11:55:29","modified_gmt":"2026-01-15T10:55:29","slug":"vozol-rave-40000-strawberry-ice","status":"publish","type":"product","link":"https:\/\/vozolpuff.de\/hu\/termek\/vozol-rave-40000-strawberry-ice\/","title":{"rendered":"Vozol Rave 40000 eper j\u00e9g"},"content":{"rendered":"<h2 class=\"text-xl font-bold text-text-100 mt-1 -mb-0.5\">Vozol Rave 40000 Strawberry Ice eldobhat\u00f3 e-cigaretta<\/h2>\n<p class=\"whitespace-normal break-words\">A <strong>VOZOL RAVE 40000 slukk Strawberry Ice eldobhat\u00f3<\/strong> elragad\u00f3, \u00e9rett eper \u00e9des arom\u00e1j\u00e1val \u00e9s friss\u00edt\u0151en h\u0171s\u00edt\u0151 \u00f6sszetev\u0151ivel. Leny\u0171g\u00f6z\u0151 40 000 sz\u00edv\u00e1s kapacit\u00e1s\u00e1val \u00e9s nagy teljes\u00edtm\u00e9ny\u0171 1000 mAh-s akkumul\u00e1tor\u00e1val ez az e-cigaretta \u00faj m\u00e9rc\u00e9t \u00e1ll\u00edt fel az eldobhat\u00f3 kateg\u00f3ri\u00e1ban. Az innovat\u00edv, 270\u00b0-os Beat-Sensing funkci\u00f3val rendelkez\u0151 3D-Curved kijelz\u0151 \u00e9s a rugalmas \u00fczemm\u00f3dok p\u00e1ratlan Strawberry-Cool \u00edz\u00e9lm\u00e9nyt ny\u00fajtanak.<\/p>\n<h3 class=\"text-lg font-bold text-text-100 mt-1 -mb-1.5\">VOZOL RAVE 40000 Strawberry Ice tulajdons\u00e1gok:<\/h3>\n<p class=\"whitespace-normal break-words\"><strong>Folyad\u00e9ktartalom:<\/strong> 20 ml pr\u00e9mium eper j\u00e9g e-liquid<br \/>\n<strong>Energiaforr\u00e1s:<\/strong> 1000 mAh \u00fajrat\u00f6lthet\u0151 Li-ion akkumul\u00e1tor<br \/>\n<strong>G\u0151zkibocs\u00e1t\u00e1s:<\/strong> Ak\u00e1r 40 000 h\u00faz\u00e1s (Eco m\u00f3d) | 25 000 h\u00faz\u00e1s (Max m\u00f3d)<br \/>\n<strong>Nikotin-tartalom:<\/strong> 5% (50 mg) intenz\u00edv torokhat\u00e1s\u00e9rt<br \/>\n<strong>Tekercstechnol\u00f3gia:<\/strong> High-end h\u00e1l\u00f3s p\u00e1rologtat\u00f3 a tiszta arom\u00e1k\u00e9rt<br \/>\n<strong>L\u00e9g\u00e1raml\u00e1si rendszer:<\/strong> V\u00e1ltoztathat\u00f3 leveg\u0151ell\u00e1t\u00e1s-be\u00e1ll\u00edt\u00e1s<br \/>\n<strong>Monitor kijelz\u0151:<\/strong> Intelligens kijelz\u0151 az \u00e1llapotfigyel\u00e9shez<br \/>\n<strong>\u00c9rz\u00e9kel\u0151 kijelz\u0151:<\/strong> 270\u00b0 \u00fctem\u00e9rz\u00e9keny technol\u00f3gia<br \/>\n<strong>Sz\u00edv\u00e1si m\u00f3dok:<\/strong> K\u00edm\u00e9letes \u00e9s intenz\u00edv \u00fczemm\u00f3dok \u00e1llnak rendelkez\u00e9sre<br \/>\n<strong>Hardver:<\/strong> Kett\u0151s MCU feldolgoz\u00f3 egys\u00e9gek a S.i.L.C Tech-t\u0151l<\/p>\n<h3 class=\"text-lg font-bold text-text-100 mt-1 -mb-1.5\">Fedezzen fel t\u00f6bb VOZOL VAPE-t a vozolpuff-on<\/h3>\n<p class=\"whitespace-normal break-words\">Fedezzen fel t\u00f6bb kiv\u00e1l\u00f3 min\u0151s\u00e9g\u0171 e-cigarett\u00e1t a <strong><a class=\"underline\" href=\"https:\/\/vozolpuff.de\/hu\/\">Online bolt<\/a><\/strong> vagy fedezze fel a teljes <strong><a class=\"underline\" href=\"https:\/\/vozolpuff.de\/hu\/product-category\/vozol-vape\/\">VOZOL VAPE term\u00e9kcsal\u00e1d<\/a><\/strong>. Az \u00f6sszes kaphat\u00f3 \u00edzt megtal\u00e1lja a <strong><a class=\"underline\" href=\"https:\/\/vozolpuff.de\/hu\/product-category\/vozol-vape\/vozol-rave-40000\/\">Vozol Rave 40000 kollekci\u00f3<\/a><\/strong>.<\/p>","protected":false},"excerpt":{"rendered":"<p>A <strong>VOZOL RAVE 40000 Strawberry Ice eldobhat\u00f3 e-cigaretta<\/strong> \u00e9des eperarom\u00e1val \u00e9s friss\u00edt\u0151en h\u0171s\u00edt\u0151 \u00f6sszetev\u0151vel, ak\u00e1r 40 000 slukkra elegend\u0151. 20 ml pr\u00e9mium e-liquiddel, 1000 mAh \u00fajrat\u00f6lthet\u0151 akkumul\u00e1torral \u00e9s innovat\u00edv, 270\u00b0-os Beat-Sensing funkci\u00f3val ell\u00e1tott 3D-Curved kijelz\u0151vel. Rugalmas \u00fczemm\u00f3dok, cs\u00facskateg\u00f3ri\u00e1s h\u00e1l\u00f3s p\u00e1rologtat\u00f3 \u00e9s S.i.L.C Dual MCU-Processing. Nikotintartalom: 5% (50 mg).<\/p>","protected":false},"featured_media":901,"comment_status":"open","ping_status":"closed","template":"","meta":{"_acf_changed":false},"product_brand":[],"product_cat":[32],"product_tag":[],"class_list":{"0":"post-898","1":"product","2":"type-product","3":"status-publish","4":"has-post-thumbnail","6":"product_cat-vozol-rave-40000","8":"first","9":"instock","10":"shipping-taxable","11":"purchasable","12":"product-type-variable"},"acf":[],"_links":{"self":[{"href":"https:\/\/vozolpuff.de\/hu\/wp-json\/wp\/v2\/product\/898","targetHints":{"allow":["GET"]}}],"collection":[{"href":"https:\/\/vozolpuff.de\/hu\/wp-json\/wp\/v2\/product"}],"about":[{"href":"https:\/\/vozolpuff.de\/hu\/wp-json\/wp\/v2\/types\/product"}],"replies":[{"embeddable":true,"href":"https:\/\/vozolpuff.de\/hu\/wp-json\/wp\/v2\/comments?post=898"}],"wp:featuredmedia":[{"embeddable":true,"href":"https:\/\/vozolpuff.de\/hu\/wp-json\/wp\/v2\/media\/901"}],"wp:attachment":[{"href":"https:\/\/vozolpuff.de\/hu\/wp-json\/wp\/v2\/media?parent=898"}],"wp:term":[{"taxonomy":"product_brand","embeddable":true,"href":"https:\/\/vozolpuff.de\/hu\/wp-json\/wp\/v2\/product_brand?post=898"},{"taxonomy":"product_cat","embeddable":true,"href":"https:\/\/vozolpuff.de\/hu\/wp-json\/wp\/v2\/product_cat?post=898"},{"taxonomy":"product_tag","embeddable":true,"href":"https:\/\/vozolpuff.de\/hu\/wp-json\/wp\/v2\/product_tag?post=898"}],"curies":[{"name":"wp","href":"https:\/\/api.w.org\/{rel}","templated":true}]}}