{"id":908,"date":"2025-08-24T15:05:37","date_gmt":"2025-08-24T13:05:37","guid":{"rendered":"https:\/\/vozolpuff.de\/?post_type=product&#038;p=908"},"modified":"2026-01-15T11:54:55","modified_gmt":"2026-01-15T10:54:55","slug":"vozol-rave-40000-blueberry-watermelon","status":"publish","type":"product","link":"https:\/\/vozolpuff.de\/hu\/termek\/vozol-rave-40000-blueberry-watermelon\/","title":{"rendered":"Vozol Rave 40000 \u00e1fonya g\u00f6r\u00f6gdinnye"},"content":{"rendered":"<h2 class=\"text-xl font-bold text-text-100 mt-1 -mb-0.5\">Vozol Rave 40000 Blueberry Watermelon eldobhat\u00f3 e-cigaretta<\/h2>\n<p class=\"whitespace-normal break-words\">A <strong>VOZOL RAVE 40000 Puffok \u00e1fonya g\u00f6r\u00f6gdinnye eldobhat\u00f3<\/strong> az \u00e9rett \u00e1fonya \u00e9dess\u00e9g\u00e9t \u00e9s a g\u00f6r\u00f6gdinnye friss\u00edt\u0151 l\u00e9d\u00fass\u00e1g\u00e1t \u00f6tv\u00f6zi, \u00edgy t\u00f6k\u00e9letes gy\u00fcm\u00f6lcskompoz\u00edci\u00f3t alkot. Ez az innovat\u00edv eldobhat\u00f3 vape hihetetlen 40.000 puffot biztos\u00edt, \u00e9s egy robusztus 1000mAh-s \u00fajrat\u00f6lthet\u0151 akkumul\u00e1torral pontoz. A forradalmi 270\u00b0-os \u00fctem\u00e9rz\u00e9kel\u0151 technol\u00f3gia \u00edvelt 3D k\u00e9perny\u0151vel \u00e9s a v\u00e1ltoztathat\u00f3 g\u0151z\u00f6l\u00e9si m\u00f3dok biztos\u00edtj\u00e1k a hiteles \u00e1fony\u00e1s- g\u00f6r\u00f6gdinny\u00e9s \u00e9lm\u00e9nyt.<\/p>\n<h3 class=\"text-lg font-bold text-text-100 mt-1 -mb-1.5\">VOZOL RAVE 40000 \u00e1fonya g\u00f6r\u00f6gdinnye specifik\u00e1ci\u00f3:<\/h3>\n<p class=\"whitespace-normal break-words\"><strong>T\u00f6lt\u00e9si mennyis\u00e9g:<\/strong> 20mL gy\u00fcm\u00f6lcs\u00f6s \u00e1fonya g\u00f6r\u00f6gdinnye E-folyad\u00e9k<br \/>\n<strong>Energiaforr\u00e1s:<\/strong> 1000mAh l\u00edtium akkumul\u00e1tor Type-C porttal<br \/>\n<strong>G\u0151zciklusok:<\/strong> Maximum 40.000 l\u00e9p\u00e9s (norm\u00e1l) | 25.000 l\u00e9p\u00e9s (intenz\u00edv)<br \/>\n<strong>Nikotin tartalom:<\/strong> 5% (50mg) az er\u0151teljes torok\u00fct\u00e9s\u00e9rt<br \/>\n<strong>P\u00e1rologtat\u00f3 mag:<\/strong> Mesh tekercs technol\u00f3gia az optim\u00e1lis \u00edz\u00e9rt<br \/>\n<strong>Vonatir\u00e1ny\u00edt\u00e1s:<\/strong> Ig\u00e9ny szerint \u00e1ll\u00edthat\u00f3 l\u00e9g\u00e1raml\u00e1s<br \/>\n<strong>\u00c1llapotmegjelen\u00edt\u00e9s:<\/strong> Intelligens LCD kijelz\u0151 minden param\u00e9terhez<br \/>\n<strong>\u00c9rz\u00e9kel\u0151i visszajelz\u00e9s:<\/strong> 270\u00b0-os \u00fctem\u00e9rz\u00e9kel\u00e9s val\u00f3s idej\u0171 reakci\u00f3val<br \/>\n<strong>G\u0151zprofilok:<\/strong> Enyhe \u00e9s er\u0151s profil v\u00e1laszthat\u00f3<br \/>\n<strong>Mikroprocesszor:<\/strong> Dual MCU egys\u00e9gek az S.i.L.C.Tech-t\u0151l<\/p>\n<h3 class=\"text-lg font-bold text-text-100 mt-1 -mb-1.5\">Fedezzen fel t\u00f6bb VOZOL VAPE-t a vozolpuff-on<\/h3>\n<p class=\"whitespace-normal break-words\">Fedezzen fel t\u00f6bb kiv\u00e1l\u00f3 min\u0151s\u00e9g\u0171 e-cigarett\u00e1t a <strong><a class=\"underline\" href=\"https:\/\/vozolpuff.de\/hu\/\">Online bolt<\/a><\/strong> vagy fedezze fel a teljes <strong><a class=\"underline\" href=\"https:\/\/vozolpuff.de\/hu\/product-category\/vozol-vape\/\">VOZOL VAPE term\u00e9kcsal\u00e1d<\/a><\/strong>. Az \u00f6sszes kaphat\u00f3 \u00edzt megtal\u00e1lja a <strong><a class=\"underline\" href=\"https:\/\/vozolpuff.de\/hu\/product-category\/vozol-vape\/vozol-rave-40000\/\">Vozol Rave 40000 kollekci\u00f3<\/a><\/strong>.<\/p>","protected":false},"excerpt":{"rendered":"<p>A <strong>VOZOL RAVE 40000 \u00c1fonya g\u00f6r\u00f6gdinnye eldobhat\u00f3 e-cigaretta<\/strong> az \u00e9des \u00e1fony\u00e1t friss\u00edt\u0151 g\u00f6r\u00f6gdinny\u00e9vel kombin\u00e1lja, hogy t\u00f6k\u00e9letes gy\u00fcm\u00f6lcskompoz\u00edci\u00f3t hozzon l\u00e9tre ak\u00e1r 40 000 puffan\u00e1sig. 20mL e-folyad\u00e9kkal, robusztus 1000mAh \u00fajrat\u00f6lthet\u0151 akkumul\u00e1torral \u00e9s forradalmi 270\u00b0-os \u00fctem\u00e9rz\u00e9kel\u0151 technol\u00f3gi\u00e1val 3D k\u00e9perny\u0151vel. V\u00e1ltoz\u00f3 g\u0151z\u00f6l\u00e9si m\u00f3dok, h\u00e1l\u00f3s tekercs technol\u00f3gia \u00e9s S.i.L.C kett\u0151s MCU egys\u00e9gek. Nikotin tartalom: 5% (50mg).<\/p>","protected":false},"featured_media":911,"comment_status":"open","ping_status":"closed","template":"","meta":{"_acf_changed":false},"product_brand":[],"product_cat":[32],"product_tag":[],"class_list":{"0":"post-908","1":"product","2":"type-product","3":"status-publish","4":"has-post-thumbnail","6":"product_cat-vozol-rave-40000","8":"first","9":"instock","10":"shipping-taxable","11":"purchasable","12":"product-type-variable"},"acf":[],"_links":{"self":[{"href":"https:\/\/vozolpuff.de\/hu\/wp-json\/wp\/v2\/product\/908","targetHints":{"allow":["GET"]}}],"collection":[{"href":"https:\/\/vozolpuff.de\/hu\/wp-json\/wp\/v2\/product"}],"about":[{"href":"https:\/\/vozolpuff.de\/hu\/wp-json\/wp\/v2\/types\/product"}],"replies":[{"embeddable":true,"href":"https:\/\/vozolpuff.de\/hu\/wp-json\/wp\/v2\/comments?post=908"}],"wp:featuredmedia":[{"embeddable":true,"href":"https:\/\/vozolpuff.de\/hu\/wp-json\/wp\/v2\/media\/911"}],"wp:attachment":[{"href":"https:\/\/vozolpuff.de\/hu\/wp-json\/wp\/v2\/media?parent=908"}],"wp:term":[{"taxonomy":"product_brand","embeddable":true,"href":"https:\/\/vozolpuff.de\/hu\/wp-json\/wp\/v2\/product_brand?post=908"},{"taxonomy":"product_cat","embeddable":true,"href":"https:\/\/vozolpuff.de\/hu\/wp-json\/wp\/v2\/product_cat?post=908"},{"taxonomy":"product_tag","embeddable":true,"href":"https:\/\/vozolpuff.de\/hu\/wp-json\/wp\/v2\/product_tag?post=908"}],"curies":[{"name":"wp","href":"https:\/\/api.w.org\/{rel}","templated":true}]}}