{"id":913,"date":"2025-08-24T15:08:26","date_gmt":"2025-08-24T13:08:26","guid":{"rendered":"https:\/\/vozolpuff.de\/?post_type=product&#038;p=913"},"modified":"2026-01-15T11:54:43","modified_gmt":"2026-01-15T10:54:43","slug":"vozol-rave-40000-mango-peach","status":"publish","type":"product","link":"https:\/\/vozolpuff.de\/hu\/termek\/vozol-rave-40000-mango-peach\/","title":{"rendered":"Vozol Rave 40000 Mango Barack"},"content":{"rendered":"<h2 class=\"text-xl font-bold text-text-100 mt-1 -mb-0.5\">Vozol Rave 40000 Mango Peach eldobhat\u00f3 e-cigaretta<\/h2>\n<p class=\"whitespace-normal break-words\">A <strong>VOZOL RAVE 40000 sz\u00edv\u00e1s Mango Peach Vape<\/strong> A tr\u00f3pusi mang\u00f3 \u00e9des \u00edz\u00e9t \u00f6tv\u00f6zi az \u00e9rett \u0151szibarack b\u00e1rsonyos l\u00e1gyas\u00e1g\u00e1val, \u00edgy egzotikus \u00edz\u00e9lm\u00e9nyt ny\u00fajt. Ez a pr\u00e9mium eldobhat\u00f3 e-cigaretta szenz\u00e1ci\u00f3s 40 000 slukkot \u00e9s egy nagy teljes\u00edtm\u00e9ny\u0171 1000 mAh-s akkumul\u00e1tort k\u00edn\u00e1l, amely hetekig tart\u00f3 haszn\u00e1latot biztos\u00edt. A futurisztikus, 3D fel\u00fclet\u0171, 270\u00b0-os Beat-Sensing kijelz\u0151 \u00e9s az intelligens t\u0171zmodusok kompromisszumok n\u00e9lk\u00fcli, els\u0151 oszt\u00e1ly\u00fa mang\u00f3-barackos g\u0151z\u00e9lm\u00e9nyt ny\u00fajtanak.<\/p>\n<h3 class=\"text-lg font-bold text-text-100 mt-1 -mb-1.5\">VOZOL RAVE 40000 Mango Peach term\u00e9kjellemz\u0151k:<\/h3>\n<p class=\"whitespace-normal break-words\"><strong>Tart\u00e1ly kapacit\u00e1sa:<\/strong> 20 ml tr\u00f3pusi mang\u00f3-barack folyad\u00e9k<br \/>\n<strong>Akkumul\u00e1tor-rendszer:<\/strong> 1000 mAh, gyors USB-C t\u00f6lt\u00e9ssel<br \/>\n<strong>Puff teljes\u00edtm\u00e9ny:<\/strong> K\u00f6r\u00fclbel\u00fcl 40 000 l\u00e9p\u00e9s (Easy m\u00f3d) | 25 000 l\u00e9p\u00e9s (Power m\u00f3d)<br \/>\n<strong>Nikotin adag:<\/strong> 5% (50 mg) intenz\u00edv g\u00e9ge\u00fct\u00e9shez<br \/>\n<strong>F\u0171t\u0151tekercs:<\/strong> Advanced Mesh-Coils a tiszta \u00edz\u00e1tad\u00e1s\u00e9rt<br \/>\n<strong>Szell\u0151z\u00e9s be\u00e1ll\u00edt\u00e1sa:<\/strong> Rugalmas l\u00e9g\u00e1raml\u00e1s az egy\u00e9ni sz\u00edv\u00e1shoz<br \/>\n<strong>Intelligens interf\u00e9sz:<\/strong> Minden funkci\u00f3 digit\u00e1lis \u00e1llapotfigyel\u00e9se<br \/>\n<strong>Beat-rendszer:<\/strong> 270\u00b0-os dinamikus v\u00e1laszid\u0151<br \/>\n<strong>Aktiv\u00e1l\u00e1si m\u00f3dok:<\/strong> K\u00e9nyelem \u00e9s nagy teljes\u00edtm\u00e9ny\u0171 divat<br \/>\n<strong>CPU teljes\u00edtm\u00e9ny:<\/strong> Kett\u0151s MCU architekt\u00fara, S.i.L.C Tech technol\u00f3gi\u00e1val<\/p>\n<h3 class=\"text-lg font-bold text-text-100 mt-1 -mb-1.5\">Fedezzen fel t\u00f6bb VOZOL VAPE-t a vozolpuff-on<\/h3>\n<p class=\"whitespace-normal break-words\">Fedezzen fel t\u00f6bb kiv\u00e1l\u00f3 min\u0151s\u00e9g\u0171 e-cigarett\u00e1t a <strong><a class=\"underline\" href=\"https:\/\/vozolpuff.de\/hu\/\">Online bolt<\/a><\/strong> vagy fedezze fel a teljes <strong><a class=\"underline\" href=\"https:\/\/vozolpuff.de\/hu\/product-category\/vozol-vape\/\">VOZOL VAPE term\u00e9kcsal\u00e1d<\/a><\/strong>. Az \u00f6sszes kaphat\u00f3 \u00edzt megtal\u00e1lja a <strong><a class=\"underline\" href=\"https:\/\/vozolpuff.de\/hu\/product-category\/vozol-vape\/vozol-rave-40000\/\">Vozol Rave 40000 kollekci\u00f3<\/a><\/strong>.<\/p>","protected":false},"excerpt":{"rendered":"<p>A <strong>VOZOL RAVE 40000 Mango Peach eldobhat\u00f3 e-cigaretta<\/strong> A tr\u00f3pusi mang\u00f3 \u00e9des \u00edz\u00e9t \u00e9s a b\u00e1rsonyos \u0151szibarack l\u00e1gy \u00edz\u00e9t \u00f6tv\u00f6zi egy egzotikus \u00edz\u00e9lm\u00e9nyben, amely ak\u00e1r 40 000 slukkra is elegend\u0151. 20 ml folyad\u00e9k kapacit\u00e1ssal, nagy teljes\u00edtm\u00e9ny\u0171 1000 mAh USB-C akkumul\u00e1torral \u00e9s futurisztikus 270\u00b0-os Beat-Sensing kijelz\u0151vel, 3D fel\u00fclettel. Intelligens t\u0171z m\u00f3dok, fejlett h\u00e1l\u00f3s tekercsek \u00e9s S.i.L.C kett\u0151s MCU architekt\u00fara. Nikotin adag: 5% (50 mg).<\/p>","protected":false},"featured_media":916,"comment_status":"open","ping_status":"closed","template":"","meta":{"_acf_changed":false},"product_brand":[],"product_cat":[32],"product_tag":[],"class_list":{"0":"post-913","1":"product","2":"type-product","3":"status-publish","4":"has-post-thumbnail","6":"product_cat-vozol-rave-40000","8":"first","9":"instock","10":"shipping-taxable","11":"purchasable","12":"product-type-variable"},"acf":[],"_links":{"self":[{"href":"https:\/\/vozolpuff.de\/hu\/wp-json\/wp\/v2\/product\/913","targetHints":{"allow":["GET"]}}],"collection":[{"href":"https:\/\/vozolpuff.de\/hu\/wp-json\/wp\/v2\/product"}],"about":[{"href":"https:\/\/vozolpuff.de\/hu\/wp-json\/wp\/v2\/types\/product"}],"replies":[{"embeddable":true,"href":"https:\/\/vozolpuff.de\/hu\/wp-json\/wp\/v2\/comments?post=913"}],"wp:featuredmedia":[{"embeddable":true,"href":"https:\/\/vozolpuff.de\/hu\/wp-json\/wp\/v2\/media\/916"}],"wp:attachment":[{"href":"https:\/\/vozolpuff.de\/hu\/wp-json\/wp\/v2\/media?parent=913"}],"wp:term":[{"taxonomy":"product_brand","embeddable":true,"href":"https:\/\/vozolpuff.de\/hu\/wp-json\/wp\/v2\/product_brand?post=913"},{"taxonomy":"product_cat","embeddable":true,"href":"https:\/\/vozolpuff.de\/hu\/wp-json\/wp\/v2\/product_cat?post=913"},{"taxonomy":"product_tag","embeddable":true,"href":"https:\/\/vozolpuff.de\/hu\/wp-json\/wp\/v2\/product_tag?post=913"}],"curies":[{"name":"wp","href":"https:\/\/api.w.org\/{rel}","templated":true}]}}