{"id":918,"date":"2025-08-24T15:11:26","date_gmt":"2025-08-24T13:11:26","guid":{"rendered":"https:\/\/vozolpuff.de\/?post_type=product&#038;p=918"},"modified":"2026-01-15T11:54:31","modified_gmt":"2026-01-15T10:54:31","slug":"vozol-rave-40000-strawberry-watermelon","status":"publish","type":"product","link":"https:\/\/vozolpuff.de\/hu\/termek\/vozol-rave-40000-strawberry-watermelon\/","title":{"rendered":"Vozol Rave 40000 Eper g\u00f6r\u00f6gdinnye"},"content":{"rendered":"<h2 class=\"text-xl font-bold text-text-100 mt-1 -mb-0.5\">Vozol Rave 40000 Eper-g\u00f6r\u00f6gdinnye eldobhat\u00f3 e-cigaretta<\/h2>\n<p class=\"whitespace-normal break-words\">A <strong>VOZOL RAVE 40000 slukk Strawberry Watermelon eldobhat\u00f3<\/strong> harmonikus kever\u00e9ke az \u00e9des epernek \u00e9s a l\u00e9d\u00fas g\u00f6r\u00f6gdinny\u00e9nek, ny\u00e1ri g\u0151z\u00f6lg\u00e9si \u00e9lm\u00e9nyt ny\u00fajtva. Kiv\u00e9teles 40 000 sz\u00edv\u00e1s teljes\u00edtm\u00e9ny\u00e9vel \u00e9s er\u0151teljes 1000 mAh-s \u00fajrat\u00f6lthet\u0151 akkumul\u00e1tor\u00e1val ez az e-cigaretta \u00faj \u00e9rtelmet ad a tart\u00f3ss\u00e1gnak. Az innovat\u00edv, 270\u00b0-os ritmusfelismer\u00e9ssel rendelkez\u0151 3D-Curved kijelz\u0151 \u00e9s az adapt\u00edv \u00fczemm\u00f3dok p\u00e1ratlan eper-g\u00f6r\u00f6gdinnye \u00edz\u00e9lm\u00e9nyt garant\u00e1lnak.<\/p>\n<h3 class=\"text-lg font-bold text-text-100 mt-1 -mb-1.5\">VOZOL RAVE 40000 Eper-g\u00f6r\u00f6gdinnye r\u00e9szletek:<\/h3>\n<p class=\"whitespace-normal break-words\"><strong>Folyad\u00e9ktart\u00e1ly:<\/strong> 20 ml gy\u00fcm\u00f6lcs\u00f6s eper-g\u00f6r\u00f6gdinnye kever\u00e9k<br \/>\n<strong>T\u00e1pegys\u00e9g:<\/strong> 1000 mAh Li-ion, Type-C gyors t\u00f6lt\u0151csatlakoz\u00f3val<br \/>\n<strong>Bel\u00e9gz\u00e9si kapacit\u00e1s:<\/strong> Ak\u00e1r 40 000 mozdulat (norm\u00e1l \u00fczemm\u00f3d) | 25 000 mozdulat (turb\u00f3 \u00fczemm\u00f3d)<br \/>\n<strong>Nikotin-er\u0151ss\u00e9g:<\/strong> 5% (50 mg) kifejezett torok\u00e9rz\u00e9s\u00e9rt<br \/>\n<strong>Tekercs kialak\u00edt\u00e1sa:<\/strong> Precision Mesh technol\u00f3gia az autentikus \u00edzek\u00e9rt<br \/>\n<strong>\u00c1raml\u00e1sszab\u00e1lyoz\u00e1s:<\/strong> Fokozatmentes l\u00e9g\u00e1raml\u00e1s-be\u00e1ll\u00edt\u00e1s<br \/>\n<strong>Display-Tech:<\/strong> Intelligens kijelz\u0151 a rendszerfigyel\u00e9shez<br \/>\n<strong>Beat \u00e9rz\u00e9kel\u00e9s:<\/strong> 270\u00b0 interakt\u00edv kijelz\u0151 reakci\u00f3<br \/>\n<strong>G\u0151zbe\u00e1ll\u00edt\u00e1sok:<\/strong> K\u00edm\u00e9letes be\u00e1ll\u00edt\u00e1s \u00e9s intenz\u00edv be\u00e1ll\u00edt\u00e1s<br \/>\n<strong>Vez\u00e9rl\u0151 chipek:<\/strong> Kett\u0151s MCU-feldolgoz\u00e1s a S.i.L.C Tech-t\u0151l<\/p>\n<h3 class=\"text-lg font-bold text-text-100 mt-1 -mb-1.5\">Fedezzen fel t\u00f6bb VOZOL VAPE-t a vozolpuff-on<\/h3>\n<p class=\"whitespace-normal break-words\">Fedezzen fel t\u00f6bb kiv\u00e1l\u00f3 min\u0151s\u00e9g\u0171 e-cigarett\u00e1t a <strong><a class=\"underline\" href=\"https:\/\/vozolpuff.de\/hu\/\">Online bolt<\/a><\/strong> vagy fedezze fel a teljes <strong><a class=\"underline\" href=\"https:\/\/vozolpuff.de\/hu\/product-category\/vozol-vape\/\">VOZOL VAPE term\u00e9kcsal\u00e1d<\/a><\/strong>. Az \u00f6sszes kaphat\u00f3 \u00edzt megtal\u00e1lja a <strong><a class=\"underline\" href=\"https:\/\/vozolpuff.de\/hu\/product-category\/vozol-vape\/vozol-rave-40000\/\">Vozol Rave 40000 kollekci\u00f3<\/a><\/strong>.<\/p>","protected":false},"excerpt":{"rendered":"<p>A <strong>VOZOL RAVE 40000 Eper-g\u00f6r\u00f6gdinnye eldobhat\u00f3 e-cigaretta<\/strong> Harmonikus \u00f6tv\u00f6zete az \u00e9des epernek \u00e9s a l\u00e9d\u00fas g\u00f6r\u00f6gdinny\u00e9nek, ny\u00e1ri g\u0151z\u00f6lg\u00e9si \u00e9lm\u00e9nyt ny\u00fajtva ak\u00e1r 40 000 sz\u00edv\u00e1ssal. Er\u0151teljes, 1000 mAh-s \u00fajrat\u00f6lthet\u0151 Li-Ion akkumul\u00e1torral, 20 ml-es folyad\u00e9ktart\u00e1llyal \u00e9s innovat\u00edv, 270\u00b0-os ritmusfelismer\u00e9s\u0171, 3D-s \u00edvelt kijelz\u0151vel. Adapt\u00edv \u00fczemm\u00f3dok, Precision Mesh technol\u00f3gia \u00e9s S.i.L.C Dual MCU-Processing. Nikotintartalom: 5% (50 mg).<\/p>","protected":false},"featured_media":921,"comment_status":"open","ping_status":"closed","template":"","meta":{"_acf_changed":false},"product_brand":[],"product_cat":[32],"product_tag":[],"class_list":{"0":"post-918","1":"product","2":"type-product","3":"status-publish","4":"has-post-thumbnail","6":"product_cat-vozol-rave-40000","8":"first","9":"instock","10":"shipping-taxable","11":"purchasable","12":"product-type-variable"},"acf":[],"_links":{"self":[{"href":"https:\/\/vozolpuff.de\/hu\/wp-json\/wp\/v2\/product\/918","targetHints":{"allow":["GET"]}}],"collection":[{"href":"https:\/\/vozolpuff.de\/hu\/wp-json\/wp\/v2\/product"}],"about":[{"href":"https:\/\/vozolpuff.de\/hu\/wp-json\/wp\/v2\/types\/product"}],"replies":[{"embeddable":true,"href":"https:\/\/vozolpuff.de\/hu\/wp-json\/wp\/v2\/comments?post=918"}],"wp:featuredmedia":[{"embeddable":true,"href":"https:\/\/vozolpuff.de\/hu\/wp-json\/wp\/v2\/media\/921"}],"wp:attachment":[{"href":"https:\/\/vozolpuff.de\/hu\/wp-json\/wp\/v2\/media?parent=918"}],"wp:term":[{"taxonomy":"product_brand","embeddable":true,"href":"https:\/\/vozolpuff.de\/hu\/wp-json\/wp\/v2\/product_brand?post=918"},{"taxonomy":"product_cat","embeddable":true,"href":"https:\/\/vozolpuff.de\/hu\/wp-json\/wp\/v2\/product_cat?post=918"},{"taxonomy":"product_tag","embeddable":true,"href":"https:\/\/vozolpuff.de\/hu\/wp-json\/wp\/v2\/product_tag?post=918"}],"curies":[{"name":"wp","href":"https:\/\/api.w.org\/{rel}","templated":true}]}}