{"id":923,"date":"2025-08-24T15:14:08","date_gmt":"2025-08-24T13:14:08","guid":{"rendered":"https:\/\/vozolpuff.de\/?post_type=product&#038;p=923"},"modified":"2026-01-15T11:54:19","modified_gmt":"2026-01-15T10:54:19","slug":"vozol-rave-40000-cool-mint","status":"publish","type":"product","link":"https:\/\/vozolpuff.de\/hu\/termek\/vozol-rave-40000-cool-mint\/","title":{"rendered":"Vozol Rave 40000 Cool Mint"},"content":{"rendered":"<h2 class=\"text-xl font-bold text-text-100 mt-1 -mb-0.5\">Vozol Rave 40000 Cool Mint eldobhat\u00f3 e-cigaretta<\/h2>\n<p class=\"whitespace-normal break-words\">A <strong>VOZOL RAVE 40000 puff Cool Mint Vape<\/strong> klasszikusan friss\u00edt\u0151 menta\u00e9lm\u00e9nyt k\u00edn\u00e1l intenz\u00edv h\u0171t\u00e9ssel a tiszta \u00edzek kedvel\u0151inek. Ez a kiv\u00e1l\u00f3 min\u0151s\u00e9g\u0171 eldobhat\u00f3 e-cigaretta leny\u0171g\u00f6z\u0151 40.000 puffol\u00e1ssal \u00e9s megb\u00edzhat\u00f3 1000mAh akkumul\u00e1torral rendelkezik a maxim\u00e1lis tart\u00f3ss\u00e1g \u00e9rdek\u00e9ben. A 3D technol\u00f3gi\u00e1val ell\u00e1tott, l\u00e1tv\u00e1nyos 270\u00b0-os \u00fctem\u00e9rz\u00e9kel\u0151s kijelz\u0151 \u00e9s a kett\u0151s aktiv\u00e1l\u00e1si m\u00f3d t\u00f6k\u00e9letes h\u0171s\u00edt\u0151 mentolos g\u0151z\u00e9lm\u00e9nyt teremt friss\u00edt\u0151 tisztas\u00e1ggal.<\/p>\n<h3 class=\"text-lg font-bold text-text-100 mt-1 -mb-1.5\">VOZOL RAVE 40000 Cool Mint Jellemz\u0151k:<\/h3>\n<p class=\"whitespace-normal break-words\"><strong>E-folyad\u00e9k t\u00e9rfogata:<\/strong> 20ml intenz\u00edv h\u0171v\u00f6s menta \u00edz<br \/>\n<strong>Az akkumul\u00e1tor teljes\u00edtm\u00e9nye:<\/strong> 1000mAh USB Type-C t\u00f6lt\u00e9si funkci\u00f3val<br \/>\n<strong>Vonatok tartom\u00e1nya:<\/strong> Kb. 40.000 l\u00e9p\u00e9s (standard m\u00f3d) | 25.000 l\u00e9p\u00e9s (boost m\u00f3d)<br \/>\n<strong>Nikotinszint:<\/strong> 5% (50mg) az er\u0151teljes torokhat\u00e1s\u00e9rt<br \/>\n<strong>P\u00e1rologtat\u00f3 technol\u00f3gia:<\/strong> Nagy teljes\u00edtm\u00e9ny\u0171 h\u00e1l\u00f3s tekercsek<br \/>\n<strong>L\u00e9g\u00e1raml\u00e1s-szab\u00e1lyoz\u00e1s:<\/strong> Pontosan szab\u00e1lyozhat\u00f3 l\u00e9gkering\u00e9s<br \/>\n<strong>Vez\u00e9rl\u0151 kijelz\u0151:<\/strong> Digit\u00e1lis interf\u00e9sz az \u00f6sszes m\u0171k\u00f6d\u00e9si adathoz<br \/>\n<strong>Beat-felismer\u00e9s:<\/strong> 270\u00b0-os \u00e9rz\u00e9keny visszajelz\u0151 technol\u00f3gia<br \/>\n<strong>Sz\u00edv\u00e1si m\u00f3dok:<\/strong> Sima p\u00e1rologtat\u00e1s \u00e9s teljes\u00edtm\u00e9ny p\u00e1rologtat\u00e1s el\u00e9rhet\u0151<br \/>\n<strong>Elektronika:<\/strong> Dual MCU rendszer a S.i.L.C.Tech-t\u0151l<\/p>\n<h3 class=\"text-lg font-bold text-text-100 mt-1 -mb-1.5\">Fedezzen fel t\u00f6bb VOZOL VAPE-t a vozolpuff-on<\/h3>\n<p class=\"whitespace-normal break-words\">Fedezzen fel t\u00f6bb kiv\u00e1l\u00f3 min\u0151s\u00e9g\u0171 e-cigarett\u00e1t a <strong><a class=\"underline\" href=\"https:\/\/vozolpuff.de\/hu\/\">Online bolt<\/a><\/strong> vagy fedezze fel a teljes <strong><a class=\"underline\" href=\"https:\/\/vozolpuff.de\/hu\/product-category\/vozol-vape\/\">VOZOL VAPE term\u00e9kcsal\u00e1d<\/a><\/strong>. Az \u00f6sszes kaphat\u00f3 \u00edzt megtal\u00e1lja a <strong><a class=\"underline\" href=\"https:\/\/vozolpuff.de\/hu\/product-category\/vozol-vape\/vozol-rave-40000\/\">Vozol Rave 40000 kollekci\u00f3<\/a><\/strong>.<\/p>","protected":false},"excerpt":{"rendered":"<p>A <strong>VOZOL RAVE 40000 Cool Mint eldobhat\u00f3 e-cigaretta<\/strong> klasszikus friss\u00edt\u0151 mentolos \u00e9lm\u00e9nyt ny\u00fajt intenz\u00edv h\u0171t\u00e9ssel, ak\u00e1r 40 000 f\u00faj\u00e1sig. Megb\u00edzhat\u00f3 1000mAh USB Type-C akkumul\u00e1torral, 20ml Cool Mint \u00edzzel \u00e9s l\u00e1tv\u00e1nyos 270\u00b0-os, 3D technol\u00f3gi\u00e1val ell\u00e1tott, \u00fctem\u00e9rz\u00e9kel\u0151s kijelz\u0151vel. Kett\u0151s aktiv\u00e1l\u00e1si m\u00f3d, nagy teljes\u00edtm\u00e9ny\u0171 h\u00e1l\u00f3s tekercsek \u00e9s S.i.L.C Dual MCU rendszer. Nikotinszint: 5% (50mg).<\/p>","protected":false},"featured_media":926,"comment_status":"open","ping_status":"closed","template":"","meta":{"_acf_changed":false},"product_brand":[],"product_cat":[32],"product_tag":[],"class_list":{"0":"post-923","1":"product","2":"type-product","3":"status-publish","4":"has-post-thumbnail","6":"product_cat-vozol-rave-40000","8":"first","9":"instock","10":"shipping-taxable","11":"purchasable","12":"product-type-variable"},"acf":[],"_links":{"self":[{"href":"https:\/\/vozolpuff.de\/hu\/wp-json\/wp\/v2\/product\/923","targetHints":{"allow":["GET"]}}],"collection":[{"href":"https:\/\/vozolpuff.de\/hu\/wp-json\/wp\/v2\/product"}],"about":[{"href":"https:\/\/vozolpuff.de\/hu\/wp-json\/wp\/v2\/types\/product"}],"replies":[{"embeddable":true,"href":"https:\/\/vozolpuff.de\/hu\/wp-json\/wp\/v2\/comments?post=923"}],"wp:featuredmedia":[{"embeddable":true,"href":"https:\/\/vozolpuff.de\/hu\/wp-json\/wp\/v2\/media\/926"}],"wp:attachment":[{"href":"https:\/\/vozolpuff.de\/hu\/wp-json\/wp\/v2\/media?parent=923"}],"wp:term":[{"taxonomy":"product_brand","embeddable":true,"href":"https:\/\/vozolpuff.de\/hu\/wp-json\/wp\/v2\/product_brand?post=923"},{"taxonomy":"product_cat","embeddable":true,"href":"https:\/\/vozolpuff.de\/hu\/wp-json\/wp\/v2\/product_cat?post=923"},{"taxonomy":"product_tag","embeddable":true,"href":"https:\/\/vozolpuff.de\/hu\/wp-json\/wp\/v2\/product_tag?post=923"}],"curies":[{"name":"wp","href":"https:\/\/api.w.org\/{rel}","templated":true}]}}