{"id":933,"date":"2025-08-24T15:35:23","date_gmt":"2025-08-24T13:35:23","guid":{"rendered":"https:\/\/vozolpuff.de\/?post_type=product&#038;p=933"},"modified":"2026-01-15T11:53:51","modified_gmt":"2026-01-15T10:53:51","slug":"vozol-rave-40000-peach-ice","status":"publish","type":"product","link":"https:\/\/vozolpuff.de\/hu\/termek\/vozol-rave-40000-peach-ice\/","title":{"rendered":"Vozol Rave 40000 Barack j\u00e9g"},"content":{"rendered":"<h2 class=\"text-xl font-bold text-text-100 mt-1 -mb-0.5\">Vozol Rave 40000 Peach Ice eldobhat\u00f3 e-cigaretta<\/h2>\n<p class=\"whitespace-normal break-words\">Tapasztalja meg a l\u00e9d\u00fas \u0151szibarack \u00e9s a h\u0171s\u00edt\u0151 j\u00e9g hat\u00e1s friss\u00edt\u0151 kombin\u00e1ci\u00f3j\u00e1t a VOZOL RAVE 40000 Peach Ice-val. Ez a pr\u00e9mium eldobhat\u00f3 e-cigaretta az \u00e9des \u0151szibarack \u00edzeket kombin\u00e1lja a jeges befejez\u00e9ssel a v\u00e9gs\u0151 friss\u00edt\u00e9s \u00e9rdek\u00e9ben. Az ak\u00e1r 40.000 slukkol\u00e1ssal \u00e9s 1000mAh-s \u00fajrat\u00f6lthet\u0151 akkumul\u00e1torral hossz\u00fa ideig \u00e9lvezheti a p\u00e1rolg\u00e1s \u00f6r\u00f6m\u00e9t. Az innovat\u00edv 270\u00b0-os \u00fctem\u00e9rz\u00e9kel\u0151 kijelz\u0151 \u00e9s a k\u00e9t t\u00fczel\u00e9si m\u00f3d szem\u00e9lyre szabott p\u00e1rologtat\u00e1si \u00e9lm\u00e9nyt k\u00edn\u00e1l, amely a maga nem\u00e9ben egyed\u00fcl\u00e1ll\u00f3.<\/p>\n<h3 class=\"text-lg font-bold text-text-100 mt-1 -mb-1.5\">A Peach Ice v\u00e1ltozat m\u0171szaki jellemz\u0151i:<\/h3>\n<p class=\"whitespace-normal break-words\"><strong>E-folyad\u00e9k t\u00e9rfogata:<\/strong> 20mL pr\u00e9mium Barack Ice Liquid<br \/>\n<strong>Az akkumul\u00e1tor teljes\u00edtm\u00e9nye:<\/strong> 1000mAh USB Type-C gyorst\u00f6lt\u00e9ssel<br \/>\n<strong>Vonat kapacit\u00e1sa:<\/strong> Ak\u00e1r 40.000 l\u00e9p\u00e9s (standard) | 25.000 l\u00e9p\u00e9s (boost m\u00f3d)<br \/>\n<strong>Nikotin tartalom:<\/strong> 5% (50mg) az intenz\u00edv \u00edz\u00e9rt<br \/>\n<strong>Tekercsrendszer:<\/strong> Kiv\u00e1l\u00f3 min\u0151s\u00e9g\u0171 h\u00e1l\u00f3s tekercsek az optim\u00e1lis g\u0151ztermel\u00e9shez<br \/>\n<strong>L\u00e9g\u00e1raml\u00e1s-szab\u00e1lyoz\u00e1s:<\/strong> \u00c1ll\u00edthat\u00f3 mer\u00fcl\u00e9s az egy\u00e9ni testreszab\u00e1shoz<br \/>\n<strong>Intelligens kijelz\u0151:<\/strong> Digit\u00e1lis kijelz\u0151 az akkumul\u00e1tor \u00e9s a folyad\u00e9k \u00e1llapot\u00e1r\u00f3l<br \/>\n<strong>Beat \u00e9rz\u00e9kel\u00e9s:<\/strong> 270\u00b0-os kijelz\u0151 dinamikus val\u00f3s idej\u0171 visszajelz\u00e9ssel<br \/>\n<strong>\u00dczemm\u00f3d kiv\u00e1laszt\u00e1sa:<\/strong> Standard \u00fczemm\u00f3d \u00e9s t\u00falfesz\u00fclts\u00e9gi \u00fczemm\u00f3d \u00e1ll rendelkez\u00e9sre<br \/>\n<strong>Chip-technol\u00f3gia:<\/strong> S.i.L.C.Tech Dual MCU chipek<\/p>\n<h3 class=\"text-lg font-bold text-text-100 mt-1 -mb-1.5\">Fedezzen fel t\u00f6bb VOZOL VAPE-t a vozolpuff-on<\/h3>\n<p class=\"whitespace-normal break-words\">Fedezzen fel t\u00f6bbet <strong><a class=\"underline\" href=\"https:\/\/vozolpuff.de\/hu\/\">VOZOL term\u00e9kek<\/a><\/strong> v\u00e1laszt\u00e9kunkban, vagy b\u00f6ng\u00e9sszen a teljes k\u00edn\u00e1latunkban a <strong><a class=\"underline\" href=\"https:\/\/vozolpuff.de\/hu\/product-category\/vozol-vape\/\">VOZOL VAPE kateg\u00f3ria<\/a><\/strong>. Az \u00f6sszes kaphat\u00f3 \u00edzt megtal\u00e1lja a <strong><a class=\"underline\" href=\"https:\/\/vozolpuff.de\/hu\/product-category\/vozol-vape\/vozol-rave-40000\/\">Vozol Rave 40000 kollekci\u00f3<\/a><\/strong>.<\/p>","protected":false},"excerpt":{"rendered":"<p>A <strong>VOZOL RAVE 40000 Peach Ice eldobhat\u00f3 e-cigaretta<\/strong> a l\u00e9d\u00fas \u0151szibarack \u00edzeket jeges befejez\u00e9ssel \u00f6tv\u00f6zi a v\u00e9gs\u0151 felfriss\u00fcl\u00e9s\u00e9rt \u00e9s ak\u00e1r 40 000 slukkig. 1000mAh \u00fajrat\u00f6lthet\u0151 USB Type-C akkumul\u00e1torral, 20mL pr\u00e9mium folyad\u00e9kkal \u00e9s innovat\u00edv 270\u00b0-os \u00fctemfelismer\u0151 kijelz\u0151vel. Kett\u0151s t\u00fczel\u00e9si m\u00f3dok, kiv\u00e1l\u00f3 min\u0151s\u00e9g\u0171 h\u00e1l\u00f3s tekercsek \u00e9s S.i.L.C Tech Dual MCU chipek. Nikotin tartalom: 5% (50mg).<\/p>","protected":false},"featured_media":936,"comment_status":"open","ping_status":"closed","template":"","meta":{"_acf_changed":false},"product_brand":[],"product_cat":[32],"product_tag":[],"class_list":{"0":"post-933","1":"product","2":"type-product","3":"status-publish","4":"has-post-thumbnail","6":"product_cat-vozol-rave-40000","8":"first","9":"instock","10":"shipping-taxable","11":"purchasable","12":"product-type-variable"},"acf":[],"_links":{"self":[{"href":"https:\/\/vozolpuff.de\/hu\/wp-json\/wp\/v2\/product\/933","targetHints":{"allow":["GET"]}}],"collection":[{"href":"https:\/\/vozolpuff.de\/hu\/wp-json\/wp\/v2\/product"}],"about":[{"href":"https:\/\/vozolpuff.de\/hu\/wp-json\/wp\/v2\/types\/product"}],"replies":[{"embeddable":true,"href":"https:\/\/vozolpuff.de\/hu\/wp-json\/wp\/v2\/comments?post=933"}],"wp:featuredmedia":[{"embeddable":true,"href":"https:\/\/vozolpuff.de\/hu\/wp-json\/wp\/v2\/media\/936"}],"wp:attachment":[{"href":"https:\/\/vozolpuff.de\/hu\/wp-json\/wp\/v2\/media?parent=933"}],"wp:term":[{"taxonomy":"product_brand","embeddable":true,"href":"https:\/\/vozolpuff.de\/hu\/wp-json\/wp\/v2\/product_brand?post=933"},{"taxonomy":"product_cat","embeddable":true,"href":"https:\/\/vozolpuff.de\/hu\/wp-json\/wp\/v2\/product_cat?post=933"},{"taxonomy":"product_tag","embeddable":true,"href":"https:\/\/vozolpuff.de\/hu\/wp-json\/wp\/v2\/product_tag?post=933"}],"curies":[{"name":"wp","href":"https:\/\/api.w.org\/{rel}","templated":true}]}}