{"id":938,"date":"2025-08-24T15:38:54","date_gmt":"2025-08-24T13:38:54","guid":{"rendered":"https:\/\/vozolpuff.de\/?post_type=product&#038;p=938"},"modified":"2026-01-15T11:53:38","modified_gmt":"2026-01-15T10:53:38","slug":"vozol-rave-40000-strawberry-mango","status":"publish","type":"product","link":"https:\/\/vozolpuff.de\/hu\/termek\/vozol-rave-40000-strawberry-mango\/","title":{"rendered":"Vozol Rave 40000 eper mang\u00f3"},"content":{"rendered":"<h2 class=\"text-xl font-bold text-text-100 mt-1 -mb-0.5\">Vozol Rave 40000 Strawberry Mango eldobhat\u00f3 e-cigaretta<\/h2>\n<p class=\"whitespace-normal break-words\">A VOZOL RAVE 40000 Strawberry Mango a tr\u00f3pusi mang\u00f3 \u00e9des \u00edz\u00e9t \u00f6tv\u00f6zi a l\u00e9d\u00fas eperrel, \u00edgy ellen\u00e1llhatatlan \u00edz\u00e9lm\u00e9nyt ny\u00fajt. Ez a cs\u00facstechnol\u00f3gi\u00e1s eldobhat\u00f3 e-cigaretta leny\u0171g\u00f6z\u0151 40 000 sz\u00edv\u00e1ssal \u00e9s fejlett S.i.L.C technol\u00f3gi\u00e1val rendelkezik. Az 1000 mAh-s akkumul\u00e1tor USB-C t\u00f6lt\u00e9si funkci\u00f3val biztos\u00edtja a megb\u00edzhat\u00f3 teljes\u00edtm\u00e9nyt, m\u00edg az intelligens 270\u00b0-os Beat-Sensing kijelz\u0151 folyamatos visszajelz\u00e9st ad. K\u00e9t k\u00fcl\u00f6nb\u00f6z\u0151 g\u0151z \u00fczemm\u00f3d lehet\u0151v\u00e9 teszi az egy\u00e9ni be\u00e1ll\u00edt\u00e1sokat az \u00d6n preferenci\u00e1i szerint.<\/p>\n<h3 class=\"text-lg font-bold text-text-100 mt-1 -mb-1.5\">A Strawberry Mango Edition specifik\u00e1ci\u00f3i:<\/h3>\n<p class=\"whitespace-normal break-words\"><strong>Folyad\u00e9ktartalom:<\/strong> 20 ml gy\u00fcm\u00f6lcs\u00f6s eper-mang\u00f3 e-liquid<br \/>\n<strong>Akkumul\u00e1torteljes\u00edtm\u00e9ny:<\/strong> 1000 mAh \u00fajrat\u00f6lthet\u0151, Type-C csatlakoz\u00f3val<br \/>\n<strong>Puff sz\u00e1m:<\/strong> Maximum 40 000 h\u00faz\u00e1s (norm\u00e1l) | 25 000 h\u00faz\u00e1s (intenz\u00edv m\u00f3d)<br \/>\n<strong>Nikotin-er\u0151ss\u00e9g:<\/strong> 5% (50 mg) er\u0151s torokhat\u00e1s\u00e9rt<br \/>\n<strong>P\u00e1rologtat\u00f3 t\u00edpusa:<\/strong> Pr\u00e9mium h\u00e1l\u00f3s tekercs technol\u00f3gia<br \/>\n<strong>Huzat\u00e1ll\u00f3s\u00e1g:<\/strong> \u00c1ll\u00edthat\u00f3 l\u00e9g\u00e1raml\u00e1s-szab\u00e1lyoz\u00e1s<br \/>\n<strong>Kijelz\u0151 funkci\u00f3:<\/strong> Digit\u00e1lis akkumul\u00e1tor- \u00e9s folyad\u00e9kjelz\u0151<br \/>\n<strong>\u00c9rz\u00e9kel\u0151 kijelz\u0151:<\/strong> 270\u00b0 \u00fctemfelismer\u00e9s \u00e9l\u0151 visszajelz\u00e9ssel<br \/>\n<strong>M\u0171k\u00f6d\u00e9si m\u00f3dok:<\/strong> Norm\u00e1l \u00e9s t\u00falfesz\u00fclts\u00e9g-m\u00f3d<br \/>\n<strong>Processzor egys\u00e9g:<\/strong> Kett\u0151s MCU chipek a S.i.L.C Tech-t\u0151l<\/p>\n<h3 class=\"text-lg font-bold text-text-100 mt-1 -mb-1.5\">Fedezzen fel t\u00f6bb VOZOL VAPE-t a vozolpuff-on<\/h3>\n<p class=\"whitespace-normal break-words\">Fedezzen fel t\u00f6bbet <strong><a class=\"underline\" href=\"https:\/\/vozolpuff.de\/hu\/\">VOZOL term\u00e9kek<\/a><\/strong> v\u00e1laszt\u00e9kunkban, vagy b\u00f6ng\u00e9sszen a teljes k\u00edn\u00e1latunkban a <strong><a class=\"underline\" href=\"https:\/\/vozolpuff.de\/hu\/product-category\/vozol-vape\/\">VOZOL VAPE kateg\u00f3ria<\/a><\/strong>. Az \u00f6sszes kaphat\u00f3 \u00edzt megtal\u00e1lja a <strong><a class=\"underline\" href=\"https:\/\/vozolpuff.de\/hu\/product-category\/vozol-vape\/vozol-rave-40000\/\">Vozol Rave 40000 kollekci\u00f3<\/a><\/strong>.<\/p>","protected":false},"excerpt":{"rendered":"<p>A <strong>VOZOL RAVE 40000 Strawberry Mango eldobhat\u00f3 e-cigaretta<\/strong> A tr\u00f3pusi mang\u00f3 \u00e9des \u00edz\u00e9t \u00e9s a l\u00e9d\u00fas eper \u00edz\u00e9t \u00f6tv\u00f6zi egy ellen\u00e1llhatatlan \u00edz\u00e9lm\u00e9nyben, amely ak\u00e1r 40 000 slukkra is elegend\u0151. 1000 mAh-s \u00fajrat\u00f6lthet\u0151 Type-C akkumul\u00e1torral, 20 ml gy\u00fcm\u00f6lcs\u00f6s e-liquiddel \u00e9s intelligens 270\u00b0-os Beat-Sensing kijelz\u0151vel. K\u00e9t g\u0151z\u00f6l\u00e9si m\u00f3d, pr\u00e9mium Mesh-Coil technol\u00f3gia \u00e9s S.i.L.C Dual MCU chipek. Nikotintartalom: 5% (50 mg).<\/p>","protected":false},"featured_media":941,"comment_status":"open","ping_status":"closed","template":"","meta":{"_acf_changed":false},"product_brand":[],"product_cat":[32],"product_tag":[],"class_list":{"0":"post-938","1":"product","2":"type-product","3":"status-publish","4":"has-post-thumbnail","6":"product_cat-vozol-rave-40000","8":"first","9":"instock","10":"shipping-taxable","11":"purchasable","12":"product-type-variable"},"acf":[],"_links":{"self":[{"href":"https:\/\/vozolpuff.de\/hu\/wp-json\/wp\/v2\/product\/938","targetHints":{"allow":["GET"]}}],"collection":[{"href":"https:\/\/vozolpuff.de\/hu\/wp-json\/wp\/v2\/product"}],"about":[{"href":"https:\/\/vozolpuff.de\/hu\/wp-json\/wp\/v2\/types\/product"}],"replies":[{"embeddable":true,"href":"https:\/\/vozolpuff.de\/hu\/wp-json\/wp\/v2\/comments?post=938"}],"wp:featuredmedia":[{"embeddable":true,"href":"https:\/\/vozolpuff.de\/hu\/wp-json\/wp\/v2\/media\/941"}],"wp:attachment":[{"href":"https:\/\/vozolpuff.de\/hu\/wp-json\/wp\/v2\/media?parent=938"}],"wp:term":[{"taxonomy":"product_brand","embeddable":true,"href":"https:\/\/vozolpuff.de\/hu\/wp-json\/wp\/v2\/product_brand?post=938"},{"taxonomy":"product_cat","embeddable":true,"href":"https:\/\/vozolpuff.de\/hu\/wp-json\/wp\/v2\/product_cat?post=938"},{"taxonomy":"product_tag","embeddable":true,"href":"https:\/\/vozolpuff.de\/hu\/wp-json\/wp\/v2\/product_tag?post=938"}],"curies":[{"name":"wp","href":"https:\/\/api.w.org\/{rel}","templated":true}]}}