{"id":943,"date":"2025-08-24T15:42:13","date_gmt":"2025-08-24T13:42:13","guid":{"rendered":"https:\/\/vozolpuff.de\/?post_type=product&#038;p=943"},"modified":"2026-01-15T11:53:25","modified_gmt":"2026-01-15T10:53:25","slug":"vozol-rave-40000-strawberry-kiwi","status":"publish","type":"product","link":"https:\/\/vozolpuff.de\/hu\/termek\/vozol-rave-40000-strawberry-kiwi\/","title":{"rendered":"Vozol Rave 40000 eper kiwi"},"content":{"rendered":"<h2 class=\"text-xl font-bold text-text-100 mt-1 -mb-0.5\">Vozol Rave 40000 Strawberry Kiwi eldobhat\u00f3 e-cigaretta<\/h2>\n<p class=\"whitespace-normal break-words\">\u00c9lvezze a t\u00f6k\u00e9letes egyens\u00falyt az \u00e9des eper \u00e9s az egzotikus kiwi savanyk\u00e1s \u00edze k\u00f6z\u00f6tt a VOZOL RAVE 40000 Strawberry Kiwi-val. Ez az innovat\u00edv, egyszer haszn\u00e1latos e-cigaretta rendk\u00edv\u00fcli gy\u00fcm\u00f6lcs\u00f6s \u00edz\u00e9lm\u00e9nyt ny\u00fajt, leny\u0171g\u00f6z\u0151, ak\u00e1r 40 000 sz\u00edv\u00e1sig terjed\u0151 \u00e9lettartammal. Az eleg\u00e1ns kialak\u00edt\u00e1st egy ultramodern, 270\u00b0-os Beat-Sensing technol\u00f3gi\u00e1val ell\u00e1tott, 3D-s \u00edvelt kijelz\u0151 eg\u00e9sz\u00edti ki. A kett\u0151s MCU chipek \u00e1lland\u00f3 teljes\u00edtm\u00e9nyt \u00e9s optim\u00e1lis \u00edz\u00e9lm\u00e9nyt biztos\u00edtanak minden haszn\u00e1lat alkalm\u00e1val.<\/p>\n<h3 class=\"text-lg font-bold text-text-100 mt-1 -mb-1.5\">A Strawberry Kiwi v\u00e1ltozat term\u00e9kjellemz\u0151i:<\/h3>\n<p class=\"whitespace-normal break-words\"><strong>E-Juice t\u00f6ltel\u00e9k:<\/strong> 20 ml intenz\u00edv eper-kiwi aroma<br \/>\n<strong>Akkuteknol\u00f3gia:<\/strong> 1000mAh gyors USB Type-C t\u00f6lt\u00e9ssel<br \/>\n<strong>G\u0151zmozdonyok:<\/strong> Ak\u00e1r 40 000 slukk (alapbe\u00e1ll\u00edt\u00e1s) | 25 000 slukk (Power m\u00f3d)<br \/>\n<strong>nikotinkoncentr\u00e1ci\u00f3:<\/strong> 5% (50 mg) az igazi el\u00e9gedetts\u00e9g\u00e9rt<br \/>\n<strong>F\u0171t\u0151elem:<\/strong> Fejlett h\u00e1l\u00f3s tekercs konstrukci\u00f3<br \/>\n<strong>L\u00e9g\u00e1raml\u00e1si rendszer:<\/strong> V\u00e1ltoztathat\u00f3 l\u00e9g\u00e1raml\u00e1s-be\u00e1ll\u00edt\u00e1s<br \/>\n<strong>Monitor funkci\u00f3:<\/strong> Intelligens digit\u00e1lis kijelz\u0151<br \/>\n<strong>Interakt\u00edv kijelz\u0151:<\/strong> 270\u00b0 Beat-Sensing val\u00f3s idej\u0171 adatokkal<br \/>\n<strong>Teljes\u00edtm\u00e9nybe\u00e1ll\u00edt\u00e1sok:<\/strong> Norm\u00e1l \u00e9s fokozott t\u00fczel\u00e9si m\u00f3d<br \/>\n<strong>Vez\u00e9rl\u0151 chipek:<\/strong> S.i.L.C Tech kett\u0151s MCU rendszer<\/p>\n<h3 class=\"text-lg font-bold text-text-100 mt-1 -mb-1.5\">Fedezzen fel t\u00f6bb VOZOL VAPE-t a vozolpuff-on<\/h3>\n<p class=\"whitespace-normal break-words\">Fedezzen fel t\u00f6bbet <strong><a class=\"underline\" href=\"https:\/\/vozolpuff.de\/hu\/\">VOZOL term\u00e9kek<\/a><\/strong> v\u00e1laszt\u00e9kunkban, vagy b\u00f6ng\u00e9sszen a teljes k\u00edn\u00e1latunkban a <strong><a class=\"underline\" href=\"https:\/\/vozolpuff.de\/hu\/product-category\/vozol-vape\/\">VOZOL VAPE kateg\u00f3ria<\/a><\/strong>. Az \u00f6sszes kaphat\u00f3 \u00edzt megtal\u00e1lja a <strong><a class=\"underline\" href=\"https:\/\/vozolpuff.de\/hu\/product-category\/vozol-vape\/vozol-rave-40000\/\">Vozol Rave 40000 kollekci\u00f3<\/a><\/strong>.<\/p>","protected":false},"excerpt":{"rendered":"<p>A <strong>VOZOL RAVE 40000 Eper-kiwi eldobhat\u00f3 e-cigaretta<\/strong> T\u00f6k\u00e9letes egyens\u00falyt biztos\u00edt az \u00e9des eper \u00e9s az egzotikus kivi savanyk\u00e1s \u00edze k\u00f6z\u00f6tt, ak\u00e1r 40 000 sz\u00edv\u00e1snyi rendk\u00edv\u00fcli gy\u00fcm\u00f6lcs\u00f6s \u00e9lm\u00e9nyt ny\u00fajtva. 1000 mAh-s USB Type-C akkumul\u00e1torral, 20 ml intenz\u00edv arom\u00e1val \u00e9s ultramodern, 270\u00b0-os Beat-Sensing technol\u00f3gi\u00e1val ell\u00e1tott, \u00edvelt 3D-kijelz\u0151vel rendelkezik. Kett\u0151s t\u00fczel\u00e9si m\u00f3dok, fejlett h\u00e1l\u00f3s tekercs konstrukci\u00f3 \u00e9s S.i.L.C Tech kett\u0151s MCU rendszer. Nikotin koncentr\u00e1ci\u00f3: 5% (50 mg).<\/p>","protected":false},"featured_media":946,"comment_status":"open","ping_status":"closed","template":"","meta":{"_acf_changed":false},"product_brand":[],"product_cat":[32],"product_tag":[],"class_list":{"0":"post-943","1":"product","2":"type-product","3":"status-publish","4":"has-post-thumbnail","6":"product_cat-vozol-rave-40000","8":"first","9":"instock","10":"shipping-taxable","11":"purchasable","12":"product-type-variable"},"acf":[],"_links":{"self":[{"href":"https:\/\/vozolpuff.de\/hu\/wp-json\/wp\/v2\/product\/943","targetHints":{"allow":["GET"]}}],"collection":[{"href":"https:\/\/vozolpuff.de\/hu\/wp-json\/wp\/v2\/product"}],"about":[{"href":"https:\/\/vozolpuff.de\/hu\/wp-json\/wp\/v2\/types\/product"}],"replies":[{"embeddable":true,"href":"https:\/\/vozolpuff.de\/hu\/wp-json\/wp\/v2\/comments?post=943"}],"wp:featuredmedia":[{"embeddable":true,"href":"https:\/\/vozolpuff.de\/hu\/wp-json\/wp\/v2\/media\/946"}],"wp:attachment":[{"href":"https:\/\/vozolpuff.de\/hu\/wp-json\/wp\/v2\/media?parent=943"}],"wp:term":[{"taxonomy":"product_brand","embeddable":true,"href":"https:\/\/vozolpuff.de\/hu\/wp-json\/wp\/v2\/product_brand?post=943"},{"taxonomy":"product_cat","embeddable":true,"href":"https:\/\/vozolpuff.de\/hu\/wp-json\/wp\/v2\/product_cat?post=943"},{"taxonomy":"product_tag","embeddable":true,"href":"https:\/\/vozolpuff.de\/hu\/wp-json\/wp\/v2\/product_tag?post=943"}],"curies":[{"name":"wp","href":"https:\/\/api.w.org\/{rel}","templated":true}]}}