{"id":948,"date":"2025-08-24T15:44:49","date_gmt":"2025-08-24T13:44:49","guid":{"rendered":"https:\/\/vozolpuff.de\/?post_type=product&#038;p=948"},"modified":"2026-01-15T11:53:14","modified_gmt":"2026-01-15T10:53:14","slug":"vozol-rave-40000-double-apple","status":"publish","type":"product","link":"https:\/\/vozolpuff.de\/hu\/termek\/vozol-rave-40000-double-apple\/","title":{"rendered":"Vozol Rave 40000 Dupla alma"},"content":{"rendered":"<h2 class=\"text-xl font-bold text-text-100 mt-1 -mb-0.5\">Vozol Rave 40000 Double Apple eldobhat\u00f3 e-cigaretta<\/h2>\n<p class=\"whitespace-normal break-words\">Mer\u00fclj\u00f6n el a klasszikus dupla alma \u00edzben a VOZOL RAVE 40000 Double Apple eldobhat\u00f3 vape-vel. Ez a pr\u00e9mium eldobhat\u00f3 e-cigaretta a z\u00f6ld \u00e9s a piros alma jegyeit \u00f6tv\u00f6zi, hogy harmonikus \u00edzprofilt hozzon l\u00e9tre, amely a hagyom\u00e1nytisztel\u0151knek \u00e9s az \u00fajonnan \u00e9rkez\u0151knek egyar\u00e1nt \u00f6r\u00f6met okoz. A forradalmi 270\u00b0-os \u00fctem\u00e9rz\u00e9kel\u0151 technol\u00f3gi\u00e1nak \u00e9s a k\u00e9t k\u00fcl\u00f6nb\u00f6z\u0151 gy\u00fajt\u00e1si m\u00f3dnak k\u00f6sz\u00f6nhet\u0151en minden slukk egy szem\u00e9lyre szabott \u00e9lm\u00e9ny. A robusztus 1000mAh-s akkumul\u00e1tor hossz\u00fa \u00e9lettartamot garant\u00e1l a teljes 40.000 puffol\u00e1sos \u00e9lettartam alatt.<\/p>\n<h3 class=\"text-lg font-bold text-text-100 mt-1 -mb-1.5\">Dupla Apple k\u00fcl\u00f6nlegess\u00e9gek:<\/h3>\n<p class=\"whitespace-normal break-words\"><strong>\u00cdzmennyis\u00e9g:<\/strong> 20mL hiteles Double Apple folyad\u00e9k<br \/>\n<strong>Energiaforr\u00e1s:<\/strong> 1000mAh nagyteljes\u00edtm\u00e9ny\u0171 akkumul\u00e1tor USB-C porttal<br \/>\n<strong>Sz\u00edv\u00f3k\u00e9pess\u00e9g:<\/strong> Maximum 40.000 f\u00faj\u00e1s (Eco \u00fczemm\u00f3d) | 25.000 f\u00faj\u00e1s (Turbo \u00fczemm\u00f3d)<br \/>\n<strong>Nikotinszint:<\/strong> 5% (50mg) a testes \u00e9lvezet\u00e9rt<br \/>\n<strong>Tekercs innov\u00e1ci\u00f3:<\/strong> H\u00e1l\u00f3s f\u0171t\u0151elem a tiszta \u00edzek\u00e9rt<br \/>\n<strong>\u00c1raml\u00e1s-szab\u00e1lyoz\u00e1s:<\/strong> Pontosan szab\u00e1lyozhat\u00f3 huzat<br \/>\n<strong>\u00c1llapotfigyel\u0151:<\/strong> LED kijelz\u0151 minden fontos inform\u00e1ci\u00f3hoz<br \/>\n<strong>\u00c9rz\u00e9kel\u0151 technol\u00f3gia:<\/strong> 270\u00b0-os \u00fctem\u00e9rz\u00e9kel\u00e9s dinamikus kijelz\u00e9ssel<br \/>\n<strong>Sz\u00edv\u00e1si m\u00f3dok:<\/strong> Eco \u00e9s turb\u00f3 be\u00e1ll\u00edt\u00e1s el\u00e9rhet\u0151<br \/>\n<strong>Feldolgoz\u00f3 egys\u00e9g:<\/strong> Innovat\u00edv S.i.L.C.Tech dual-chip architekt\u00fara<\/p>\n<h3 class=\"text-lg font-bold text-text-100 mt-1 -mb-1.5\">Fedezzen fel t\u00f6bb VOZOL VAPE-t a vozolpuff-on<\/h3>\n<p class=\"whitespace-normal break-words\">Fedezzen fel t\u00f6bbet <strong><a class=\"underline\" href=\"https:\/\/vozolpuff.de\/hu\/\">VOZOL term\u00e9kek<\/a><\/strong> v\u00e1laszt\u00e9kunkban, vagy b\u00f6ng\u00e9sszen a teljes k\u00edn\u00e1latunkban a <strong><a class=\"underline\" href=\"https:\/\/vozolpuff.de\/hu\/product-category\/vozol-vape\/\">VOZOL VAPE kateg\u00f3ria<\/a><\/strong>. Az \u00f6sszes kaphat\u00f3 \u00edzt megtal\u00e1lja a <strong><a class=\"underline\" href=\"https:\/\/vozolpuff.de\/hu\/product-category\/vozol-vape\/vozol-rave-40000\/\">Vozol Rave 40000 kollekci\u00f3<\/a><\/strong>.<\/p>","protected":false},"excerpt":{"rendered":"<p>A <strong>VOZOL RAVE 40000 Double Apple eldobhat\u00f3 e-cigaretta<\/strong> a z\u00f6ld \u00e9s a piros alm\u00e1s jegyeket \u00f6tv\u00f6zi, hogy harmonikus, klasszikus \u00edzprofilt hozzon l\u00e9tre ak\u00e1r 40 000 slukkig. Robusztus 1000mAh USB-C akkumul\u00e1torral, 20mL autentikus Double Apple folyad\u00e9kkal \u00e9s forradalmi 270\u00b0-os \u00fctem\u00e9rz\u00e9kel\u0151 technol\u00f3gi\u00e1val. K\u00e9t t\u00fczel\u00e9si m\u00f3d, h\u00e1l\u00f3s f\u0171t\u0151elem \u00e9s innovat\u00edv S.i.L.C.Tech dual-chip architekt\u00fara. Nikotinszint: 5% (50mg).<\/p>","protected":false},"featured_media":951,"comment_status":"open","ping_status":"closed","template":"","meta":{"_acf_changed":false},"product_brand":[],"product_cat":[32],"product_tag":[],"class_list":{"0":"post-948","1":"product","2":"type-product","3":"status-publish","4":"has-post-thumbnail","6":"product_cat-vozol-rave-40000","8":"first","9":"instock","10":"shipping-taxable","11":"purchasable","12":"product-type-variable"},"acf":[],"_links":{"self":[{"href":"https:\/\/vozolpuff.de\/hu\/wp-json\/wp\/v2\/product\/948","targetHints":{"allow":["GET"]}}],"collection":[{"href":"https:\/\/vozolpuff.de\/hu\/wp-json\/wp\/v2\/product"}],"about":[{"href":"https:\/\/vozolpuff.de\/hu\/wp-json\/wp\/v2\/types\/product"}],"replies":[{"embeddable":true,"href":"https:\/\/vozolpuff.de\/hu\/wp-json\/wp\/v2\/comments?post=948"}],"wp:featuredmedia":[{"embeddable":true,"href":"https:\/\/vozolpuff.de\/hu\/wp-json\/wp\/v2\/media\/951"}],"wp:attachment":[{"href":"https:\/\/vozolpuff.de\/hu\/wp-json\/wp\/v2\/media?parent=948"}],"wp:term":[{"taxonomy":"product_brand","embeddable":true,"href":"https:\/\/vozolpuff.de\/hu\/wp-json\/wp\/v2\/product_brand?post=948"},{"taxonomy":"product_cat","embeddable":true,"href":"https:\/\/vozolpuff.de\/hu\/wp-json\/wp\/v2\/product_cat?post=948"},{"taxonomy":"product_tag","embeddable":true,"href":"https:\/\/vozolpuff.de\/hu\/wp-json\/wp\/v2\/product_tag?post=948"}],"curies":[{"name":"wp","href":"https:\/\/api.w.org\/{rel}","templated":true}]}}