{"id":953,"date":"2025-08-24T15:47:29","date_gmt":"2025-08-24T13:47:29","guid":{"rendered":"https:\/\/vozolpuff.de\/?post_type=product&#038;p=953"},"modified":"2026-01-15T11:53:01","modified_gmt":"2026-01-15T10:53:01","slug":"vozol-rave-40000-watermelon-bubblegum","status":"publish","type":"product","link":"https:\/\/vozolpuff.de\/hu\/termek\/vozol-rave-40000-watermelon-bubblegum\/","title":{"rendered":"Vozol Rave 40000 g\u00f6r\u00f6gdinnye r\u00e1g\u00f3gumi"},"content":{"rendered":"<h2 class=\"text-xl font-bold text-text-100 mt-1 -mb-0.5\">Vozol Rave 40000 Watermelon Bubblegum eldobhat\u00f3 e-cigaretta<\/h2>\n<p class=\"whitespace-normal break-words\">\u00c9lvezze \u00fajra nosztalgikus gyermekkori eml\u00e9keit a VOZOL RAVE 40000 Watermelon Bubblegummal. Ez a rendk\u00edv\u00fcli eldobhat\u00f3 e-cigaretta a l\u00e9d\u00fas g\u00f6r\u00f6gdinnye frissess\u00e9g\u00e9t \u00e9des r\u00e1g\u00f3gumi arom\u00e1val \u00f6tv\u00f6zi egy felejthetetlen \u00edz\u00e9lm\u00e9ny \u00e9rdek\u00e9ben. A futurisztikus, 270\u00b0-os Beat-Sensing funkci\u00f3val ell\u00e1tott, 3D-s \u00edvelt kijelz\u0151 minden g\u0151z\u00f6lg\u00e9si \u00e9lm\u00e9nyt vizu\u00e1lis cs\u00facspontt\u00e1 tesz. A fejlett Dual MCU technol\u00f3gi\u00e1nak \u00e9s az 1000 mAh-s akkumul\u00e1tornak k\u00f6sz\u00f6nhet\u0151en az \u00f6sszes 40 000 lehets\u00e9ges slukk sor\u00e1n \u00e1lland\u00f3 min\u0151s\u00e9get \u00e9lvezhet.<\/p>\n<h3 class=\"text-lg font-bold text-text-100 mt-1 -mb-1.5\">Watermelon Bubblegum tulajdons\u00e1gok:<\/h3>\n<p class=\"whitespace-normal break-words\"><strong>\u00cdz-tartalom:<\/strong> 20 ml \u00e9des-gy\u00fcm\u00f6lcs\u00f6s g\u00f6r\u00f6gdinnye-bubor\u00e9kgumi<br \/>\n<strong>Energiat\u00e1rol\u00e1s:<\/strong> 1000 mAh \u00fajrat\u00f6lthet\u0151 Li-Ion akkumul\u00e1tor<br \/>\n<strong>Puffing-tartom\u00e1ny:<\/strong> Ak\u00e1r 40 000 sz\u00edv\u00e1s (Smooth m\u00f3d) | 25 000 sz\u00edv\u00e1s (Intense m\u00f3d)<br \/>\n<strong>Nikotin adagol\u00e1s:<\/strong> 5% (50 mg) kifejezett torok\u00e9rz\u00e9s\u00e9rt<br \/>\n<strong>Atomiser-Tech:<\/strong> Nagy teljes\u00edtm\u00e9ny\u0171 h\u00e1l\u00f3s tekercsrendszer<br \/>\n<strong>L\u00e9gellen\u0151rz\u00e9s:<\/strong> Fokozatmentesen szab\u00e1lyozhat\u00f3 leveg\u0151ell\u00e1t\u00e1s<br \/>\n<strong>Info kijelz\u0151:<\/strong> Multifunkcion\u00e1lis digit\u00e1lis interf\u00e9sz<br \/>\n<strong>Beat v\u00e1lasz:<\/strong> 270\u00b0-os \u00e9rz\u00e9kel\u0151 kijelz\u0151 \u00e9l\u0151 friss\u00edt\u00e9sekkel<br \/>\n<strong>Teljes\u00edtm\u00e9ny szintek:<\/strong> Smooth \u00e9s Intense g\u0151z \u00fczemm\u00f3dok<br \/>\n<strong>Agytechnol\u00f3gia:<\/strong> S.i.L.C Tech kett\u0151s MCU vez\u00e9rl\u0151<\/p>\n<h3 class=\"text-lg font-bold text-text-100 mt-1 -mb-1.5\">Fedezzen fel t\u00f6bb VOZOL VAPE-t a vozolpuff-on<\/h3>\n<p class=\"whitespace-normal break-words\">Fedezzen fel t\u00f6bbet <strong><a class=\"underline\" href=\"https:\/\/vozolpuff.de\/hu\/\">VOZOL term\u00e9kek<\/a><\/strong> v\u00e1laszt\u00e9kunkban, vagy b\u00f6ng\u00e9sszen a teljes k\u00edn\u00e1latunkban a <strong><a class=\"underline\" href=\"https:\/\/vozolpuff.de\/hu\/product-category\/vozol-vape\/\">VOZOL VAPE kateg\u00f3ria<\/a><\/strong>. Az \u00f6sszes kaphat\u00f3 \u00edzt megtal\u00e1lja a <strong><a class=\"underline\" href=\"https:\/\/vozolpuff.de\/hu\/product-category\/vozol-vape\/vozol-rave-40000\/\">Vozol Rave 40000 kollekci\u00f3<\/a><\/strong>.<\/p>","protected":false},"excerpt":{"rendered":"<p>A <strong>VOZOL RAVE 40000 Watermelon Bubblegum eldobhat\u00f3 e-cigaretta<\/strong> A l\u00e9d\u00fas g\u00f6r\u00f6gdinnye frissess\u00e9g\u00e9t \u00e9des r\u00e1g\u00f3gumi arom\u00e1val \u00f6tv\u00f6zi, hogy ak\u00e1r 40 000 slukkra is elegend\u0151 nosztalgikus \u00edz\u00e9lm\u00e9nyt ny\u00fajtson. 1000 mAh-s \u00fajrat\u00f6lthet\u0151 Li-ion akkumul\u00e1torral, 20 ml \u00edztartalommal \u00e9s futurisztikus, 270\u00b0-os Beat-Sensing funkci\u00f3val rendelkez\u0151, 3D-s \u00edvelt kijelz\u0151vel. Kett\u0151s g\u0151z \u00fczemm\u00f3dok, nagy teljes\u00edtm\u00e9ny\u0171 h\u00e1l\u00f3s tekercsrendszer \u00e9s S.i.L.C Tech kett\u0151s MCU vez\u00e9rl\u0151. Nikotin adagol\u00e1s: 5% (50 mg).<\/p>","protected":false},"featured_media":956,"comment_status":"open","ping_status":"closed","template":"","meta":{"_acf_changed":false},"product_brand":[],"product_cat":[32],"product_tag":[],"class_list":{"0":"post-953","1":"product","2":"type-product","3":"status-publish","4":"has-post-thumbnail","6":"product_cat-vozol-rave-40000","8":"first","9":"instock","10":"shipping-taxable","11":"purchasable","12":"product-type-variable"},"acf":[],"_links":{"self":[{"href":"https:\/\/vozolpuff.de\/hu\/wp-json\/wp\/v2\/product\/953","targetHints":{"allow":["GET"]}}],"collection":[{"href":"https:\/\/vozolpuff.de\/hu\/wp-json\/wp\/v2\/product"}],"about":[{"href":"https:\/\/vozolpuff.de\/hu\/wp-json\/wp\/v2\/types\/product"}],"replies":[{"embeddable":true,"href":"https:\/\/vozolpuff.de\/hu\/wp-json\/wp\/v2\/comments?post=953"}],"wp:featuredmedia":[{"embeddable":true,"href":"https:\/\/vozolpuff.de\/hu\/wp-json\/wp\/v2\/media\/956"}],"wp:attachment":[{"href":"https:\/\/vozolpuff.de\/hu\/wp-json\/wp\/v2\/media?parent=953"}],"wp:term":[{"taxonomy":"product_brand","embeddable":true,"href":"https:\/\/vozolpuff.de\/hu\/wp-json\/wp\/v2\/product_brand?post=953"},{"taxonomy":"product_cat","embeddable":true,"href":"https:\/\/vozolpuff.de\/hu\/wp-json\/wp\/v2\/product_cat?post=953"},{"taxonomy":"product_tag","embeddable":true,"href":"https:\/\/vozolpuff.de\/hu\/wp-json\/wp\/v2\/product_tag?post=953"}],"curies":[{"name":"wp","href":"https:\/\/api.w.org\/{rel}","templated":true}]}}