{"id":968,"date":"2025-08-24T16:00:09","date_gmt":"2025-08-24T14:00:09","guid":{"rendered":"https:\/\/vozolpuff.de\/?post_type=product&#038;p=968"},"modified":"2026-01-15T11:52:26","modified_gmt":"2026-01-15T10:52:26","slug":"vozol-rave-40000-watermelon-razz-rancher","status":"publish","type":"product","link":"https:\/\/vozolpuff.de\/hu\/termek\/vozol-rave-40000-watermelon-razz-rancher\/","title":{"rendered":"Vozol Rave 40000 g\u00f6r\u00f6gdinnye Razz Rancher"},"content":{"rendered":"<h2 class=\"text-xl font-bold text-text-100 mt-1 -mb-0.5\">Vozol Rave 40000 Watermelon Razz Rancher eldobhat\u00f3 e-cigaretta<\/h2>\n<p class=\"whitespace-normal break-words\">Fedezze fel a VOZOL RAVE 40000 Watermelon Razz Rancher egyed\u00fcl\u00e1ll\u00f3 \u00edz\u00e9t \u2013 a klasszikus \u00e9dess\u00e9gek \u00edz\u00e9nek kreat\u00edv interpret\u00e1ci\u00f3ja friss g\u00f6r\u00f6gdinny\u00e9vel kombin\u00e1lva. Ez az innovat\u00edv eldobhat\u00f3 e-cigaretta nosztalgikus \u00e9dess\u00e9g\u00e9lm\u00e9nyt ny\u00fajt modern csavarral. A reag\u00e1l\u00f3 270\u00b0-os Beat-kijelz\u0151 reag\u00e1l a g\u0151z ritmus\u00e1ra, \u00e9s folyamatos vizu\u00e1lis visszajelz\u00e9st ad. A fejlett S.i.L.C chip technol\u00f3gi\u00e1val \u00e9s a kett\u0151s t\u00fczel\u00e9si m\u00f3dokkal a 40 000 lehets\u00e9ges slukk mindegyike \u00edzletes \u00e9lm\u00e9nyt ny\u00fajt.<\/p>\n<h3 class=\"text-lg font-bold text-text-100 mt-1 -mb-1.5\">Watermelon Razz Rancher technol\u00f3gia:<\/h3>\n<p class=\"whitespace-normal break-words\"><strong>Aroma-tart\u00e1ly:<\/strong> 20 ml intenz\u00edv Watermelon Razz Rancher esszencia<br \/>\n<strong>Energia-mag:<\/strong> 1000 mAh l\u00edtium-polimer akkumul\u00e1tor USB-C interf\u00e9sszel<br \/>\n<strong>Munkamenet-sz\u00e1m:<\/strong> Maximum 40 000 slukk (relax be\u00e1ll\u00edt\u00e1s) | 25 000 slukk (extr\u00e9m be\u00e1ll\u00edt\u00e1s)<br \/>\n<strong>Alkaloid-er\u0151ss\u00e9g:<\/strong> 5% (50 mg) a jellegzetes torok\u00e9rz\u00e9s\u00e9rt<br \/>\n<strong>Vape-motor:<\/strong> Fejlett h\u00e1l\u00f3s tekercs technol\u00f3gia<br \/>\n<strong>L\u00e9legzet\u00e1raml\u00e1s:<\/strong> T\u00f6bbfokozat\u00fa l\u00e9g\u00e1raml\u00e1s-be\u00e1ll\u00edt\u00e1s<br \/>\n<strong>Adatk\u00e9perny\u0151:<\/strong> Intelligens \u00e1llapotjelz\u0151<br \/>\n<strong>Ritmus\u00e9rz\u00e9kel\u0151:<\/strong> 270\u00b0-os \u00fctemfelismer\u00e9s dinamikus kijelz\u0151vel<br \/>\n<strong>Teljes\u00edtm\u00e9nyprofilok:<\/strong> Relax \u00e9s Extreme Performance be\u00e1ll\u00edt\u00e1sok<br \/>\n<strong>Logikai k\u00e1rtya:<\/strong> Cutting-Edge S.i.L.C Tech kett\u0151s MCU-t\u00f6mb<\/p>\n<h3 class=\"text-lg font-bold text-text-100 mt-1 -mb-1.5\">Fedezzen fel t\u00f6bb VOZOL VAPE-t a vozolpuff-on<\/h3>\n<p class=\"whitespace-normal break-words\">Fedezzen fel t\u00f6bbet <strong><a class=\"underline\" href=\"https:\/\/vozolpuff.de\/hu\/\">VOZOL term\u00e9kek<\/a><\/strong> v\u00e1laszt\u00e9kunkban, vagy b\u00f6ng\u00e9sszen a teljes k\u00edn\u00e1latunkban a <strong><a class=\"underline\" href=\"https:\/\/vozolpuff.de\/hu\/product-category\/vozol-vape\/\">VOZOL VAPE kateg\u00f3ria<\/a><\/strong>. Az \u00f6sszes kaphat\u00f3 \u00edzt megtal\u00e1lja a <strong><a class=\"underline\" href=\"https:\/\/vozolpuff.de\/hu\/product-category\/vozol-vape\/vozol-rave-40000\/\">Vozol Rave 40000 kollekci\u00f3<\/a><\/strong>.<\/p>","protected":false},"excerpt":{"rendered":"<p>A VOZOL RAVE 40000 Watermelon Razz Rancher eldobhat\u00f3 e-cigaretta nosztalgikus \u00e9dess\u00e9g\u00edzeket \u00e9s friss g\u00f6r\u00f6gdinny\u00e9t \u00f6tv\u00f6z egy egyed\u00fcl\u00e1ll\u00f3 \u00e9dess\u00e9g\u00e9lm\u00e9nyben. Ak\u00e1r 40 000 slukk, 270\u00b0-os Beat-kijelz\u0151, 1000 mAh-s akkumul\u00e1tor \u00e9s S.i.L.C Dual-MCU technol\u00f3gia az intenz\u00edv \u00edz\u00e9rt.<\/p>","protected":false},"featured_media":971,"comment_status":"open","ping_status":"closed","template":"","meta":{"_acf_changed":false},"product_brand":[],"product_cat":[32],"product_tag":[],"class_list":{"0":"post-968","1":"product","2":"type-product","3":"status-publish","4":"has-post-thumbnail","6":"product_cat-vozol-rave-40000","8":"first","9":"instock","10":"shipping-taxable","11":"purchasable","12":"product-type-variable"},"acf":[],"_links":{"self":[{"href":"https:\/\/vozolpuff.de\/hu\/wp-json\/wp\/v2\/product\/968","targetHints":{"allow":["GET"]}}],"collection":[{"href":"https:\/\/vozolpuff.de\/hu\/wp-json\/wp\/v2\/product"}],"about":[{"href":"https:\/\/vozolpuff.de\/hu\/wp-json\/wp\/v2\/types\/product"}],"replies":[{"embeddable":true,"href":"https:\/\/vozolpuff.de\/hu\/wp-json\/wp\/v2\/comments?post=968"}],"wp:featuredmedia":[{"embeddable":true,"href":"https:\/\/vozolpuff.de\/hu\/wp-json\/wp\/v2\/media\/971"}],"wp:attachment":[{"href":"https:\/\/vozolpuff.de\/hu\/wp-json\/wp\/v2\/media?parent=968"}],"wp:term":[{"taxonomy":"product_brand","embeddable":true,"href":"https:\/\/vozolpuff.de\/hu\/wp-json\/wp\/v2\/product_brand?post=968"},{"taxonomy":"product_cat","embeddable":true,"href":"https:\/\/vozolpuff.de\/hu\/wp-json\/wp\/v2\/product_cat?post=968"},{"taxonomy":"product_tag","embeddable":true,"href":"https:\/\/vozolpuff.de\/hu\/wp-json\/wp\/v2\/product_tag?post=968"}],"curies":[{"name":"wp","href":"https:\/\/api.w.org\/{rel}","templated":true}]}}