{"id":973,"date":"2025-08-24T16:02:54","date_gmt":"2025-08-24T14:02:54","guid":{"rendered":"https:\/\/vozolpuff.de\/?post_type=product&#038;p=973"},"modified":"2026-01-15T11:52:14","modified_gmt":"2026-01-15T10:52:14","slug":"vozol-rave-40000-cherry-strawberry","status":"publish","type":"product","link":"https:\/\/vozolpuff.de\/hu\/termek\/vozol-rave-40000-cherry-strawberry\/","title":{"rendered":"Vozol Rave 40000 Cherry Strawberry (cseresznye eper)"},"content":{"rendered":"<h2 class=\"text-xl font-bold text-text-100 mt-1 -mb-0.5\">Vozol Rave 40000 Cherry Strawberry eldobhat\u00f3 e-cigaretta<\/h2>\n<p class=\"whitespace-normal break-words\">\u00c9lvezze a klasszikus bogy\u00f3s gy\u00fcm\u00f6lcs\u00f6k kombin\u00e1ci\u00f3j\u00e1t a VOZOL RAVE 40000 Cherry Strawberry eldobhat\u00f3 e-cigarett\u00e1val. Ez az eleg\u00e1ns eldobhat\u00f3 e-cigaretta \u00e9des csereszny\u00e9t \u00e9s l\u00e9d\u00fas eperet \u00f6tv\u00f6z egy id\u0151tlen gy\u00fcm\u00f6lcs\u00f6s \u00edzben, amely soha nem megy ki a divatb\u00f3l. A futurisztikus, 270\u00b0-os Beat-Sensing funkci\u00f3val ell\u00e1tott, 3D-s \u00edvelt kijelz\u0151 technol\u00f3giai hangulatot k\u00f6lcs\u00f6n\u00f6z minden vaping pillanatnak. Megb\u00edzhat\u00f3 1000 mAh-s akkumul\u00e1torral \u00e9s innovat\u00edv Dual-MCU vez\u00e9rl\u00e9ssel ell\u00e1tva, 40 000 sz\u00edv\u00e1sos \u00e9lettartama alatt \u00e1lland\u00f3 teljes\u00edtm\u00e9nyt ny\u00fajt.<\/p>\n<h3 class=\"text-lg font-bold text-text-100 mt-1 -mb-1.5\">Cherry Strawberry rendszer specifik\u00e1ci\u00f3k:<\/h3>\n<p class=\"whitespace-normal break-words\"><strong>\u00cdz-t\u00e9rfogat:<\/strong> 20 ml klasszikus cseresznye-eper kever\u00e9k<br \/>\n<strong>Energiaforr\u00e1s:<\/strong> 1000 mAh nagy s\u0171r\u0171s\u00e9g\u0171 akkumul\u00e1tor Type-C porttal<br \/>\n<strong>Inhal\u00e1ci\u00f3s kapacit\u00e1s:<\/strong> Ak\u00e1r 40 000 h\u00faz\u00e1s (standard m\u00f3d) | 25 000 h\u00faz\u00e1s (magas m\u00f3d)<br \/>\n<strong>Nikotinar\u00e1ny:<\/strong> 5% (50 mg) a teljes el\u00e9gedetts\u00e9g\u00e9rt<br \/>\n<strong>Atomiz\u00e1ci\u00f3s technol\u00f3gia:<\/strong> A legmodernebb h\u00e1l\u00f3s tekercs kialak\u00edt\u00e1s<br \/>\n<strong>L\u00e9gkezel\u00e9s:<\/strong> Finoman be\u00e1ll\u00edthat\u00f3 l\u00e9g\u00e1ram-szab\u00e1lyoz\u00e1s<br \/>\n<strong>Inform\u00e1ci\u00f3s k\u00f6zpont:<\/strong> T\u00f6bbfunkci\u00f3s digit\u00e1lis kijelz\u0151<br \/>\n<strong>Beat interf\u00e9sz:<\/strong> 270\u00b0-os \u00e9rz\u00e9kel\u0151 kijelz\u0151 \u00e9l\u0151 anim\u00e1ci\u00f3val<br \/>\n<strong>Vaping st\u00edlusok:<\/strong> Norm\u00e1l \u00e9s nagy intenzit\u00e1s\u00fa m\u00f3dok<br \/>\n<strong>Vez\u00e9rl\u0151 chipek:<\/strong> Forradalmi S.i.L.C Tech kett\u0151s feldolgoz\u00f3 egys\u00e9g<\/p>\n<h3 class=\"text-lg font-bold text-text-100 mt-1 -mb-1.5\">Fedezzen fel t\u00f6bb VOZOL VAPE-t a vozolpuff-on<\/h3>\n<p class=\"whitespace-normal break-words\">Fedezzen fel t\u00f6bbet <strong><a class=\"underline\" href=\"https:\/\/vozolpuff.de\/hu\/\">VOZOL term\u00e9kek<\/a><\/strong> v\u00e1laszt\u00e9kunkban, vagy b\u00f6ng\u00e9sszen a teljes k\u00edn\u00e1latunkban a <strong><a class=\"underline\" href=\"https:\/\/vozolpuff.de\/hu\/product-category\/vozol-vape\/\">VOZOL VAPE kateg\u00f3ria<\/a><\/strong>. Az \u00f6sszes kaphat\u00f3 \u00edzt megtal\u00e1lja a <strong><a class=\"underline\" href=\"https:\/\/vozolpuff.de\/hu\/product-category\/vozol-vape\/vozol-rave-40000\/\">Vozol Rave 40000 kollekci\u00f3<\/a><\/strong>.<\/p>","protected":false},"excerpt":{"rendered":"<p>A VOZOL RAVE 40000 Cherry Strawberry eldobhat\u00f3 vape \u00e9des csereszny\u00e9t \u00e9s l\u00e9d\u00fas eperet kombin\u00e1l egy id\u0151tlen bogy\u00f3s gy\u00fcm\u00f6lcs\u00f6s \u00edzben. Ak\u00e1r 40 000 slukk, futurisztikus 270\u00b0-os Beat kijelz\u0151, 1000 mAh-s akkumul\u00e1tor \u00e9s Dual-MCU technol\u00f3gia az \u00e1lland\u00f3 teljes\u00edtm\u00e9ny \u00e9s \u00edz \u00e9rdek\u00e9ben.<\/p>","protected":false},"featured_media":976,"comment_status":"open","ping_status":"closed","template":"","meta":{"_acf_changed":false},"product_brand":[],"product_cat":[32],"product_tag":[],"class_list":{"0":"post-973","1":"product","2":"type-product","3":"status-publish","4":"has-post-thumbnail","6":"product_cat-vozol-rave-40000","8":"first","9":"instock","10":"shipping-taxable","11":"purchasable","12":"product-type-variable"},"acf":[],"_links":{"self":[{"href":"https:\/\/vozolpuff.de\/hu\/wp-json\/wp\/v2\/product\/973","targetHints":{"allow":["GET"]}}],"collection":[{"href":"https:\/\/vozolpuff.de\/hu\/wp-json\/wp\/v2\/product"}],"about":[{"href":"https:\/\/vozolpuff.de\/hu\/wp-json\/wp\/v2\/types\/product"}],"replies":[{"embeddable":true,"href":"https:\/\/vozolpuff.de\/hu\/wp-json\/wp\/v2\/comments?post=973"}],"wp:featuredmedia":[{"embeddable":true,"href":"https:\/\/vozolpuff.de\/hu\/wp-json\/wp\/v2\/media\/976"}],"wp:attachment":[{"href":"https:\/\/vozolpuff.de\/hu\/wp-json\/wp\/v2\/media?parent=973"}],"wp:term":[{"taxonomy":"product_brand","embeddable":true,"href":"https:\/\/vozolpuff.de\/hu\/wp-json\/wp\/v2\/product_brand?post=973"},{"taxonomy":"product_cat","embeddable":true,"href":"https:\/\/vozolpuff.de\/hu\/wp-json\/wp\/v2\/product_cat?post=973"},{"taxonomy":"product_tag","embeddable":true,"href":"https:\/\/vozolpuff.de\/hu\/wp-json\/wp\/v2\/product_tag?post=973"}],"curies":[{"name":"wp","href":"https:\/\/api.w.org\/{rel}","templated":true}]}}