{"id":978,"date":"2025-08-24T16:07:12","date_gmt":"2025-08-24T14:07:12","guid":{"rendered":"https:\/\/vozolpuff.de\/?post_type=product&#038;p=978"},"modified":"2026-04-26T04:52:47","modified_gmt":"2026-04-26T02:52:47","slug":"vozol-rave-40000-love-777","status":"publish","type":"product","link":"https:\/\/vozolpuff.de\/hu\/termek\/vozol-rave-40000-love-777\/","title":{"rendered":"Vozol Rave 40000 Love 777"},"content":{"rendered":"<h2 class=\"text-xl font-bold text-text-100 mt-1 -mb-0.5\">Vozol Rave 40000 Love 777 eldobhat\u00f3 e-cigaretta<\/h2>\n<p class=\"whitespace-normal break-words\">Fedezze fel a titokzatos Love 777 arom\u00e1t a VOZOL RAVE 40000 Love 777 Limited Edition seg\u00edts\u00e9g\u00e9vel. Ez az exkluz\u00edv eldobhat\u00f3 e-cigaretta egyed\u00fcl\u00e1ll\u00f3, komplex \u00edzvil\u00e1ggal rendelkezik, amely minden slukkban boldogs\u00e1got \u00e9s szenved\u00e9lyt \u00edg\u00e9r. A l\u00e1tv\u00e1nyos, 3D-effektusokkal ell\u00e1tott 270\u00b0-os Beat-Sensing kijelz\u0151 minden haszn\u00e1latot vizu\u00e1lis \u00e9lm\u00e9nny\u00e9 var\u00e1zsol. A leg\u00fajabb S.i.L.C Dual-MCU technol\u00f3gi\u00e1val \u00e9s egy nagy teljes\u00edtm\u00e9ny\u0171 1000 mAh-s akkumul\u00e1torral kombin\u00e1lva a Love 777 a t\u00f6k\u00e9letes vaping partner\u00e9v\u00e9 v\u00e1lik, ak\u00e1r 40 000 felejthetetlen slukkig.<\/p>\n<h3 class=\"text-lg font-bold text-text-100 mt-1 -mb-1.5\">Love 777 pr\u00e9mium funkci\u00f3k:<\/h3>\n<p class=\"whitespace-normal break-words\"><strong>Rejt\u00e9lyes \u00edz:<\/strong> 20 ml exkluz\u00edv Love 777 Signature folyad\u00e9k<br \/>\n<strong>Akkumul\u00e1tor teljes\u00edtm\u00e9nye:<\/strong> 1000 mAh professzion\u00e1lis min\u0151s\u00e9g\u0171 akkumul\u00e1tor gyors t\u00f6lt\u00e9ssel<br \/>\n<strong>\u00c9letre sz\u00f3l\u00f3 puffok:<\/strong> Maximum 40 000 h\u00faz\u00e1s (klasszikus st\u00edlus) | 25 000 h\u00faz\u00e1s (intenz\u00edv st\u00edlus)<br \/>\n<strong>Nikotin-formula:<\/strong> 5% (50 mg) pr\u00e9mium nikotinkever\u00e9k<br \/>\n<strong>Coil-Excellence:<\/strong> Ultra pr\u00e9mium h\u00e1l\u00f3f\u0171t\u0151 elemek<br \/>\n<strong>Airflow-Precision:<\/strong> Mikro-be\u00e1ll\u00edthat\u00f3 l\u00e9g\u00e1raml\u00e1s-rendszer<br \/>\n<strong>Kijelz\u0151-m\u00e1gia:<\/strong> Krist\u00e1lytiszta digit\u00e1lis interf\u00e9sz<br \/>\n<strong>Beat-szimf\u00f3nia:<\/strong> 270\u00b0 ritmikus \u00e9rz\u00e9kel\u00e9s l\u00e1tv\u00e1nyos effektekkel<br \/>\n<strong>Tapasztalati m\u00f3dok:<\/strong> Klasszikus \u00e9s intenz\u00edv g\u0151z\u00f6l\u00e9si \u00e9lm\u00e9ny<br \/>\n<strong>Tech-Heart:<\/strong> Next-Gen S.i.L.C technol\u00f3gia Kett\u0151s MCU-agy<\/p>\n<h3 class=\"text-lg font-bold text-text-100 mt-1 -mb-1.5\">Fedezzen fel t\u00f6bb VOZOL VAPE-t a vozolpuff-on<\/h3>\n<p class=\"whitespace-normal break-words\">Fedezzen fel t\u00f6bbet <strong><a class=\"underline\" href=\"https:\/\/vozolpuff.de\/hu\/\">VOZOL term\u00e9kek<\/a><\/strong> v\u00e1laszt\u00e9kunkban, vagy b\u00f6ng\u00e9sszen a teljes k\u00edn\u00e1latunkban a <strong><a class=\"underline\" href=\"https:\/\/vozolpuff.de\/hu\/product-category\/vozol-vape\/\">VOZOL VAPE kateg\u00f3ria<\/a><\/strong>. Az \u00f6sszes kaphat\u00f3 \u00edzt megtal\u00e1lja a <strong><a class=\"underline\" href=\"https:\/\/vozolpuff.de\/hu\/product-category\/vozol-vape\/vozol-rave-40000\/\">Vozol Rave 40000 kollekci\u00f3<\/a><\/strong>.<\/p>","protected":false},"excerpt":{"rendered":"<p>A VOZOL RAVE 40000 Love 777 eldobhat\u00f3 vaporiz\u00e1tor limit\u00e1lt kiad\u00e1sban rejt\u00e9lyes, exkluz\u00edv arom\u00e1s \u00e9lm\u00e9nyt k\u00edn\u00e1l. Ak\u00e1r 40 000 slukk, l\u00e1tv\u00e1nyos 270\u00b0-os Beat-kijelz\u0151 3D-effektusokkal, 1000 mAh-s akkumul\u00e1tor \u00e9s S.i.L.C Dual-MCU technol\u00f3gia felejthetetlen \u00e9lm\u00e9nyeket garant\u00e1l.<\/p>","protected":false},"featured_media":981,"comment_status":"open","ping_status":"closed","template":"","meta":{"_acf_changed":false},"product_brand":[],"product_cat":[32],"product_tag":[],"class_list":{"0":"post-978","1":"product","2":"type-product","3":"status-publish","4":"has-post-thumbnail","6":"product_cat-vozol-rave-40000","8":"first","9":"instock","10":"shipping-taxable","11":"purchasable","12":"product-type-variable"},"acf":[],"_links":{"self":[{"href":"https:\/\/vozolpuff.de\/hu\/wp-json\/wp\/v2\/product\/978","targetHints":{"allow":["GET"]}}],"collection":[{"href":"https:\/\/vozolpuff.de\/hu\/wp-json\/wp\/v2\/product"}],"about":[{"href":"https:\/\/vozolpuff.de\/hu\/wp-json\/wp\/v2\/types\/product"}],"replies":[{"embeddable":true,"href":"https:\/\/vozolpuff.de\/hu\/wp-json\/wp\/v2\/comments?post=978"}],"wp:featuredmedia":[{"embeddable":true,"href":"https:\/\/vozolpuff.de\/hu\/wp-json\/wp\/v2\/media\/981"}],"wp:attachment":[{"href":"https:\/\/vozolpuff.de\/hu\/wp-json\/wp\/v2\/media?parent=978"}],"wp:term":[{"taxonomy":"product_brand","embeddable":true,"href":"https:\/\/vozolpuff.de\/hu\/wp-json\/wp\/v2\/product_brand?post=978"},{"taxonomy":"product_cat","embeddable":true,"href":"https:\/\/vozolpuff.de\/hu\/wp-json\/wp\/v2\/product_cat?post=978"},{"taxonomy":"product_tag","embeddable":true,"href":"https:\/\/vozolpuff.de\/hu\/wp-json\/wp\/v2\/product_tag?post=978"}],"curies":[{"name":"wp","href":"https:\/\/api.w.org\/{rel}","templated":true}]}}