{"id":989,"date":"2025-08-24T16:25:12","date_gmt":"2025-08-24T14:25:12","guid":{"rendered":"https:\/\/vozolpuff.de\/?post_type=product&#038;p=989"},"modified":"2026-01-15T11:51:36","modified_gmt":"2026-01-15T10:51:36","slug":"vozol-rave-40000-blueberry-storm","status":"publish","type":"product","link":"https:\/\/vozolpuff.de\/hu\/termek\/vozol-rave-40000-blueberry-storm\/","title":{"rendered":"Vozol Rave 40000 \u00c1fonya vihar"},"content":{"rendered":"<h2 class=\"text-xl font-bold text-text-100 mt-1 -mb-0.5\">Vozol Rave 40000 Blueberry Storm eldobhat\u00f3 vape<\/h2>\n<p class=\"whitespace-normal break-words\">Tapasztald meg a VOZOL RAVE 40000 intenz\u00edv \u00e1fonyavihar\u00e1t, ahol az \u00e9des \u00e1fonya tal\u00e1lkozik a friss\u00edt\u0151 vihar intenzit\u00e1s\u00e1val. Ez a kiv\u00e1l\u00f3 min\u0151s\u00e9g\u0171 eldobhat\u00f3 vape ak\u00e1r 40.000 g\u0151zpuffot kombin\u00e1l a legmodernebb kijelz\u0151technol\u00f3gi\u00e1val. Az \u00fajrat\u00f6lthet\u0151 1000mAh-s akkumul\u00e1tor biztos\u00edtja a hosszan tart\u00f3 g\u0151z\u00f6l\u00e9si \u00fcl\u00e9seket \u00e1lland\u00f3 energi\u00e1val.<\/p>\n<h3 class=\"text-lg font-bold text-text-100 mt-1 -mb-1.5\">A Blueberry Storm v\u00e1ltozat specifik\u00e1ci\u00f3i:<\/h3>\n<p class=\"whitespace-normal break-words\"><strong>Folyad\u00e9ktartalom:<\/strong> 20ml intenz\u00edv \u00e1fonya kompoz\u00edci\u00f3<br \/>\n<strong>Akkumul\u00e1torteljes\u00edtm\u00e9ny:<\/strong> 1000mAh \u00fajrat\u00f6lthet\u0151 USB-C-n kereszt\u00fcl<br \/>\n<strong>Puff sz\u00e1m:<\/strong> Kb. 40.000 l\u00e9p\u00e9s (norm\u00e1l m\u00f3d) | 25.000 l\u00e9p\u00e9s (boost m\u00f3d)<br \/>\n<strong>Nikotinszint:<\/strong> 5% (50mg) az er\u0151teljes hat\u00e1s \u00e9rdek\u00e9ben<br \/>\n<strong>P\u00e1rologtat\u00f3 Tech:<\/strong> H\u00e1l\u00f3s tekercsrendszer a tiszta \u00edzek\u00e9rt<br \/>\n<strong>L\u00e9g\u00e1raml\u00e1s-szab\u00e1lyoz\u00e1s:<\/strong> Egy\u00e9nileg testre szabhat\u00f3 l\u00e9gellen\u00e1ll\u00e1s<br \/>\n<strong>Megjelen\u00edt\u00e9si funkci\u00f3:<\/strong> Digit\u00e1lis kijelz\u0151 az \u00e1llapotfigyel\u00e9shez<br \/>\n<strong>270\u00b0-os \u00e9rz\u00e9kel\u0151:<\/strong> Beat-felismer\u0151 technol\u00f3gia \u00e9l\u0151 visszajelz\u00e9ssel<br \/>\n<strong>T\u00fczel\u00e9si m\u00f3dok:<\/strong> K\u00e9t k\u00fcl\u00f6nb\u00f6z\u0151 intenzit\u00e1si szint<br \/>\n<strong>Processzor:<\/strong> Dual MCU S.i.L.C. technol\u00f3gia<\/p>\n<h3 class=\"text-lg font-bold text-text-100 mt-1 -mb-1.5\">Fedezzen fel t\u00f6bb VOZOL VAPE-t a vozolpuff-on<\/h3>\n<p class=\"whitespace-normal break-words\">Fedezzen fel t\u00f6bb pr\u00e9mium e-cigarett\u00e1t a <strong><a class=\"underline\" href=\"https:\/\/vozolpuff.de\/hu\/\">Kezd\u0151lap<\/a><\/strong>, fedezze fel a teljes <strong><a class=\"underline\" href=\"https:\/\/vozolpuff.de\/hu\/product-category\/vozol-vape\/\">VOZOL VAPE kollekci\u00f3<\/a><\/strong> vagy b\u00f6ng\u00e9szhet az \u00f6sszes el\u00e9rhet\u0151 <strong><a class=\"underline\" href=\"https:\/\/vozolpuff.de\/hu\/product-category\/vozol-vape\/vozol-rave-40000\/\">Vozol Rave 40000 \u00edzek<\/a><\/strong>.<\/p>","protected":false},"excerpt":{"rendered":"<p>A VOZOL RAVE 40000 Blueberry Storm eldobhat\u00f3 vape intenz\u00edv \u00e1fony\u00e1s \u00edzeket k\u00edn\u00e1l friss\u00edt\u0151 vihar intenzit\u00e1ssal. Ak\u00e1r 40 000 puffol\u00e1ssal, 270\u00b0-os \u00fctem\u00e9rz\u00e9kel\u0151s kijelz\u0151vel, \u00fajrat\u00f6lthet\u0151 1000mAh akkumul\u00e1torral \u00e9s kett\u0151s MCU technol\u00f3gi\u00e1val az er\u0151teljes g\u0151z\u00f6l\u00e9sekhez.<\/p>","protected":false},"featured_media":991,"comment_status":"open","ping_status":"closed","template":"","meta":{"_acf_changed":false},"product_brand":[],"product_cat":[32],"product_tag":[],"class_list":{"0":"post-989","1":"product","2":"type-product","3":"status-publish","4":"has-post-thumbnail","6":"product_cat-vozol-rave-40000","8":"first","9":"instock","10":"shipping-taxable","11":"purchasable","12":"product-type-variable"},"acf":[],"_links":{"self":[{"href":"https:\/\/vozolpuff.de\/hu\/wp-json\/wp\/v2\/product\/989","targetHints":{"allow":["GET"]}}],"collection":[{"href":"https:\/\/vozolpuff.de\/hu\/wp-json\/wp\/v2\/product"}],"about":[{"href":"https:\/\/vozolpuff.de\/hu\/wp-json\/wp\/v2\/types\/product"}],"replies":[{"embeddable":true,"href":"https:\/\/vozolpuff.de\/hu\/wp-json\/wp\/v2\/comments?post=989"}],"wp:featuredmedia":[{"embeddable":true,"href":"https:\/\/vozolpuff.de\/hu\/wp-json\/wp\/v2\/media\/991"}],"wp:attachment":[{"href":"https:\/\/vozolpuff.de\/hu\/wp-json\/wp\/v2\/media?parent=989"}],"wp:term":[{"taxonomy":"product_brand","embeddable":true,"href":"https:\/\/vozolpuff.de\/hu\/wp-json\/wp\/v2\/product_brand?post=989"},{"taxonomy":"product_cat","embeddable":true,"href":"https:\/\/vozolpuff.de\/hu\/wp-json\/wp\/v2\/product_cat?post=989"},{"taxonomy":"product_tag","embeddable":true,"href":"https:\/\/vozolpuff.de\/hu\/wp-json\/wp\/v2\/product_tag?post=989"}],"curies":[{"name":"wp","href":"https:\/\/api.w.org\/{rel}","templated":true}]}}