{"id":999,"date":"2025-08-24T16:32:03","date_gmt":"2025-08-24T14:32:03","guid":{"rendered":"https:\/\/vozolpuff.de\/?post_type=product&#038;p=999"},"modified":"2026-01-15T11:51:11","modified_gmt":"2026-01-15T10:51:11","slug":"vozol-rave-40000-cherry-cola","status":"publish","type":"product","link":"https:\/\/vozolpuff.de\/hu\/termek\/vozol-rave-40000-cherry-cola\/","title":{"rendered":"Vozol Rave 40000 Cherry Cola"},"content":{"rendered":"<h2 class=\"text-xl font-bold text-text-100 mt-1 -mb-0.5\">Vozol Rave 40000 Cherry Cola eldobhat\u00f3 e-cigaretta<\/h2>\n<p class=\"whitespace-normal break-words\">\u00c9lvezze a VOZOL RAVE 40000 Cherry Cola nosztalgikus kombin\u00e1ci\u00f3j\u00e1t \u00e9des csereszny\u00e9vel \u00e9s klasszikus k\u00f3l\u00e1val. Ez az egyed\u00fcl\u00e1ll\u00f3 \u00edz a gy\u00fcm\u00f6lcs\u00f6s cseresznye \u00edz\u00e9t \u00f6tv\u00f6zi a k\u00f3la ikonikus sz\u00e9nsavas arom\u00e1j\u00e1val. Az innovat\u00edv Beat-Sensing Display dinamikusan reag\u00e1l minden slukkra, \u00e9s a g\u0151z\u00f6l\u00e9st multiszenzoros \u00e9lm\u00e9nny\u00e9 teszi.<\/p>\n<h3 class=\"text-lg font-bold text-text-100 mt-1 -mb-1.5\">A Cherry Cola kivitel m\u0171szaki adatai:<\/h3>\n<p class=\"whitespace-normal break-words\"><strong>T\u00f6lt\u00e9si t\u00e9rfogat:<\/strong> 20 ml eredeti csereszny\u00e9s k\u00f3lakever\u00e9k<br \/>\n<strong>T\u00e1pegys\u00e9g:<\/strong> 1000 mAh l\u00edtium akkumul\u00e1tor USB-C porttal<br \/>\n<strong>G\u0151zkibocs\u00e1t\u00e1s:<\/strong> Ak\u00e1r 40 000 inhal\u00e1l\u00e1s (Eco m\u00f3d) | 25 000 (Performance m\u00f3d)<br \/>\n<strong>nikotinkoncentr\u00e1ci\u00f3:<\/strong> 5% (50 mg) a jellegzetes \u00edz\u00e9rt<br \/>\n<strong>Tekercs kialak\u00edt\u00e1sa:<\/strong> H\u00e1l\u00f3technol\u00f3gia a tiszta aroma kibontakoz\u00e1s\u00e1\u00e9rt<br \/>\n<strong>Huzat\u00e1ll\u00f3s\u00e1g:<\/strong> \u00c1ll\u00edthat\u00f3 l\u00e9g\u00e1raml\u00e1s-szab\u00e1lyoz\u00e1s<br \/>\n<strong>Infok\u00e9perny\u0151:<\/strong> Digit\u00e1lis fel\u00fcgyeleti rendszer<br \/>\n<strong>Interakt\u00edv kijelz\u0151:<\/strong> 270\u00b0-os mozg\u00e1s\u00e9rz\u00e9kel\u0151 vizu\u00e1lis visszajelz\u00e9ssel<br \/>\n<strong>Teljes\u00edtm\u00e9nym\u00f3dok:<\/strong> Kett\u0151s be\u00e1ll\u00edt\u00e1s k\u00fcl\u00f6nb\u00f6z\u0151 g\u0151zerej\u0171s\u00e9gekhez<br \/>\n<strong>Chipk\u00e9szlet:<\/strong> Kett\u0151s MCU rendszer a S.i.L.C Tech-t\u0151l<\/p>\n<h3 class=\"text-lg font-bold text-text-100 mt-1 -mb-1.5\">Fedezzen fel t\u00f6bb VOZOL VAPE-t a vozolpuff-on<\/h3>\n<p class=\"whitespace-normal break-words\">Fedezzen fel t\u00f6bb pr\u00e9mium e-cigarett\u00e1t a <strong><a class=\"underline\" href=\"https:\/\/vozolpuff.de\/hu\/\">Kezd\u0151lap<\/a><\/strong>, fedezze fel a teljes <strong><a class=\"underline\" href=\"https:\/\/vozolpuff.de\/hu\/product-category\/vozol-vape\/\">VOZOL VAPE kollekci\u00f3<\/a><\/strong> vagy b\u00f6ng\u00e9szhet az \u00f6sszes el\u00e9rhet\u0151 <strong><a class=\"underline\" href=\"https:\/\/vozolpuff.de\/hu\/product-category\/vozol-vape\/vozol-rave-40000\/\">Vozol Rave 40000 \u00edzek<\/a><\/strong>.<\/p>","protected":false},"excerpt":{"rendered":"<p>A VOZOL RAVE 40000 Cherry Cola eldobhat\u00f3 e-cigaretta \u00e9des csereszny\u00e9t \u00e9s klasszikus k\u00f3la arom\u00e1t \u00f6tv\u00f6z egy nosztalgikus \u00edz\u00e9lm\u00e9nyben. Ak\u00e1r 40 000 slukk, dinamikus Beat-Sensing kijelz\u0151, 1000 mAh-s akkumul\u00e1tor \u00e9s Mesh technol\u00f3gia az autentikus csereszny\u00e9s k\u00f3la \u00e9lm\u00e9ny\u00e9rt.<\/p>","protected":false},"featured_media":1001,"comment_status":"open","ping_status":"closed","template":"","meta":{"_acf_changed":false},"product_brand":[],"product_cat":[32],"product_tag":[],"class_list":{"0":"post-999","1":"product","2":"type-product","3":"status-publish","4":"has-post-thumbnail","6":"product_cat-vozol-rave-40000","8":"first","9":"instock","10":"shipping-taxable","11":"purchasable","12":"product-type-variable"},"acf":[],"_links":{"self":[{"href":"https:\/\/vozolpuff.de\/hu\/wp-json\/wp\/v2\/product\/999","targetHints":{"allow":["GET"]}}],"collection":[{"href":"https:\/\/vozolpuff.de\/hu\/wp-json\/wp\/v2\/product"}],"about":[{"href":"https:\/\/vozolpuff.de\/hu\/wp-json\/wp\/v2\/types\/product"}],"replies":[{"embeddable":true,"href":"https:\/\/vozolpuff.de\/hu\/wp-json\/wp\/v2\/comments?post=999"}],"wp:featuredmedia":[{"embeddable":true,"href":"https:\/\/vozolpuff.de\/hu\/wp-json\/wp\/v2\/media\/1001"}],"wp:attachment":[{"href":"https:\/\/vozolpuff.de\/hu\/wp-json\/wp\/v2\/media?parent=999"}],"wp:term":[{"taxonomy":"product_brand","embeddable":true,"href":"https:\/\/vozolpuff.de\/hu\/wp-json\/wp\/v2\/product_brand?post=999"},{"taxonomy":"product_cat","embeddable":true,"href":"https:\/\/vozolpuff.de\/hu\/wp-json\/wp\/v2\/product_cat?post=999"},{"taxonomy":"product_tag","embeddable":true,"href":"https:\/\/vozolpuff.de\/hu\/wp-json\/wp\/v2\/product_tag?post=999"}],"curies":[{"name":"wp","href":"https:\/\/api.w.org\/{rel}","templated":true}]}}