{"id":331,"date":"2025-08-21T10:45:50","date_gmt":"2025-08-21T08:45:50","guid":{"rendered":"https:\/\/vozolpuff.de\/?page_id=331"},"modified":"2025-08-21T10:45:52","modified_gmt":"2025-08-21T08:45:52","slug":"versand-und-lieferung","status":"publish","type":"page","link":"https:\/\/vozolpuff.de\/it\/versand-und-lieferung\/","title":{"rendered":"Spedizione e consegna"},"content":{"rendered":"<h2 class=\"wp-block-heading\"><strong>Elaborazione e spedizione degli ordini<\/strong><\/h2>\n\n\n\n<ul class=\"wp-block-list\">\n<li><strong>Tempo di elaborazione<\/strong>Gli ordini vengono elaborati e spediti entro 1-5 giorni lavorativi.<\/li>\n\n\n\n<li><strong>Tempi di consegna standard<\/strong>Il tempo di consegna abituale \u00e8 di 10-15 giorni lavorativi<\/li>\n\n\n\n<li><strong>Pausa di spedizione<\/strong>La merce non viene spedita nei fine settimana e nei giorni festivi.<\/li>\n<\/ul>\n\n\n\n<h2 class=\"wp-block-heading\"><strong>Tracciabilit\u00e0 dei pacchi<\/strong><\/h2>\n\n\n\n<ul class=\"wp-block-list\">\n<li><strong>Notifica di tracciamento<\/strong>Dopo la spedizione, i clienti ricevono un'e-mail con il numero di tracking per il controllo della spedizione.<\/li>\n\n\n\n<li><strong>Aggiornamento dei dati di tracciamento<\/strong>Le informazioni sulla tracciabilit\u00e0 sono aggiornate solo 3-7 giorni dopo la spedizione.<\/li>\n<\/ul>\n\n\n\n<h2 class=\"wp-block-heading\"><strong>Modifiche e cancellazioni di ordini<\/strong><\/h2>\n\n\n\n<ul class=\"wp-block-list\">\n<li><strong>Prima della spedizione<\/strong>Gli ordini possono essere annullati prima della spedizione o l'indirizzo di consegna pu\u00f2 essere modificato.<\/li>\n\n\n\n<li><strong>Dopo la spedizione<\/strong>Non sono possibili rimborsi o cambi di indirizzo dopo la spedizione.<\/li>\n<\/ul>\n\n\n\n<h2 class=\"wp-block-heading\"><strong>Sdoganamento e sdoganamento<\/strong><\/h2>\n\n\n\n<ul class=\"wp-block-list\">\n<li><strong>Consegna DDP (Delivery Duty Paid)<\/strong>Viene offerto ai seguenti paesi\/regioni, per cui non vengono sostenuti costi doganali o di trattamento:\n<ul class=\"wp-block-list\">\n<li>USA (via UPS, tranne Alaska e Hawaii)<\/li>\n\n\n\n<li>Australia (via Australia Post)<\/li>\n\n\n\n<li>Regno Unito (tramite DPD Express)<\/li>\n\n\n\n<li>Europa (via DHL Express \/ DPD Express)<\/li>\n<\/ul>\n<\/li>\n<\/ul>\n\n\n\n<h2 class=\"wp-block-heading\"><strong>Limitazioni del servizio<\/strong><\/h2>\n\n\n\n<ul class=\"wp-block-list\">\n<li><strong>Paesi non disponibili<\/strong>Il servizio non \u00e8 disponibile in alcuni paesi con normative doganali rigide: Danimarca, Australia, Norvegia e Svizzera.<\/li>\n<\/ul>\n\n\n\n<h2 class=\"wp-block-heading\"><strong>Informazioni supplementari<\/strong><\/h2>\n\n\n\n<ul class=\"wp-block-list\">\n<li><strong>Regioni remote<\/strong>Costi aggiuntivi e tempi di consegna pi\u00f9 lunghi possono essere applicati per le aree difficili da raggiungere.<\/li>\n\n\n\n<li><strong>Assistenza clienti<\/strong>Per qualsiasi domanda, contattare il servizio clienti all'indirizzo czhiwen97@gmail.com.<\/li>\n<\/ul>","protected":false},"excerpt":{"rendered":"<p>Auftragsabwicklung und Versendung Paketverfolgung \u00c4nderungen und Stornierungen von Bestellungen Zollabwicklung und Verzollung Servicebeschr\u00e4nkungen Erg\u00e4nzende Informationen<\/p>","protected":false},"author":1,"featured_media":0,"parent":0,"menu_order":0,"comment_status":"closed","ping_status":"closed","template":"","meta":{"_acf_changed":false,"footnotes":""},"class_list":["post-331","page","type-page","status-publish","hentry"],"acf":[],"_links":{"self":[{"href":"https:\/\/vozolpuff.de\/it\/wp-json\/wp\/v2\/pages\/331","targetHints":{"allow":["GET"]}}],"collection":[{"href":"https:\/\/vozolpuff.de\/it\/wp-json\/wp\/v2\/pages"}],"about":[{"href":"https:\/\/vozolpuff.de\/it\/wp-json\/wp\/v2\/types\/page"}],"author":[{"embeddable":true,"href":"https:\/\/vozolpuff.de\/it\/wp-json\/wp\/v2\/users\/1"}],"replies":[{"embeddable":true,"href":"https:\/\/vozolpuff.de\/it\/wp-json\/wp\/v2\/comments?post=331"}],"version-history":[{"count":2,"href":"https:\/\/vozolpuff.de\/it\/wp-json\/wp\/v2\/pages\/331\/revisions"}],"predecessor-version":[{"id":2549,"href":"https:\/\/vozolpuff.de\/it\/wp-json\/wp\/v2\/pages\/331\/revisions\/2549"}],"wp:attachment":[{"href":"https:\/\/vozolpuff.de\/it\/wp-json\/wp\/v2\/media?parent=331"}],"curies":[{"name":"wp","href":"https:\/\/api.w.org\/{rel}","templated":true}]}}