{"id":1104,"date":"2025-08-25T10:09:20","date_gmt":"2025-08-25T08:09:20","guid":{"rendered":"https:\/\/vozolpuff.de\/?post_type=product&#038;p=1104"},"modified":"2026-04-26T04:51:34","modified_gmt":"2026-04-26T02:51:34","slug":"vozol-gear-power-20000-strawberry-kiwi","status":"publish","type":"product","link":"https:\/\/vozolpuff.de\/it\/prodotto\/vozol-gear-power-20000-strawberry-kiwi\/","title":{"rendered":"Vozol Gear Power 20000 Fragola Kiwi"},"content":{"rendered":"<h2 class=\"text-xl font-bold text-text-100 mt-1 -mb-0.5\">Vozol Gear Power 20000 Strawberry Kiwi vape usa e getta<\/h2>\n<p class=\"whitespace-normal break-words\">Il Vozol Gear Power 20000 Strawberry Kiwi combina la dolcezza delle fragole mature con la freschezza esotica del kiwi per creare un'esperienza di gusto armoniosa. Questa svapata monouso di qualit\u00e0 superiore colpisce per la sua eccezionale tecnologia e la possibilit\u00e0 di personalizzarne le prestazioni. Il display intuitivo vi tiene sempre informati sullo stato attuale.<\/p>\n<h3 class=\"text-lg font-bold text-text-100 mt-1 -mb-1.5\">Specifiche del prodotto:<\/h3>\n<p class=\"whitespace-normal break-words\"><strong>Tecnologia innovativa S.i.L.C:<\/strong> Assicura i pi\u00f9 alti standard di qualit\u00e0 del vapore e fedelt\u00e0 del sapore<\/p>\n<p class=\"whitespace-normal break-words\"><strong>Funzionalit\u00e0 multimodale:<\/strong> Utilizzare 20.000 soffi economici o 12.000 soffi intensivi.<\/p>\n<p class=\"whitespace-normal break-words\"><strong>Sistema professionale a bobina:<\/strong> Ottimizza il trasferimento dei nutrienti sottili della frutta<\/p>\n<p class=\"whitespace-normal break-words\"><strong>Display di facile utilizzo:<\/strong> Visualizzazione chiara delle informazioni sulla batteria e sul liquido<\/p>\n<p class=\"whitespace-normal break-words\"><strong>Grande capacit\u00e0 di volume:<\/strong> e-liquido fruttato da 20 ml con contenuto di nicotina 5% (50 mg)<\/p>\n<h3 class=\"text-lg font-bold text-text-100 mt-1 -mb-1.5\">Scopri altri VOZOL VAPE su vozolpuff<\/h3>\n<p class=\"whitespace-normal break-words\">Trovate altre opzioni premium su <strong><a class=\"underline\" href=\"https:\/\/vozolpuff.de\/it\/\">vozolpuff.de<\/a><\/strong>, scoprite il nostro <strong><a class=\"underline\" href=\"https:\/\/vozolpuff.de\/it\/product-category\/vozol-vape\/\">VAPORE VOZOL<\/a><\/strong> o sfogliare l'intera gamma di prodotti <strong><a class=\"underline\" href=\"https:\/\/vozolpuff.de\/it\/product-category\/vozol-vape\/vozol-gear-power-20000\/\">Vozol Gear Power 20000<\/a><\/strong> Serie.<\/p>","protected":false},"excerpt":{"rendered":"<p>Il vape monouso Vozol Gear Power 20000 Strawberry Kiwi combina le dolci fragole con la freschezza esotica del kiwi. La tecnologia S.i.L.C e il sistema di bobine professionali ottimizzano le sottili sfumature di frutta con 12.000-20.000 boccate. Il display di facile utilizzo mostra lo stato della batteria e del liquido.<\/p>","protected":false},"featured_media":1106,"comment_status":"open","ping_status":"closed","template":"","meta":{"_acf_changed":false},"product_brand":[],"product_cat":[33],"product_tag":[],"class_list":{"0":"post-1104","1":"product","2":"type-product","3":"status-publish","4":"has-post-thumbnail","6":"product_cat-vozol-gear-power-20000","8":"first","9":"instock","10":"shipping-taxable","11":"purchasable","12":"product-type-variable"},"acf":[],"_links":{"self":[{"href":"https:\/\/vozolpuff.de\/it\/wp-json\/wp\/v2\/product\/1104","targetHints":{"allow":["GET"]}}],"collection":[{"href":"https:\/\/vozolpuff.de\/it\/wp-json\/wp\/v2\/product"}],"about":[{"href":"https:\/\/vozolpuff.de\/it\/wp-json\/wp\/v2\/types\/product"}],"replies":[{"embeddable":true,"href":"https:\/\/vozolpuff.de\/it\/wp-json\/wp\/v2\/comments?post=1104"}],"wp:featuredmedia":[{"embeddable":true,"href":"https:\/\/vozolpuff.de\/it\/wp-json\/wp\/v2\/media\/1106"}],"wp:attachment":[{"href":"https:\/\/vozolpuff.de\/it\/wp-json\/wp\/v2\/media?parent=1104"}],"wp:term":[{"taxonomy":"product_brand","embeddable":true,"href":"https:\/\/vozolpuff.de\/it\/wp-json\/wp\/v2\/product_brand?post=1104"},{"taxonomy":"product_cat","embeddable":true,"href":"https:\/\/vozolpuff.de\/it\/wp-json\/wp\/v2\/product_cat?post=1104"},{"taxonomy":"product_tag","embeddable":true,"href":"https:\/\/vozolpuff.de\/it\/wp-json\/wp\/v2\/product_tag?post=1104"}],"curies":[{"name":"wp","href":"https:\/\/api.w.org\/{rel}","templated":true}]}}