{"id":1178,"date":"2025-08-25T14:13:47","date_gmt":"2025-08-25T12:13:47","guid":{"rendered":"https:\/\/vozolpuff.de\/?post_type=product&#038;p=1178"},"modified":"2026-03-31T16:14:19","modified_gmt":"2026-03-31T14:14:19","slug":"vozol-gear-shisha-25000-two-apples","status":"publish","type":"product","link":"https:\/\/vozolpuff.de\/it\/prodotto\/vozol-gear-shisha-25000-two-apples\/","title":{"rendered":"Vozol Gear Shisha 25000 Due Mele"},"content":{"rendered":"<h2 class=\"text-xl font-bold text-text-100 mt-1 -mb-0.5\">Vozol Gear Shisha 25000 Two Apples Sigaretta elettronica usa e getta<\/h2>\n<p class=\"whitespace-normal break-words\">Il <strong>Vozol Gear Shisha 25000 Due Mele<\/strong> unisce la classica combinazione di sapori della doppia mela in un vaporizzatore usa e getta all'avanguardia. Con una capacit\u00e0 impressionante fino a 25.000 tiri in modalit\u00e0 Eco economica, potrete godervi momenti di vapore prolungati senza compromessi. La potente modalit\u00e0 Power offre esperienze di gusto pi\u00f9 intense grazie all'innovativa tecnologia Dual Mesh Coil. Il sistema di flusso d'aria aerodinamicamente ottimizzato \u00e8 stato sviluppato appositamente per gli appassionati di DTL e garantisce boccate morbide e senza sforzo. Dotato di una robusta batteria da 1000 mAh, un serbatoio di liquido da 24 ml di grande capacit\u00e0 e un chiaro display a colori da 2,1 pollici, questo dispositivo combina resistenza, innovazione e comfort in perfetta armonia.<\/p>\n<h3 class=\"text-lg font-bold text-text-100 mt-1 -mb-1.5\">Caratteristiche tecniche della Vozol Gear Shisha 25000 Two Apples:<\/h3>\n<p class=\"whitespace-normal break-words\"><strong>Accumulo di energia:<\/strong> Batteria ad alta capacit\u00e0 da 1000 mAh<br \/>\n<strong>Modalit\u00e0 Eco:<\/strong> Fino a 25.000 treni a vapore<br \/>\n<strong>Funzionamento a potenza:<\/strong> Fino a 18.000 treni a vapore<br \/>\n<strong>Forza della nicotina:<\/strong> 5mg\/ml per un'esperienza di vaping soddisfacente<br \/>\n<strong>Tecnologia di trazione:<\/strong> DTL (Direct-to-Lung) per nuvole di vapore voluminose<br \/>\n<strong>Elementi di riscaldamento:<\/strong> Bobine a doppia rete per un gusto e uno sviluppo di vapore ottimali<br \/>\n<strong>Caratteristiche intelligenti:<\/strong> Interazione audio per un funzionamento moderno<br \/>\n<strong>Display:<\/strong> Display a colori da 2,1 pollici per il monitoraggio dello stato<br \/>\n<strong>Alimentazione aria:<\/strong> Controllo del flusso d'aria variabile per esperienze di vaporizzazione personalizzate<\/p>\n<h3 class=\"text-lg font-bold text-text-100 mt-1 -mb-1.5\">Scopri altri VOZOL VAPE su vozolpuff<\/h3>\n<p class=\"whitespace-normal break-words\">Scoprite altri prodotti premium per il vapore nel nostro <strong><a class=\"underline\" href=\"https:\/\/vozolpuff.de\/it\/\">Assortimento principale<\/a><\/strong>sfogliare la nostra gamma completa di <strong><a class=\"underline\" href=\"https:\/\/vozolpuff.de\/it\/product-category\/vozol-vape\/\">Collezione VOZOL VAPE<\/a><\/strong> o esplorare tutti i prodotti disponibili <strong><a class=\"underline\" href=\"https:\/\/vozolpuff.de\/it\/product-category\/vozol-vape\/vozol-gear-shisha-25000\/\">Vozol Gear Shisha 25000 aromi<\/a><\/strong>.<\/p>","protected":false},"excerpt":{"rendered":"<div>\n<div class=\"grid-cols-1 grid gap-2.5 [&amp;_&gt;_*]:min-w-0\">\n<p class=\"whitespace-normal break-words\">Vozol Gear Shisha 25000 Two Apples Einweg-Vape mit klassischem Doppel-Apfel-Geschmack. Dual-Mesh-Technologie, 18.000-25.000 Z\u00fcge, 1000mAh Akku, 24ml E-Liquid und 2,1-Zoll-Farbdisplay f\u00fcr DTL-Dampfgenuss in Eco- oder Power-Modus.<\/p>\n<\/div>\n<\/div>\n<div class=\"flex flex-col gap-2 py-2\"><\/div>\n","protected":false},"featured_media":1181,"comment_status":"open","ping_status":"closed","template":"","meta":{"_acf_changed":false},"product_brand":[],"product_cat":[34],"product_tag":[],"class_list":{"0":"post-1178","1":"product","2":"type-product","3":"status-publish","4":"has-post-thumbnail","6":"product_cat-vozol-gear-shisha-25000","8":"first","9":"instock","10":"shipping-taxable","11":"purchasable","12":"product-type-variable"},"acf":[],"_links":{"self":[{"href":"https:\/\/vozolpuff.de\/it\/wp-json\/wp\/v2\/product\/1178","targetHints":{"allow":["GET"]}}],"collection":[{"href":"https:\/\/vozolpuff.de\/it\/wp-json\/wp\/v2\/product"}],"about":[{"href":"https:\/\/vozolpuff.de\/it\/wp-json\/wp\/v2\/types\/product"}],"replies":[{"embeddable":true,"href":"https:\/\/vozolpuff.de\/it\/wp-json\/wp\/v2\/comments?post=1178"}],"wp:featuredmedia":[{"embeddable":true,"href":"https:\/\/vozolpuff.de\/it\/wp-json\/wp\/v2\/media\/1181"}],"wp:attachment":[{"href":"https:\/\/vozolpuff.de\/it\/wp-json\/wp\/v2\/media?parent=1178"}],"wp:term":[{"taxonomy":"product_brand","embeddable":true,"href":"https:\/\/vozolpuff.de\/it\/wp-json\/wp\/v2\/product_brand?post=1178"},{"taxonomy":"product_cat","embeddable":true,"href":"https:\/\/vozolpuff.de\/it\/wp-json\/wp\/v2\/product_cat?post=1178"},{"taxonomy":"product_tag","embeddable":true,"href":"https:\/\/vozolpuff.de\/it\/wp-json\/wp\/v2\/product_tag?post=1178"}],"curies":[{"name":"wp","href":"https:\/\/api.w.org\/{rel}","templated":true}]}}