{"id":1184,"date":"2025-08-25T14:17:26","date_gmt":"2025-08-25T12:17:26","guid":{"rendered":"https:\/\/vozolpuff.de\/?post_type=product&#038;p=1184"},"modified":"2026-03-31T16:14:12","modified_gmt":"2026-03-31T14:14:12","slug":"vozol-gear-shisha-25000-watermelon-ice","status":"publish","type":"product","link":"https:\/\/vozolpuff.de\/it\/prodotto\/vozol-gear-shisha-25000-watermelon-ice\/","title":{"rendered":"Vozol Gear Shisha 25000 Ghiaccio all'anguria"},"content":{"rendered":"<h2 class=\"text-xl font-bold text-text-100 mt-1 -mb-0.5\">Vozol Gear Shisha 25000 Watermelon Ice Sigaretta elettronica usa e getta<\/h2>\n<p class=\"whitespace-normal break-words\">Esperienza con il <strong>Vozol Gear Shisha 25000 Ghiaccio all'anguria<\/strong> La fusione perfetta tra succosa anguria e freschezza rinfrescante. Questo dispositivo usa e getta premium offre ben 25.000 tiri in modalit\u00e0 Eco a risparmio energetico per lunghe sessioni di svapo. La potente modalit\u00e0 Power consente esperienze di gusto pi\u00f9 intense grazie alla tecnologia avanzata a doppia bobina mesh. Il design aerodinamico dell'Airway soddisfa perfettamente le esigenze dei vapers DTL pi\u00f9 esigenti e garantisce boccate istantanee e setose. La combinazione di una potente batteria da 1000 mAh, un generoso serbatoio per e-liquid da 24 ml e un moderno display mega da 2,1 pollici crea la simbiosi ideale tra durata, funzionalit\u00e0 e facilit\u00e0 d'uso.<\/p>\n<h3 class=\"text-lg font-bold text-text-100 mt-1 -mb-1.5\">Specifiche tecniche della Vozol Gear Shisha 25000 Watermelon Ice:<\/h3>\n<p class=\"whitespace-normal break-words\"><strong>Capacit\u00e0 della batteria:<\/strong> 1000 mAh per una maggiore durata<br \/>\n<strong>Modalit\u00e0 Eco:<\/strong> Fino a 25.000 boccate rinfrescanti<br \/>\n<strong>Modalit\u00e0 di alimentazione:<\/strong> Fino a 18.000 movimenti intensi<br \/>\n<strong>Contenuto di nicotina:<\/strong> 5 mg\/ml per momenti di vapore soddisfacenti<br \/>\n<strong>Stile a vapore:<\/strong> DTL (Direct To Lung) per una formazione di nuvole impressionante<br \/>\n<strong>Sistema a bobina:<\/strong> Tecnologia Dual Mesh per un gusto pi\u00f9 intenso e una maggiore produzione di vapore<br \/>\n<strong>Interattivit\u00e0:<\/strong> Feedback audio per un'esperienza utente moderna<br \/>\n<strong>Tecnologia di visualizzazione:<\/strong> Schermo a colori da 2,1 pollici per un facile monitoraggio<br \/>\n<strong>Sistema di flusso d'aria:<\/strong> Regolazione del flusso d'aria regolabile per boccate personalizzate<\/p>\n<h3 class=\"text-lg font-bold text-text-100 mt-1 -mb-1.5\">Scopri altri VOZOL VAPE su vozolpuff<\/h3>\n<p class=\"whitespace-normal break-words\">Scoprite altri prodotti premium per il vapore nel nostro <strong><a class=\"underline\" href=\"https:\/\/vozolpuff.de\/it\/\">Assortimento principale<\/a><\/strong>sfogliare la nostra gamma completa di <strong><a class=\"underline\" href=\"https:\/\/vozolpuff.de\/it\/product-category\/vozol-vape\/\">Collezione VOZOL VAPE<\/a><\/strong> o esplorare tutti i prodotti disponibili <strong><a class=\"underline\" href=\"https:\/\/vozolpuff.de\/it\/product-category\/vozol-vape\/vozol-gear-shisha-25000\/\">Vozol Gear Shisha 25000 aromi<\/a><\/strong>.<\/p>","protected":false},"excerpt":{"rendered":"<div>\n<div class=\"grid-cols-1 grid gap-2.5 [&amp;_&gt;_*]:min-w-0\">\n<p class=\"whitespace-normal break-words\">Vozol Gear Shisha 25000 Watermelon Ice Einweg-Vape mit saftiger Wassermelone und erfrischender K\u00fchle. Dual-Mesh-Technologie, 18.000-25.000 Z\u00fcge, 1000mAh Akku, 24ml E-Liquid und 2,1-Zoll-Farbdisplay f\u00fcr DTL-Dampfgenuss.<\/p>\n<\/div>\n<\/div>\n<div class=\"flex flex-col gap-2 py-2\"><\/div>\n","protected":false},"featured_media":1188,"comment_status":"open","ping_status":"closed","template":"","meta":{"_acf_changed":false},"product_brand":[],"product_cat":[34],"product_tag":[],"class_list":{"0":"post-1184","1":"product","2":"type-product","3":"status-publish","4":"has-post-thumbnail","6":"product_cat-vozol-gear-shisha-25000","8":"first","9":"instock","10":"shipping-taxable","11":"purchasable","12":"product-type-variable"},"acf":[],"_links":{"self":[{"href":"https:\/\/vozolpuff.de\/it\/wp-json\/wp\/v2\/product\/1184","targetHints":{"allow":["GET"]}}],"collection":[{"href":"https:\/\/vozolpuff.de\/it\/wp-json\/wp\/v2\/product"}],"about":[{"href":"https:\/\/vozolpuff.de\/it\/wp-json\/wp\/v2\/types\/product"}],"replies":[{"embeddable":true,"href":"https:\/\/vozolpuff.de\/it\/wp-json\/wp\/v2\/comments?post=1184"}],"wp:featuredmedia":[{"embeddable":true,"href":"https:\/\/vozolpuff.de\/it\/wp-json\/wp\/v2\/media\/1188"}],"wp:attachment":[{"href":"https:\/\/vozolpuff.de\/it\/wp-json\/wp\/v2\/media?parent=1184"}],"wp:term":[{"taxonomy":"product_brand","embeddable":true,"href":"https:\/\/vozolpuff.de\/it\/wp-json\/wp\/v2\/product_brand?post=1184"},{"taxonomy":"product_cat","embeddable":true,"href":"https:\/\/vozolpuff.de\/it\/wp-json\/wp\/v2\/product_cat?post=1184"},{"taxonomy":"product_tag","embeddable":true,"href":"https:\/\/vozolpuff.de\/it\/wp-json\/wp\/v2\/product_tag?post=1184"}],"curies":[{"name":"wp","href":"https:\/\/api.w.org\/{rel}","templated":true}]}}