{"id":1203,"date":"2025-08-25T14:45:15","date_gmt":"2025-08-25T12:45:15","guid":{"rendered":"https:\/\/vozolpuff.de\/?post_type=product&#038;p=1203"},"modified":"2026-03-31T16:13:54","modified_gmt":"2026-03-31T14:13:54","slug":"vozol-gear-shisha-25000-mango-peach","status":"publish","type":"product","link":"https:\/\/vozolpuff.de\/it\/prodotto\/vozol-gear-shisha-25000-mango-peach\/","title":{"rendered":"Vozol Gear Shisha 25000 Mango Pesca"},"content":{"rendered":"<h2 class=\"text-xl font-bold text-text-100 mt-1 -mb-0.5\">Vozol Gear Shisha 25000 Mango Peach Sigaretta elettronica usa e getta<\/h2>\n<p class=\"whitespace-normal break-words\">Godere con il <strong>Vozol Gear Shisha 25000 Mango Pesca<\/strong> L'armoniosa combinazione tra il mango esotico e la succosa dolcezza della pesca. Questo dispositivo usa e getta di prima classe convince con ben 25.000 boccate in modalit\u00e0 Eco a risparmio energetico per momenti di piacere senza fine. La modalit\u00e0 Power ottimizzata crea esperienze aromatiche pi\u00f9 intense grazie all'avanzata architettura a doppia bobina mesh. Il sofisticato concetto Airway \u00e8 stato progettato appositamente per gli appassionati di DTL e garantisce un vapore spontaneo e setoso. Dotato di una batteria affidabile da 1000 mAh, un voluminoso serbatoio per e-liquid da 24 ml e un chiaro display mega da 2,1 pollici, questo dispositivo combina in modo ideale durata, funzionalit\u00e0 e comfort per l'utente.<\/p>\n<h3 class=\"text-lg font-bold text-text-100 mt-1 -mb-1.5\">Caratteristiche della Vozol Gear Shisha 25000 Mango Peach:<\/h3>\n<p class=\"whitespace-normal break-words\"><strong>Tecnologia delle batterie:<\/strong> 1000 mAh per un utilizzo prolungato<br \/>\n<strong>Modalit\u00e0 di efficienza:<\/strong> Fino a 25.000 boccate fruttate<br \/>\n<strong>Modalit\u00e0 di funzionamento:<\/strong> Fino a 18.000 movimenti intensi<br \/>\n<strong>Livello di nicotina:<\/strong> 5 mg\/ml per un'esperienza di svapo soddisfacente<br \/>\n<strong>Tecnica di respirazione:<\/strong> DTL (Direct To Lung) per una produzione di vapore voluminosa<br \/>\n<strong>Innovazione della bobina:<\/strong> Sistema a doppia rete per un gusto e una produzione di vapore ottimali<br \/>\n<strong>Caratteristiche interattive:<\/strong> Integrazione audio per una funzionalit\u00e0 contemporanea<br \/>\n<strong>Innovazione del display:<\/strong> Schermo a colori da 2,1 pollici per una visualizzazione intuitiva dello stato<br \/>\n<strong>Gestione del flusso d'aria:<\/strong> Regolazione del flusso d'aria regolabile per un adattamento personalizzato<\/p>\n<h3 class=\"text-lg font-bold text-text-100 mt-1 -mb-1.5\">Scopri altri VOZOL VAPE su vozolpuff<\/h3>\n<p class=\"whitespace-normal break-words\">Scoprite altri prodotti premium per il vapore nel nostro <strong><a class=\"underline\" href=\"https:\/\/vozolpuff.de\/it\/\">Assortimento principale<\/a><\/strong>sfogliare la nostra gamma completa di <strong><a class=\"underline\" href=\"https:\/\/vozolpuff.de\/it\/product-category\/vozol-vape\/\">Collezione VOZOL VAPE<\/a><\/strong> o esplorare tutti i prodotti disponibili <strong><a class=\"underline\" href=\"https:\/\/vozolpuff.de\/it\/product-category\/vozol-vape\/vozol-gear-shisha-25000\/\">Vozol Gear Shisha 25000 aromi<\/a><\/strong>.<\/p>","protected":false},"excerpt":{"rendered":"<div>\n<div class=\"grid-cols-1 grid gap-2.5 [&amp;_&gt;_*]:min-w-0\">\n<p class=\"whitespace-normal break-words\">Vozol Gear Shisha 25000 Mango Peach Einweg-Vape mit harmonischer Mango-Pfirsich-Kombination. Dual-Mesh-Technologie, 18.000-25.000 Z\u00fcge, 1000mAh Akku, 24ml E-Liquid und 2,1-Zoll-Farbdisplay f\u00fcr DTL-Dampfgenuss.<\/p>\n<\/div>\n<\/div>\n<div class=\"flex flex-col gap-2 py-2\"><\/div>\n","protected":false},"featured_media":1206,"comment_status":"open","ping_status":"closed","template":"","meta":{"_acf_changed":false},"product_brand":[],"product_cat":[34],"product_tag":[],"class_list":{"0":"post-1203","1":"product","2":"type-product","3":"status-publish","4":"has-post-thumbnail","6":"product_cat-vozol-gear-shisha-25000","8":"first","9":"instock","10":"shipping-taxable","11":"purchasable","12":"product-type-variable"},"acf":[],"_links":{"self":[{"href":"https:\/\/vozolpuff.de\/it\/wp-json\/wp\/v2\/product\/1203","targetHints":{"allow":["GET"]}}],"collection":[{"href":"https:\/\/vozolpuff.de\/it\/wp-json\/wp\/v2\/product"}],"about":[{"href":"https:\/\/vozolpuff.de\/it\/wp-json\/wp\/v2\/types\/product"}],"replies":[{"embeddable":true,"href":"https:\/\/vozolpuff.de\/it\/wp-json\/wp\/v2\/comments?post=1203"}],"wp:featuredmedia":[{"embeddable":true,"href":"https:\/\/vozolpuff.de\/it\/wp-json\/wp\/v2\/media\/1206"}],"wp:attachment":[{"href":"https:\/\/vozolpuff.de\/it\/wp-json\/wp\/v2\/media?parent=1203"}],"wp:term":[{"taxonomy":"product_brand","embeddable":true,"href":"https:\/\/vozolpuff.de\/it\/wp-json\/wp\/v2\/product_brand?post=1203"},{"taxonomy":"product_cat","embeddable":true,"href":"https:\/\/vozolpuff.de\/it\/wp-json\/wp\/v2\/product_cat?post=1203"},{"taxonomy":"product_tag","embeddable":true,"href":"https:\/\/vozolpuff.de\/it\/wp-json\/wp\/v2\/product_tag?post=1203"}],"curies":[{"name":"wp","href":"https:\/\/api.w.org\/{rel}","templated":true}]}}