{"id":1213,"date":"2025-08-25T14:50:49","date_gmt":"2025-08-25T12:50:49","guid":{"rendered":"https:\/\/vozolpuff.de\/?post_type=product&#038;p=1213"},"modified":"2026-03-31T16:13:41","modified_gmt":"2026-03-31T14:13:41","slug":"vozol-gear-shisha-25000-blueberry-ice","status":"publish","type":"product","link":"https:\/\/vozolpuff.de\/it\/prodotto\/vozol-gear-shisha-25000-blueberry-ice\/","title":{"rendered":"Vozol Gear Shisha 25000 Mirtillo Ghiaccio"},"content":{"rendered":"<h2 class=\"text-xl font-bold text-text-100 mt-1 -mb-0.5\">Sigaretta elettronica usa e getta Vozol Gear Shisha 25000 Blueberry Ice<\/h2>\n<p class=\"whitespace-normal break-words\">Il <strong>Vozol Gear Shisha 25000 Mirtillo Ghiaccio<\/strong> combina il dolce sapore del mirtillo con un'intensa freschezza in un sofisticato vaporizzatore monouso. Con un'eccezionale capacit\u00e0 fino a 25.000 boccate in modalit\u00e0 economica eco, garantisce un piacere del vapore di lunga durata senza interruzioni. La modalit\u00e0 di alimentazione dinamica offre esperienze di sapore intensificate grazie alla tecnologia all'avanguardia della doppia bobina a maglia. Il design del canale dell'aria, ottimizzato dal punto di vista aerodinamico, \u00e8 stato creato esclusivamente per gli appassionati di DTL e garantisce un'estrazione del vapore immediata e vellutata. Dotato di un'affidabile batteria da 1000 mAh, di un generoso serbatoio per e-liquid da 24 ml e di un informativo mega schermo da 2,1 pollici, questo dispositivo combina durata, innovazione e convenienza in un equilibrio perfetto.<\/p>\n<h3 class=\"text-lg font-bold text-text-100 mt-1 -mb-1.5\">Punti di forza del prodotto Vozol Gear Shisha 25000 Blueberry Ice:<\/h3>\n<p class=\"whitespace-normal break-words\"><strong>Accumulo di energia:<\/strong> 1000 mAh per un'autonomia prolungata<br \/>\n<strong>Modalit\u00e0 economica:<\/strong> Fino a 25.000 treni freddi<br \/>\n<strong>Modalit\u00e0 Turbo:<\/strong> Fino a 18.000 tiri potenti<br \/>\n<strong>Contenuto di nicotina:<\/strong> 5mg\/ml per sessioni di svapo soddisfacenti<br \/>\n<strong>Tecnologia di trazione:<\/strong> DTL (Direct To Lung) per grandi quantit\u00e0 di vapore<br \/>\n<strong>Tecnologia di riscaldamento:<\/strong> Vaporizzatore a doppia maglia per il massimo del sapore e del volume di vapore<br \/>\n<strong>Caratteristiche aggiuntive:<\/strong> Interazione audio per l'uso contemporaneo<br \/>\n<strong>Sistema di visualizzazione:<\/strong> Display a colori da 2,1 pollici per un facile utilizzo<br \/>\n<strong>Controllo del flusso d'aria:<\/strong> Regolazione del flusso d'aria regolabile per impostazioni personalizzate<\/p>\n<h3 class=\"text-lg font-bold text-text-100 mt-1 -mb-1.5\">Scopri altri VOZOL VAPE su vozolpuff<\/h3>\n<p class=\"whitespace-normal break-words\">Scoprite altri prodotti premium per il vapore nel nostro <strong><a class=\"underline\" href=\"https:\/\/vozolpuff.de\/it\/\">Assortimento principale<\/a><\/strong>sfogliare la nostra gamma completa di <strong><a class=\"underline\" href=\"https:\/\/vozolpuff.de\/it\/product-category\/vozol-vape\/\">Collezione VOZOL VAPE<\/a><\/strong> o esplorare tutti i prodotti disponibili <strong><a class=\"underline\" href=\"https:\/\/vozolpuff.de\/it\/product-category\/vozol-vape\/vozol-gear-shisha-25000\/\">Vozol Gear Shisha 25000 aromi<\/a><\/strong>.<\/p>","protected":false},"excerpt":{"rendered":"<div>\n<div class=\"grid-cols-1 grid gap-2.5 [&amp;_&gt;_*]:min-w-0\">\n<div>\n<div class=\"grid-cols-1 grid gap-2.5 [&amp;_&gt;_*]:min-w-0\">\n<p class=\"whitespace-normal break-words\">Vozol Gear Shisha 25000 Blueberry Ice Einweg-Vape mit s\u00fc\u00dfen Blaubeeren und intensiver Frische. Dual-Mesh-Technologie, 18.000-25.000 Z\u00fcge, 1000mAh Akku, 24ml E-Liquid und 2,1-Zoll-Farbdisplay f\u00fcr DTL-Dampfgenuss.<\/p>\n<\/div>\n<\/div>\n<\/div>\n<\/div>\n<div class=\"flex flex-col gap-2 py-2\"><\/div>\n","protected":false},"featured_media":1215,"comment_status":"open","ping_status":"closed","template":"","meta":{"_acf_changed":false},"product_brand":[],"product_cat":[34],"product_tag":[],"class_list":{"0":"post-1213","1":"product","2":"type-product","3":"status-publish","4":"has-post-thumbnail","6":"product_cat-vozol-gear-shisha-25000","8":"first","9":"instock","10":"shipping-taxable","11":"purchasable","12":"product-type-variable"},"acf":[],"_links":{"self":[{"href":"https:\/\/vozolpuff.de\/it\/wp-json\/wp\/v2\/product\/1213","targetHints":{"allow":["GET"]}}],"collection":[{"href":"https:\/\/vozolpuff.de\/it\/wp-json\/wp\/v2\/product"}],"about":[{"href":"https:\/\/vozolpuff.de\/it\/wp-json\/wp\/v2\/types\/product"}],"replies":[{"embeddable":true,"href":"https:\/\/vozolpuff.de\/it\/wp-json\/wp\/v2\/comments?post=1213"}],"wp:featuredmedia":[{"embeddable":true,"href":"https:\/\/vozolpuff.de\/it\/wp-json\/wp\/v2\/media\/1215"}],"wp:attachment":[{"href":"https:\/\/vozolpuff.de\/it\/wp-json\/wp\/v2\/media?parent=1213"}],"wp:term":[{"taxonomy":"product_brand","embeddable":true,"href":"https:\/\/vozolpuff.de\/it\/wp-json\/wp\/v2\/product_brand?post=1213"},{"taxonomy":"product_cat","embeddable":true,"href":"https:\/\/vozolpuff.de\/it\/wp-json\/wp\/v2\/product_cat?post=1213"},{"taxonomy":"product_tag","embeddable":true,"href":"https:\/\/vozolpuff.de\/it\/wp-json\/wp\/v2\/product_tag?post=1213"}],"curies":[{"name":"wp","href":"https:\/\/api.w.org\/{rel}","templated":true}]}}