{"id":1219,"date":"2025-08-25T14:53:59","date_gmt":"2025-08-25T12:53:59","guid":{"rendered":"https:\/\/vozolpuff.de\/?post_type=product&#038;p=1219"},"modified":"2026-03-31T16:13:35","modified_gmt":"2026-03-31T14:13:35","slug":"vozol-gear-shisha-25000-perfume-lemon","status":"publish","type":"product","link":"https:\/\/vozolpuff.de\/it\/prodotto\/vozol-gear-shisha-25000-perfume-lemon\/","title":{"rendered":"Vozol Gear Shisha 25000 Profumo Limone"},"content":{"rendered":"<h2 class=\"text-xl font-bold text-text-100 mt-1 -mb-0.5\">Vozol Gear Shisha 25000 Profumo Limone sigaretta elettronica usa e getta<\/h2>\n<p class=\"whitespace-normal break-words\">Scoprire con il <strong>Vozol Gear Shisha 25000 Profumo Limone<\/strong> una sofisticata composizione di agrumi con eleganti fragranze. Questo dispositivo usa e getta di qualit\u00e0 superiore convince per l'incredibile durata di 25.000 puff in modalit\u00e0 Eco a risparmio di risorse, per un divertimento senza fine. La potente modalit\u00e0 Power crea un'esperienza aromatica potenziata grazie all'innovativa tecnologia di vaporizzazione a doppia maglia. Il sistema di vie aeree, perfezionato in termini di dinamica del flusso, \u00e8 stato sviluppato appositamente per gli amanti del DTL e garantisce un assorbimento del vapore senza sforzo e senza seta. La combinazione di una robusta cella di alimentazione da 1000 mAh, di un voluminoso contenitore per liquidi da 24 ml e di un monitor a colori da 2,1 pollici all'avanguardia crea l'armonia ideale tra durata, funzionalit\u00e0 e comfort dell'utente.<\/p>\n<h3 class=\"text-lg font-bold text-text-100 mt-1 -mb-1.5\">Caratteristiche del Vozol Gear Shisha 25000 Perfume Lemon:<\/h3>\n<p class=\"whitespace-normal break-words\"><strong>Prestazioni della batteria:<\/strong> Batteria ad alta capacit\u00e0 da 1000 mAh<br \/>\n<strong>Modalit\u00e0 di efficienza:<\/strong> Fino a 25.000 soffi profumati<br \/>\n<strong>Modalit\u00e0 di alimentazione:<\/strong> Fino a 18.000 movimenti intensi<br \/>\n<strong>concentrazione di nicotina:<\/strong> 5mg\/ml per soddisfacenti boccate di vapore<br \/>\n<strong>Metodo del vapore:<\/strong> DTL (Direct To Lung) per la formazione di nuvole voluminose<br \/>\n<strong>Sistema a bobina:<\/strong> Innovazione a doppia maglia per una produzione ottimale di aroma e vapore<br \/>\n<strong>Funzioni intelligenti:<\/strong> Risposta audio per un'esperienza utente moderna<br \/>\n<strong>Tecnologia di visualizzazione:<\/strong> Schermo a colori da 2,1 pollici per un controllo intuitivo<br \/>\n<strong>Gestione della ventilazione:<\/strong> Controllo del flusso d'aria variabile per una personalizzazione individuale<\/p>\n<h3 class=\"text-lg font-bold text-text-100 mt-1 -mb-1.5\">Scopri altri VOZOL VAPE su vozolpuff<\/h3>\n<p class=\"whitespace-normal break-words\">Scoprite altri prodotti premium per il vapore nel nostro <strong><a class=\"underline\" href=\"https:\/\/vozolpuff.de\/it\/\">Assortimento principale<\/a><\/strong>sfogliare la nostra gamma completa di <strong><a class=\"underline\" href=\"https:\/\/vozolpuff.de\/it\/product-category\/vozol-vape\/\">Collezione VOZOL VAPE<\/a><\/strong> o esplorare tutti i prodotti disponibili <strong><a class=\"underline\" href=\"https:\/\/vozolpuff.de\/it\/product-category\/vozol-vape\/vozol-gear-shisha-25000\/\">Vozol Gear Shisha 25000 aromi<\/a><\/strong>.<\/p>","protected":false},"excerpt":{"rendered":"<div>\n<div class=\"grid-cols-1 grid gap-2.5 [&amp;_&gt;_*]:min-w-0\">\n<p class=\"whitespace-normal break-words\">Vozol Gear Shisha 25000 Perfume Lemon Einweg-Vape mit raffinierter Zitrus-Komposition und eleganten Duftnoten. Dual-Mesh-Technologie, 18.000-25.000 Z\u00fcge, 1000mAh Akku, 24ml E-Liquid und 2,1-Zoll-Farbdisplay f\u00fcr DTL-Dampfgenuss.<\/p>\n<\/div>\n<\/div>\n<div class=\"flex flex-col gap-2 py-2\"><\/div>\n","protected":false},"featured_media":1221,"comment_status":"open","ping_status":"closed","template":"","meta":{"_acf_changed":false},"product_brand":[],"product_cat":[34],"product_tag":[],"class_list":{"0":"post-1219","1":"product","2":"type-product","3":"status-publish","4":"has-post-thumbnail","6":"product_cat-vozol-gear-shisha-25000","8":"first","9":"instock","10":"shipping-taxable","11":"purchasable","12":"product-type-variable"},"acf":[],"_links":{"self":[{"href":"https:\/\/vozolpuff.de\/it\/wp-json\/wp\/v2\/product\/1219","targetHints":{"allow":["GET"]}}],"collection":[{"href":"https:\/\/vozolpuff.de\/it\/wp-json\/wp\/v2\/product"}],"about":[{"href":"https:\/\/vozolpuff.de\/it\/wp-json\/wp\/v2\/types\/product"}],"replies":[{"embeddable":true,"href":"https:\/\/vozolpuff.de\/it\/wp-json\/wp\/v2\/comments?post=1219"}],"wp:featuredmedia":[{"embeddable":true,"href":"https:\/\/vozolpuff.de\/it\/wp-json\/wp\/v2\/media\/1221"}],"wp:attachment":[{"href":"https:\/\/vozolpuff.de\/it\/wp-json\/wp\/v2\/media?parent=1219"}],"wp:term":[{"taxonomy":"product_brand","embeddable":true,"href":"https:\/\/vozolpuff.de\/it\/wp-json\/wp\/v2\/product_brand?post=1219"},{"taxonomy":"product_cat","embeddable":true,"href":"https:\/\/vozolpuff.de\/it\/wp-json\/wp\/v2\/product_cat?post=1219"},{"taxonomy":"product_tag","embeddable":true,"href":"https:\/\/vozolpuff.de\/it\/wp-json\/wp\/v2\/product_tag?post=1219"}],"curies":[{"name":"wp","href":"https:\/\/api.w.org\/{rel}","templated":true}]}}