{"id":1224,"date":"2025-08-25T14:56:27","date_gmt":"2025-08-25T12:56:27","guid":{"rendered":"https:\/\/vozolpuff.de\/?post_type=product&#038;p=1224"},"modified":"2026-03-31T16:13:28","modified_gmt":"2026-03-31T14:13:28","slug":"vozol-gear-shisha-25000-lemon-mint","status":"publish","type":"product","link":"https:\/\/vozolpuff.de\/it\/prodotto\/vozol-gear-shisha-25000-lemon-mint\/","title":{"rendered":"Vozol Gear Shisha 25000 Menta e Limone"},"content":{"rendered":"<h2 class=\"text-xl font-bold text-text-100 mt-1 -mb-0.5\">Vozol Gear Shisha 25000 Lemon Mint Sigaretta elettronica usa e getta<\/h2>\n<p class=\"whitespace-normal break-words\">Godere con il <strong>Vozol Gear Shisha 25000 Menta e Limone<\/strong> La combinazione energizzante di limone frizzante e menta rinfrescante. Questo dispositivo usa e getta altamente sofisticato convince con ben 25.000 boccate in modalit\u00e0 Eco a risparmio energetico per lunghi momenti di svapo. La modalit\u00e0 Power ottimizzata crea aromi pi\u00f9 intensi grazie all'avanzata architettura a doppia bobina mesh. Il sofisticato sistema di flusso d'aria \u00e8 stato progettato appositamente per gli appassionati di DTL e garantisce un'aspirazione spontanea e fluida. Dotato di una potente batteria da 1000 mAh, un serbatoio per e-liquid da 24 ml di grande capacit\u00e0 e un chiaro display mega da 2,1 pollici, questo dispositivo combina in modo ideale resistenza, prestazioni e facilit\u00e0 d'uso.<\/p>\n<h3 class=\"text-lg font-bold text-text-100 mt-1 -mb-1.5\">Specifiche del prodotto Vozol Gear Shisha 25000 Lemon Mint:<\/h3>\n<p class=\"whitespace-normal break-words\"><strong>Tecnologia della batteria:<\/strong> 1000mAh per un uso prolungato<br \/>\n<strong>Funzione Eco:<\/strong> Fino a 25.000 boccate rinfrescanti<br \/>\n<strong>Funzione di prestazione:<\/strong> Fino a 18.000 treni rinforzati<br \/>\n<strong>Livello di nicotina:<\/strong> 5mg\/ml per esperienze di vaping appaganti<br \/>\n<strong>Tecnica di respirazione:<\/strong> DTL (Direct To Lung) per un impressionante sviluppo del vapore<br \/>\n<strong>Innovazione del vaporizzatore:<\/strong> Sistema a doppia maglia per il massimo del sapore e della resa del vapore<br \/>\n<strong>Elementi interattivi:<\/strong> Integrazione audio per una funzionalit\u00e0 contemporanea<br \/>\n<strong>Innovazione del display:<\/strong> Schermo a colori da 2,1 pollici per una comoda visualizzazione dello stato di funzionamento<br \/>\n<strong>Design del flusso d'aria:<\/strong> Impostazione del flusso d'aria regolabile per esperienze personalizzate<\/p>\n<h3 class=\"text-lg font-bold text-text-100 mt-1 -mb-1.5\">Scopri altri VOZOL VAPE su vozolpuff<\/h3>\n<p class=\"whitespace-normal break-words\">Scoprite altri prodotti premium per il vapore nel nostro <strong><a class=\"underline\" href=\"https:\/\/vozolpuff.de\/it\/\">Assortimento principale<\/a><\/strong>sfogliare la nostra gamma completa di <strong><a class=\"underline\" href=\"https:\/\/vozolpuff.de\/it\/product-category\/vozol-vape\/\">Collezione VOZOL VAPE<\/a><\/strong> o esplorare tutti i prodotti disponibili <strong><a class=\"underline\" href=\"https:\/\/vozolpuff.de\/it\/product-category\/vozol-vape\/vozol-gear-shisha-25000\/\">Vozol Gear Shisha 25000 aromi<\/a><\/strong>.<\/p>","protected":false},"excerpt":{"rendered":"<div>\n<div class=\"grid-cols-1 grid gap-2.5 [&amp;_&gt;_*]:min-w-0\">\n<p class=\"whitespace-normal break-words\">Vozol Gear Shisha 25000 Lemon Mint Einweg-Vape mit belebender Zitronen-Minz-Kombination. Dual-Mesh-Technologie, 18.000-25.000 Z\u00fcge, 1000mAh Akku, 24ml E-Liquid und 2,1-Zoll-Farbdisplay f\u00fcr DTL-Dampfgenuss.<\/p>\n<\/div>\n<\/div>\n<div class=\"flex flex-col gap-2 py-2\"><\/div>\n","protected":false},"featured_media":1226,"comment_status":"open","ping_status":"closed","template":"","meta":{"_acf_changed":false},"product_brand":[],"product_cat":[34],"product_tag":[],"class_list":{"0":"post-1224","1":"product","2":"type-product","3":"status-publish","4":"has-post-thumbnail","6":"product_cat-vozol-gear-shisha-25000","8":"first","9":"instock","10":"shipping-taxable","11":"purchasable","12":"product-type-variable"},"acf":[],"_links":{"self":[{"href":"https:\/\/vozolpuff.de\/it\/wp-json\/wp\/v2\/product\/1224","targetHints":{"allow":["GET"]}}],"collection":[{"href":"https:\/\/vozolpuff.de\/it\/wp-json\/wp\/v2\/product"}],"about":[{"href":"https:\/\/vozolpuff.de\/it\/wp-json\/wp\/v2\/types\/product"}],"replies":[{"embeddable":true,"href":"https:\/\/vozolpuff.de\/it\/wp-json\/wp\/v2\/comments?post=1224"}],"wp:featuredmedia":[{"embeddable":true,"href":"https:\/\/vozolpuff.de\/it\/wp-json\/wp\/v2\/media\/1226"}],"wp:attachment":[{"href":"https:\/\/vozolpuff.de\/it\/wp-json\/wp\/v2\/media?parent=1224"}],"wp:term":[{"taxonomy":"product_brand","embeddable":true,"href":"https:\/\/vozolpuff.de\/it\/wp-json\/wp\/v2\/product_brand?post=1224"},{"taxonomy":"product_cat","embeddable":true,"href":"https:\/\/vozolpuff.de\/it\/wp-json\/wp\/v2\/product_cat?post=1224"},{"taxonomy":"product_tag","embeddable":true,"href":"https:\/\/vozolpuff.de\/it\/wp-json\/wp\/v2\/product_tag?post=1224"}],"curies":[{"name":"wp","href":"https:\/\/api.w.org\/{rel}","templated":true}]}}