{"id":1234,"date":"2025-08-25T15:01:33","date_gmt":"2025-08-25T13:01:33","guid":{"rendered":"https:\/\/vozolpuff.de\/?post_type=product&#038;p=1234"},"modified":"2026-03-31T16:13:15","modified_gmt":"2026-03-31T14:13:15","slug":"vozol-gear-shisha-25000-grape-ice","status":"publish","type":"product","link":"https:\/\/vozolpuff.de\/it\/prodotto\/vozol-gear-shisha-25000-grape-ice\/","title":{"rendered":"Vozol Gear Shisha 25000 Uva Ghiaccio"},"content":{"rendered":"<h2 class=\"text-xl font-bold text-text-100 mt-1 -mb-0.5\">Vozol Gear Shisha 25000 Grape Ice Sigaretta elettronica usa e getta<\/h2>\n<p class=\"whitespace-normal break-words\">Immergetevi nel mondo di <strong>Vozol Gear Shisha 25000 Uva Ghiaccio<\/strong>, dove le dolci note di uva incontrano una freschezza rinvigorente. Questo dispositivo usa e getta di prima classe colpisce con ben 25.000 tiri in modalit\u00e0 Eco a basso consumo di risorse per momenti di piacere infiniti. La potente modalit\u00e0 Power crea dimensioni di gusto intensificate grazie alla tecnologia di vaporizzazione Dual Mesh all'avanguardia. Il design Airway, perfezionato dal punto di vista della fluidodinamica, \u00e8 stato progettato appositamente per gli specialisti DTL e garantisce un'aspirazione del vapore facile e setosa. Dotato di una batteria affidabile da 1000 mAh, un voluminoso serbatoio per e-liquid da 24 ml e un informativo mega schermo da 2,1 pollici, questo dispositivo combina durata, funzionalit\u00e0 e comfort in perfetta armonia.<\/p>\n<h3 class=\"text-lg font-bold text-text-100 mt-1 -mb-1.5\">Caratteristiche della Vozol Gear Shisha 25000 Grape Ice:<\/h3>\n<p class=\"whitespace-normal break-words\"><strong>Tecnologia delle batterie:<\/strong> Batteria ad alte prestazioni da 1000 mAh<br \/>\n<strong>Modalit\u00e0 di efficienza:<\/strong> Fino a 25.000 treni a grappolo<br \/>\n<strong>Modalit\u00e0 intensiva:<\/strong> Fino a 18.000 tiri potenti<br \/>\n<strong>Contenuto di nicotina:<\/strong> 5mg\/ml per sessioni di svapo soddisfacenti<br \/>\n<strong>Tecnologia del vapore:<\/strong> DTL (Direct To Lung) per la produzione di nubi voluminose<br \/>\n<strong>Innovazione della bobina:<\/strong> Tecnologia a doppia maglia per il massimo del sapore e del volume di vapore<br \/>\n<strong>Funzioni aggiuntive:<\/strong> Interazione audio per un'esperienza utente contemporanea<br \/>\n<strong>Sistema di visualizzazione:<\/strong> Monitor a colori da 2,1 pollici per un funzionamento intuitivo<br \/>\n<strong>Controllo della ventilazione:<\/strong> Regolazione del flusso d'aria variabile per preferenze di svapo personalizzate<\/p>\n<h3 class=\"text-lg font-bold text-text-100 mt-1 -mb-1.5\">Scopri altri VOZOL VAPE su vozolpuff<\/h3>\n<p class=\"whitespace-normal break-words\">Scoprite altri prodotti premium per il vapore nel nostro <strong><a class=\"underline\" href=\"https:\/\/vozolpuff.de\/it\/\">Assortimento principale<\/a><\/strong>sfogliare la nostra gamma completa di <strong><a class=\"underline\" href=\"https:\/\/vozolpuff.de\/it\/product-category\/vozol-vape\/\">Collezione VOZOL VAPE<\/a><\/strong> o esplorare tutti i prodotti disponibili <strong><a class=\"underline\" href=\"https:\/\/vozolpuff.de\/it\/product-category\/vozol-vape\/vozol-gear-shisha-25000\/\">Vozol Gear Shisha 25000 aromi<\/a><\/strong>.<\/p>","protected":false},"excerpt":{"rendered":"<div>\n<div class=\"grid-cols-1 grid gap-2.5 [&amp;_&gt;_*]:min-w-0\">\n<p class=\"whitespace-normal break-words\">Vozol Gear Shisha 25000 Grape Ice Einweg-Vape mit s\u00fc\u00dfen Traubennoten und belebender Frische. Dual-Mesh-Technologie, 18.000-25.000 Z\u00fcge, 1000mAh Akku, 24ml E-Liquid und 2,1-Zoll-Farbdisplay f\u00fcr DTL-Dampfgenuss.<\/p>\n<\/div>\n<\/div>\n<div class=\"flex flex-col gap-2 py-2\"><\/div>\n","protected":false},"featured_media":1237,"comment_status":"open","ping_status":"closed","template":"","meta":{"_acf_changed":false},"product_brand":[],"product_cat":[34],"product_tag":[],"class_list":{"0":"post-1234","1":"product","2":"type-product","3":"status-publish","4":"has-post-thumbnail","6":"product_cat-vozol-gear-shisha-25000","8":"first","9":"instock","10":"shipping-taxable","11":"purchasable","12":"product-type-variable"},"acf":[],"_links":{"self":[{"href":"https:\/\/vozolpuff.de\/it\/wp-json\/wp\/v2\/product\/1234","targetHints":{"allow":["GET"]}}],"collection":[{"href":"https:\/\/vozolpuff.de\/it\/wp-json\/wp\/v2\/product"}],"about":[{"href":"https:\/\/vozolpuff.de\/it\/wp-json\/wp\/v2\/types\/product"}],"replies":[{"embeddable":true,"href":"https:\/\/vozolpuff.de\/it\/wp-json\/wp\/v2\/comments?post=1234"}],"wp:featuredmedia":[{"embeddable":true,"href":"https:\/\/vozolpuff.de\/it\/wp-json\/wp\/v2\/media\/1237"}],"wp:attachment":[{"href":"https:\/\/vozolpuff.de\/it\/wp-json\/wp\/v2\/media?parent=1234"}],"wp:term":[{"taxonomy":"product_brand","embeddable":true,"href":"https:\/\/vozolpuff.de\/it\/wp-json\/wp\/v2\/product_brand?post=1234"},{"taxonomy":"product_cat","embeddable":true,"href":"https:\/\/vozolpuff.de\/it\/wp-json\/wp\/v2\/product_cat?post=1234"},{"taxonomy":"product_tag","embeddable":true,"href":"https:\/\/vozolpuff.de\/it\/wp-json\/wp\/v2\/product_tag?post=1234"}],"curies":[{"name":"wp","href":"https:\/\/api.w.org\/{rel}","templated":true}]}}