{"id":1264,"date":"2025-08-25T15:32:47","date_gmt":"2025-08-25T13:32:47","guid":{"rendered":"https:\/\/vozolpuff.de\/?post_type=product&#038;p=1264"},"modified":"2026-03-31T16:12:42","modified_gmt":"2026-03-31T14:12:42","slug":"vozol-gear-shisha-25000-berry-mint","status":"publish","type":"product","link":"https:\/\/vozolpuff.de\/it\/prodotto\/vozol-gear-shisha-25000-berry-mint\/","title":{"rendered":"Vozol Gear Shisha 25000 Menta e Bacca"},"content":{"rendered":"<h2 class=\"text-xl font-bold text-text-100 mt-1 -mb-0.5\">Vozol Gear Shisha 25000 Berry Mint vape usa e getta<\/h2>\n<p class=\"whitespace-normal break-words\">Il Vozol Gear Shisha 25000 Berry Mint combina la dolce freschezza dei frutti di bosco maturi con la rinvigorente menta per un'esperienza di svapo rinfrescante. Con un massimo di 25.000 boccate in modalit\u00e0 Eco, \u00e8 possibile godere di sessioni di vapore di lunga durata piene di intensit\u00e0 aromatica. La modalit\u00e0 Power con doppia bobina a rete esalta il sapore dei frutti di bosco e fornisce fresche note di menta a ogni boccata.<\/p>\n<p class=\"whitespace-normal break-words\">L'innovativo sistema di ventilazione a flusso dinamico \u00e8 stato sviluppato appositamente per i vapers DTL e offre boccate fluide e senza sforzo. La combinazione di una batteria ad alte prestazioni da 1000 mAh, di un generoso serbatoio di e-liquid da 24 ml e di un moderno display a colori da 2,1 pollici rende questa sigaretta elettronica il compagno perfetto.<\/p>\n<h3 class=\"text-lg font-bold text-text-100 mt-1 -mb-1.5\">Vozol Gear Shisha 25000 Berry Mint Specifiche:<\/h3>\n<p class=\"whitespace-normal break-words\"><strong>Batteria:<\/strong> 1000mAh prestazioni a lungo termine<br \/>\n<strong>Modalit\u00e0 Eco:<\/strong> Fino a 25.000 treni<br \/>\n<strong>Modalit\u00e0 di alimentazione:<\/strong> Fino a 18.000 treni<br \/>\n<strong>Contenuto di nicotina:<\/strong> 5mg\/ml per una soddisfazione ottimale<br \/>\n<strong>Tipo di vapore:<\/strong> DTL (Direct To Lung) per le nubi voluminose<br \/>\n<strong>Tecnologia della bobina:<\/strong> Doppia maglia per un sapore intenso<br \/>\n<strong>Caratteristiche intelligenti:<\/strong> Interazione audio per un funzionamento intuitivo<br \/>\n<strong>Display:<\/strong> Schermo a colori da 2,1 pollici per il monitoraggio dello stato di funzionamento<br \/>\n<strong>Flusso d'aria:<\/strong> Alimentazione dell'aria regolabile per impostazioni personalizzate<\/p>\n<h3 class=\"text-lg font-bold text-text-100 mt-1 -mb-1.5\">Scopri altri VOZOL VAPE su vozolpuff<\/h3>\n<p class=\"whitespace-normal break-words\">Scoprite altre sigarette elettroniche di alta qualit\u00e0 sul nostro sito <strong><a class=\"underline\" href=\"https:\/\/vozolpuff.de\/it\/\">Pagina iniziale<\/a><\/strong>, esplorate il sito completo <strong><a class=\"underline\" href=\"https:\/\/vozolpuff.de\/it\/product-category\/vozol-vape\/\">Collezione VOZOL VAPE<\/a><\/strong> o sfogliare tutti i modelli disponibili <strong><a class=\"underline\" href=\"https:\/\/vozolpuff.de\/it\/product-category\/vozol-vape\/vozol-gear-shisha-25000\/\">Vozol Gear Shisha 25000 aromi<\/a><\/strong>.<\/p>","protected":false},"excerpt":{"rendered":"<p class=\"whitespace-normal break-words\">Lo svapo monouso Vozol Gear Shisha 25000 Berry Mint combina i dolci frutti di bosco con la rinfrescante menta. Fino a 25.000 boccate, batteria da 1000 mAh, bobine a doppia maglia e display a colori da 2,1\u2033. Ottimizzato DTL per nuvole di vapore voluminose e sapore intenso.<\/p>","protected":false},"featured_media":1266,"comment_status":"open","ping_status":"closed","template":"","meta":{"_acf_changed":false},"product_brand":[],"product_cat":[34],"product_tag":[],"class_list":{"0":"post-1264","1":"product","2":"type-product","3":"status-publish","4":"has-post-thumbnail","6":"product_cat-vozol-gear-shisha-25000","8":"first","9":"instock","10":"shipping-taxable","11":"purchasable","12":"product-type-variable"},"acf":[],"_links":{"self":[{"href":"https:\/\/vozolpuff.de\/it\/wp-json\/wp\/v2\/product\/1264","targetHints":{"allow":["GET"]}}],"collection":[{"href":"https:\/\/vozolpuff.de\/it\/wp-json\/wp\/v2\/product"}],"about":[{"href":"https:\/\/vozolpuff.de\/it\/wp-json\/wp\/v2\/types\/product"}],"replies":[{"embeddable":true,"href":"https:\/\/vozolpuff.de\/it\/wp-json\/wp\/v2\/comments?post=1264"}],"wp:featuredmedia":[{"embeddable":true,"href":"https:\/\/vozolpuff.de\/it\/wp-json\/wp\/v2\/media\/1266"}],"wp:attachment":[{"href":"https:\/\/vozolpuff.de\/it\/wp-json\/wp\/v2\/media?parent=1264"}],"wp:term":[{"taxonomy":"product_brand","embeddable":true,"href":"https:\/\/vozolpuff.de\/it\/wp-json\/wp\/v2\/product_brand?post=1264"},{"taxonomy":"product_cat","embeddable":true,"href":"https:\/\/vozolpuff.de\/it\/wp-json\/wp\/v2\/product_cat?post=1264"},{"taxonomy":"product_tag","embeddable":true,"href":"https:\/\/vozolpuff.de\/it\/wp-json\/wp\/v2\/product_tag?post=1264"}],"curies":[{"name":"wp","href":"https:\/\/api.w.org\/{rel}","templated":true}]}}