{"id":1281,"date":"2025-08-25T15:44:00","date_gmt":"2025-08-25T13:44:00","guid":{"rendered":"https:\/\/vozolpuff.de\/?post_type=product&#038;p=1281"},"modified":"2026-03-31T16:12:21","modified_gmt":"2026-03-31T14:12:21","slug":"vozol-gear-shisha-25000-dragon-fruit-banana-cherry","status":"publish","type":"product","link":"https:\/\/vozolpuff.de\/it\/prodotto\/vozol-gear-shisha-25000-dragon-fruit-banana-cherry\/","title":{"rendered":"Vozol Gear Narghil\u00e8 25000 Dragon Fruit Banana Ciliegia"},"content":{"rendered":"<h2 class=\"text-xl font-bold text-text-100 mt-1 -mb-0.5\">Vozol Gear Shisha 25000 Dragon Fruit Banana Cherry Vape usa e getta<\/h2>\n<p class=\"whitespace-normal break-words\">La Vozol Gear Shisha 25000 Dragon Fruit Banana Cherry ti trasporta in un mondo di frutta esotica con una straordinaria tripla combinazione. Questo mix unico di dolce frutto del drago, banana cremosa e ciliegia succosa offre ben 25.000 boccate ricche di complessit\u00e0 tropicale nella modalit\u00e0 Eco a basso consumo.<\/p>\n<p class=\"whitespace-normal break-words\">La rivoluzionaria tecnologia Dual Mesh in modalit\u00e0 Power sviluppa ogni strato aromatico individualmente e crea un profilo gustativo complesso di profondit\u00e0 incomparabile. Il sistema di flusso d'aria calibrato con precisione \u00e8 stato sviluppato per i vaporizzatori DTL e garantisce tiri morbidi e immediati con un equilibrio perfetto.<\/p>\n<p class=\"whitespace-normal break-words\">La combinazione di una potente batteria da 1000 mAh, un generoso serbatoio da 24 ml e un moderno display touch da 2,1 pollici rende questo dispositivo il compagno ideale per i vapers pi\u00f9 esigenti.<\/p>\n<h3 class=\"text-lg font-bold text-text-100 mt-1 -mb-1.5\">Vozol Gear Shisha 25000 Dragon Fruit Banana Cherry Caratteristiche:<\/h3>\n<p class=\"whitespace-normal break-words\"><strong>Fonte di energia:<\/strong> 1000mAh per sessioni prolungate<br \/>\n<strong>Variante ecologica:<\/strong> Fino a 25.000 treni<br \/>\n<strong>Variante Power:<\/strong> Fino a 18.000 treni<br \/>\n<strong>Livello di nicotina:<\/strong> 5mg\/ml per risultati soddisfacenti<br \/>\n<strong>Stile di inalazione:<\/strong> DTL (Direct To Lung) per una formazione di nuvole impressionante<br \/>\n<strong>Configurazione della bobina:<\/strong> Doppia rete per un maggiore sviluppo degli aromi<br \/>\n<strong>Tecnologia intelligente:<\/strong> Feedback audio per un utilizzo intuitivo<br \/>\n<strong>Visualizzazione:<\/strong> Display a colori da 2,1 pollici per informazioni complete<br \/>\n<strong>Controllo del flusso d'aria:<\/strong> Ventilazione regolabile in base alle preferenze individuali<\/p>\n<h3 class=\"text-lg font-bold text-text-100 mt-1 -mb-1.5\">Scopri altri VOZOL VAPE su vozolpuff<\/h3>\n<p class=\"whitespace-normal break-words\">Scoprite altre sigarette elettroniche di alta qualit\u00e0 sul nostro sito <strong><a class=\"underline\" href=\"https:\/\/vozolpuff.de\/it\/\">Pagina iniziale<\/a><\/strong>, esplorate il sito completo <strong><a class=\"underline\" href=\"https:\/\/vozolpuff.de\/it\/product-category\/vozol-vape\/\">Collezione VOZOL VAPE<\/a><\/strong> o sfogliare tutti i modelli disponibili <strong><a class=\"underline\" href=\"https:\/\/vozolpuff.de\/it\/product-category\/vozol-vape\/vozol-gear-shisha-25000\/\">Vozol Gear Shisha 25000 aromi<\/a><\/strong>.erer <strong><a class=\"underline\" href=\"https:\/\/vozolpuff.de\/it\/\">Pagina iniziale<\/a><\/strong>, esplorate il sito completo <strong><a class=\"underline\" href=\"https:\/\/vozolpuff.de\/it\/product-category\/vozol-vape\/\">Collezione VOZOL VAPE<\/a><\/strong> o sfogliare tutti i modelli disponibili <strong><a class=\"underline\" href=\"https:\/\/vozolpuff.de\/it\/product-category\/vozol-vape\/vozol-gear-shisha-25000\/\">Vozol Gear Shisha 25000 aromi<\/a><\/strong>.<\/p>","protected":false},"excerpt":{"rendered":"<p class=\"whitespace-normal break-words\">La sigaretta elettronica usa e getta Vozol Gear Shisha 25000 Dragon Fruit Banana Cherry combina il dolce frutto del drago, la cremosa banana e la succosa ciliegia. Fino a 25.000 tiri, batteria da 1000 mAh, tecnologia dual mesh e display da 2,1 pollici. Ottimizzata per DTL per una variet\u00e0 di sapori esotici.<\/p>\n<p class=\"whitespace-normal break-words\">","protected":false},"featured_media":1283,"comment_status":"open","ping_status":"closed","template":"","meta":{"_acf_changed":false},"product_brand":[],"product_cat":[34],"product_tag":[],"class_list":{"0":"post-1281","1":"product","2":"type-product","3":"status-publish","4":"has-post-thumbnail","6":"product_cat-vozol-gear-shisha-25000","8":"first","9":"instock","10":"shipping-taxable","11":"purchasable","12":"product-type-variable"},"acf":[],"_links":{"self":[{"href":"https:\/\/vozolpuff.de\/it\/wp-json\/wp\/v2\/product\/1281","targetHints":{"allow":["GET"]}}],"collection":[{"href":"https:\/\/vozolpuff.de\/it\/wp-json\/wp\/v2\/product"}],"about":[{"href":"https:\/\/vozolpuff.de\/it\/wp-json\/wp\/v2\/types\/product"}],"replies":[{"embeddable":true,"href":"https:\/\/vozolpuff.de\/it\/wp-json\/wp\/v2\/comments?post=1281"}],"wp:featuredmedia":[{"embeddable":true,"href":"https:\/\/vozolpuff.de\/it\/wp-json\/wp\/v2\/media\/1283"}],"wp:attachment":[{"href":"https:\/\/vozolpuff.de\/it\/wp-json\/wp\/v2\/media?parent=1281"}],"wp:term":[{"taxonomy":"product_brand","embeddable":true,"href":"https:\/\/vozolpuff.de\/it\/wp-json\/wp\/v2\/product_brand?post=1281"},{"taxonomy":"product_cat","embeddable":true,"href":"https:\/\/vozolpuff.de\/it\/wp-json\/wp\/v2\/product_cat?post=1281"},{"taxonomy":"product_tag","embeddable":true,"href":"https:\/\/vozolpuff.de\/it\/wp-json\/wp\/v2\/product_tag?post=1281"}],"curies":[{"name":"wp","href":"https:\/\/api.w.org\/{rel}","templated":true}]}}