{"id":1287,"date":"2025-08-25T15:46:37","date_gmt":"2025-08-25T13:46:37","guid":{"rendered":"https:\/\/vozolpuff.de\/?post_type=product&#038;p=1287"},"modified":"2026-03-31T16:12:14","modified_gmt":"2026-03-31T14:12:14","slug":"vozol-gear-shisha-25000-grape-mint","status":"publish","type":"product","link":"https:\/\/vozolpuff.de\/it\/prodotto\/vozol-gear-shisha-25000-grape-mint\/","title":{"rendered":"Vozol Gear Shisha 25000 Menta d'uva"},"content":{"rendered":"<h2 class=\"text-xl font-bold text-text-100 mt-1 -mb-0.5\">Vozol Gear Shisha 25000 Grape Mint Vape usa e getta<\/h2>\n<p class=\"whitespace-normal break-words\">Provate la perfetta armonia tra i dolci aromi dell'uva e la freschezza della menta con la Vozol Gear Shisha 25000 Grape Mint. Questa straordinaria combinazione di sapori offre fino a 25.000 boccate in modalit\u00e0 Eco e vi coccola ad ogni inalazione. Il sofisticato sistema a doppia bobina mesh in modalit\u00e0 Power intensifica le note fruttate dell'uva e rafforza la freschezza rinfrescante della menta.<\/p>\n<p class=\"whitespace-normal break-words\">L'avanzata meccanica dei flussi del sistema di canali dell'aria soddisfa i pi\u00f9 elevati standard per il piacere del vapore DTL e garantisce boccate morbide e immediate. Con la potente batteria da 1000 mAh, il serbatoio di liquido da 24 ml di grande capacit\u00e0 e il chiaro display da 2,1 pollici, questo dispositivo combina resistenza, funzionalit\u00e0 e facilit\u00e0 d'uso.<\/p>\n<h3 class=\"text-lg font-bold text-text-100 mt-1 -mb-1.5\">Vozol Gear Shisha 25000 Grape Mint Caratteristiche:<\/h3>\n<p class=\"whitespace-normal break-words\"><strong>Batteria:<\/strong> 1000 mAh per un utilizzo prolungato<br \/>\n<strong>Modalit\u00e0 Eco:<\/strong> Fino a 25.000 treni<br \/>\n<strong>Modalit\u00e0 di alimentazione:<\/strong> Fino a 18.000 treni<br \/>\n<strong>Forza della nicotina:<\/strong> 5mg\/ml per risultati soddisfacenti<br \/>\n<strong>Stile di svapo:<\/strong> DTL (Direct To Lung) per grandi nuvole di vapore<br \/>\n<strong>Design della bobina:<\/strong> Doppia rete per un gusto pi\u00f9 intenso e una maggiore produzione di vapore<br \/>\n<strong>Elementi interattivi:<\/strong> Feedback audio per un funzionamento moderno<br \/>\n<strong>Display:<\/strong> Schermo a colori da 2,1 pollici per un facile controllo<br \/>\n<strong>Regolazione del flusso d'aria:<\/strong> Flusso d'aria regolabile in base alle preferenze individuali<\/p>\n<h3 class=\"text-lg font-bold text-text-100 mt-1 -mb-1.5\">Scopri altri VOZOL VAPE su vozolpuff<\/h3>\n<p class=\"whitespace-normal break-words\">Scoprite altre sigarette elettroniche di alta qualit\u00e0 sul nostro sito <strong><a class=\"underline\" href=\"https:\/\/vozolpuff.de\/it\/\">Pagina iniziale<\/a><\/strong>, esplorate il sito completo <strong><a class=\"underline\" href=\"https:\/\/vozolpuff.de\/it\/product-category\/vozol-vape\/\">Collezione VOZOL VAPE<\/a><\/strong> o sfogliare tutti i modelli disponibili <strong><a class=\"underline\" href=\"https:\/\/vozolpuff.de\/it\/product-category\/vozol-vape\/vozol-gear-shisha-25000\/\">Vozol Gear Shisha 25000 aromi<\/a><\/strong>.<\/p>","protected":false},"excerpt":{"rendered":"<p class=\"whitespace-normal break-words\">La sigaretta elettronica usa e getta Vozol Gear Shisha 25000 Grape Mint combina dolci aromi di uva con rinfrescante menta. Fino a 25.000 boccate, batteria da 1000 mAh, sistema a doppia bobina mesh e display da 2,1\u2033. Ottimizzata DTL per un gusto fruttato con effetto rinfrescante.<\/p>","protected":false},"featured_media":1289,"comment_status":"open","ping_status":"closed","template":"","meta":{"_acf_changed":false},"product_brand":[],"product_cat":[34],"product_tag":[],"class_list":{"0":"post-1287","1":"product","2":"type-product","3":"status-publish","4":"has-post-thumbnail","6":"product_cat-vozol-gear-shisha-25000","8":"first","9":"instock","10":"shipping-taxable","11":"purchasable","12":"product-type-variable"},"acf":[],"_links":{"self":[{"href":"https:\/\/vozolpuff.de\/it\/wp-json\/wp\/v2\/product\/1287","targetHints":{"allow":["GET"]}}],"collection":[{"href":"https:\/\/vozolpuff.de\/it\/wp-json\/wp\/v2\/product"}],"about":[{"href":"https:\/\/vozolpuff.de\/it\/wp-json\/wp\/v2\/types\/product"}],"replies":[{"embeddable":true,"href":"https:\/\/vozolpuff.de\/it\/wp-json\/wp\/v2\/comments?post=1287"}],"wp:featuredmedia":[{"embeddable":true,"href":"https:\/\/vozolpuff.de\/it\/wp-json\/wp\/v2\/media\/1289"}],"wp:attachment":[{"href":"https:\/\/vozolpuff.de\/it\/wp-json\/wp\/v2\/media?parent=1287"}],"wp:term":[{"taxonomy":"product_brand","embeddable":true,"href":"https:\/\/vozolpuff.de\/it\/wp-json\/wp\/v2\/product_brand?post=1287"},{"taxonomy":"product_cat","embeddable":true,"href":"https:\/\/vozolpuff.de\/it\/wp-json\/wp\/v2\/product_cat?post=1287"},{"taxonomy":"product_tag","embeddable":true,"href":"https:\/\/vozolpuff.de\/it\/wp-json\/wp\/v2\/product_tag?post=1287"}],"curies":[{"name":"wp","href":"https:\/\/api.w.org\/{rel}","templated":true}]}}