{"id":1291,"date":"2025-08-25T15:49:04","date_gmt":"2025-08-25T13:49:04","guid":{"rendered":"https:\/\/vozolpuff.de\/?post_type=product&#038;p=1291"},"modified":"2026-03-31T16:12:08","modified_gmt":"2026-03-31T14:12:08","slug":"vozol-gear-shisha-25000-love-777","status":"publish","type":"product","link":"https:\/\/vozolpuff.de\/it\/prodotto\/vozol-gear-shisha-25000-love-777\/","title":{"rendered":"Vozol Gear Shisha 25000 Love 777"},"content":{"rendered":"<h2 class=\"text-xl font-bold text-text-100 mt-1 -mb-0.5\">Vozol Gear Narghil\u00e8 25000 Love 777 Vape usa e getta<\/h2>\n<p class=\"whitespace-normal break-words\">Il Vozol Gear Shisha 25000 Love 777 vi porta in un mondo di sapori esotici e dolcezza seducente. Questa miscela unica offre ben 25.000 boccate di pura intensit\u00e0 di sapore nella modalit\u00e0 economica Eco. La rivoluzionaria tecnologia a doppia maglia in modalit\u00e0 power dispiega complessi strati di sapori e garantisce un piacere di svapo senza pari.<\/p>\n<p class=\"whitespace-normal break-words\">Il sistema di flusso d'aria con propriet\u00e0 fluido-dinamiche, sviluppato con precisione, \u00e8 ottimizzato per i vapers DTL e consente inalazioni fluide e setose. Dotato di una robusta batteria da 1000 mAh, di un generoso serbatoio per aromi da 24 ml e di uno schermo ad alta risoluzione da 2,1 pollici, questo dispositivo premium offre prestazioni di altissimo livello.<\/p>\n<h3 class=\"text-lg font-bold text-text-100 mt-1 -mb-1.5\">Vozol Gear Shisha 25000 Love 777 Caratteristiche:<\/h3>\n<p class=\"whitespace-normal break-words\"><strong>Fornitura di energia:<\/strong> 1000mAh per prestazioni a lungo termine<br \/>\n<strong>Modalit\u00e0 Eco:<\/strong> Fino a 25.000 treni<br \/>\n<strong>Funzionamento a potenza:<\/strong> Fino a 18.000 treni<br \/>\n<strong>concentrazione di nicotina:<\/strong> 5mg\/ml per un'esperienza di vapore soddisfacente<br \/>\n<strong>Tipo di inalazione:<\/strong> DTL (Direct To Lung) per una formazione di nuvole impressionante<br \/>\n<strong>Elementi di riscaldamento:<\/strong> Sistema a doppia maglia per uno sviluppo ottimale del sapore<br \/>\n<strong>Caratteristiche tecniche:<\/strong> Integrazione audio per un'interazione contemporanea<br \/>\n<strong>Schermo:<\/strong> Monitor a colori da 2,1 pollici per una panoramica completa<br \/>\n<strong>Resistenza alla corrente d'aria:<\/strong> Alimentazione dell'aria variabile per impostazioni personalizzate<\/p>\n<h3 class=\"text-lg font-bold text-text-100 mt-1 -mb-1.5\">Scopri altri VOZOL VAPE su vozolpuff<\/h3>\n<p class=\"whitespace-normal break-words\">Scoprite altre sigarette elettroniche di alta qualit\u00e0 sul nostro sito <strong><a class=\"underline\" href=\"https:\/\/vozolpuff.de\/it\/\">Pagina iniziale<\/a><\/strong>, esplorate il sito completo <strong><a class=\"underline\" href=\"https:\/\/vozolpuff.de\/it\/product-category\/vozol-vape\/\">Collezione VOZOL VAPE<\/a><\/strong> o sfogliare tutti i modelli disponibili <strong><a class=\"underline\" href=\"https:\/\/vozolpuff.de\/it\/product-category\/vozol-vape\/vozol-gear-shisha-25000\/\">Vozol Gear Shisha 25000 aromi<\/a><\/strong>.<\/p>","protected":false},"excerpt":{"rendered":"<p class=\"whitespace-normal break-words\">La svapata monouso Vozol Gear Shisha 25000 Love 777 offre sapori esotici e dolcezza seducente in una miscela unica. Fino a 25.000 boccate, batteria da 1000mAh, tecnologia dual mesh e display da 2,1\u2033. Ottimizzato per l'intensit\u00e0 dei sapori complessi.<\/p>\n<p class=\"whitespace-normal break-words\">","protected":false},"featured_media":1294,"comment_status":"open","ping_status":"closed","template":"","meta":{"_acf_changed":false},"product_brand":[],"product_cat":[34],"product_tag":[],"class_list":{"0":"post-1291","1":"product","2":"type-product","3":"status-publish","4":"has-post-thumbnail","6":"product_cat-vozol-gear-shisha-25000","8":"first","9":"instock","10":"shipping-taxable","11":"purchasable","12":"product-type-variable"},"acf":[],"_links":{"self":[{"href":"https:\/\/vozolpuff.de\/it\/wp-json\/wp\/v2\/product\/1291","targetHints":{"allow":["GET"]}}],"collection":[{"href":"https:\/\/vozolpuff.de\/it\/wp-json\/wp\/v2\/product"}],"about":[{"href":"https:\/\/vozolpuff.de\/it\/wp-json\/wp\/v2\/types\/product"}],"replies":[{"embeddable":true,"href":"https:\/\/vozolpuff.de\/it\/wp-json\/wp\/v2\/comments?post=1291"}],"wp:featuredmedia":[{"embeddable":true,"href":"https:\/\/vozolpuff.de\/it\/wp-json\/wp\/v2\/media\/1294"}],"wp:attachment":[{"href":"https:\/\/vozolpuff.de\/it\/wp-json\/wp\/v2\/media?parent=1291"}],"wp:term":[{"taxonomy":"product_brand","embeddable":true,"href":"https:\/\/vozolpuff.de\/it\/wp-json\/wp\/v2\/product_brand?post=1291"},{"taxonomy":"product_cat","embeddable":true,"href":"https:\/\/vozolpuff.de\/it\/wp-json\/wp\/v2\/product_cat?post=1291"},{"taxonomy":"product_tag","embeddable":true,"href":"https:\/\/vozolpuff.de\/it\/wp-json\/wp\/v2\/product_tag?post=1291"}],"curies":[{"name":"wp","href":"https:\/\/api.w.org\/{rel}","templated":true}]}}