{"id":1307,"date":"2025-08-25T15:57:08","date_gmt":"2025-08-25T13:57:08","guid":{"rendered":"https:\/\/vozolpuff.de\/?post_type=product&#038;p=1307"},"modified":"2026-03-31T16:11:46","modified_gmt":"2026-03-31T14:11:46","slug":"vozol-gear-shisha-25000-cherry-ice","status":"publish","type":"product","link":"https:\/\/vozolpuff.de\/it\/prodotto\/vozol-gear-shisha-25000-cherry-ice\/","title":{"rendered":"Vozol Gear Shisha 25000 Ghiaccio alla Ciliegia"},"content":{"rendered":"<h2 class=\"text-xl font-bold text-text-100 mt-1 -mb-0.5\">Vozol Gear Shisha 25000 Cherry Ice vape usa e getta<\/h2>\n<p class=\"whitespace-normal break-words\">Godetevi il perfetto equilibrio tra la dolce ciliegia e la freschezza rinfrescante con il Vozol Gear Shisha 25000 Cherry Ice. Questa stuzzicante miscela di sapori offre fino a 25.000 boccate di pura intensit\u00e0 aromatica in modalit\u00e0 Eco ad alta efficienza energetica. L'avanzato sistema a doppia maglia in modalit\u00e0 Power esalta i sapori fruttati della ciliegia e garantisce una piacevole freschezza a ogni inalazione.<\/p>\n<p class=\"whitespace-normal break-words\">Le dinamiche di flusso scientificamente sviluppate del sistema d'aria sono perfettamente progettate per i vapers DTL e offrono boccate vellutate e senza sforzo. Dotato di un accumulatore di energia da 1000 mAh di lunga durata, di un ampio serbatoio di e-liquid da 24 ml e di un chiaro schermo da 2,1 pollici, questo dispositivo premium combina durata e funzionalit\u00e0.<\/p>\n<h3 class=\"text-lg font-bold text-text-100 mt-1 -mb-1.5\">Vozol Gear Shisha 25000 Cherry Ice Caratteristiche:<\/h3>\n<p class=\"whitespace-normal break-words\"><strong>sistema di batterie:<\/strong> 1000mAh per un uso duraturo<br \/>\n<strong>Funzione Eco:<\/strong> Fino a 25.000 treni<br \/>\n<strong>Funzione di alimentazione:<\/strong> Fino a 18.000 treni<br \/>\n<strong>Contenuto di nicotina:<\/strong> 5mg\/ml per risultati soddisfacenti<br \/>\n<strong>Tipo di vaporizzazione:<\/strong> DTL (Direct To Lung) per un impressionante sviluppo del vapore<br \/>\n<strong>Configurazione della bobina:<\/strong> Doppia maglia per una maggiore resa aromatica<br \/>\n<strong>Elementi intelligenti:<\/strong> Interfaccia audio per un'esperienza utente moderna<br \/>\n<strong>Tecnologia di visualizzazione:<\/strong> Schermo a colori da 2,1 pollici per un facile utilizzo<br \/>\n<strong>Sistema di flusso d'aria:<\/strong> Volume d'aria regolabile per un divertimento personalizzato<\/p>\n<h3 class=\"text-lg font-bold text-text-100 mt-1 -mb-1.5\">Scopri altri VOZOL VAPE su vozolpuff<\/h3>\n<p class=\"whitespace-normal break-words\">Scoprite altre sigarette elettroniche di alta qualit\u00e0 sul nostro sito <strong><a class=\"underline\" href=\"https:\/\/vozolpuff.de\/it\/\">Pagina iniziale<\/a><\/strong>, esplorate il sito completo <strong><a class=\"underline\" href=\"https:\/\/vozolpuff.de\/it\/product-category\/vozol-vape\/\">Collezione VOZOL VAPE<\/a><\/strong> o sfogliare tutti i modelli disponibili <strong><a class=\"underline\" href=\"https:\/\/vozolpuff.de\/it\/product-category\/vozol-vape\/vozol-gear-shisha-25000\/\">Vozol Gear Shisha 25000 aromi<\/a><\/strong>.<\/p>","protected":false},"excerpt":{"rendered":"<p class=\"whitespace-normal break-words\">La svapata monouso Vozol Gear Shisha 25000 Cherry Ice combina la dolcezza della ciliegia con la freschezza rinfrescante in un equilibrio perfetto. Fino a 25.000 boccate, batteria da 1000mAh, sistema a doppia maglia e display da 2,1\u2033. Ottimizzato per l'intensit\u00e0 del sapore fruttato e la piacevole freschezza.<\/p>\n<p class=\"whitespace-normal break-words\">","protected":false},"featured_media":1309,"comment_status":"open","ping_status":"closed","template":"","meta":{"_acf_changed":false},"product_brand":[],"product_cat":[34],"product_tag":[],"class_list":{"0":"post-1307","1":"product","2":"type-product","3":"status-publish","4":"has-post-thumbnail","6":"product_cat-vozol-gear-shisha-25000","8":"first","9":"instock","10":"shipping-taxable","11":"purchasable","12":"product-type-variable"},"acf":[],"_links":{"self":[{"href":"https:\/\/vozolpuff.de\/it\/wp-json\/wp\/v2\/product\/1307","targetHints":{"allow":["GET"]}}],"collection":[{"href":"https:\/\/vozolpuff.de\/it\/wp-json\/wp\/v2\/product"}],"about":[{"href":"https:\/\/vozolpuff.de\/it\/wp-json\/wp\/v2\/types\/product"}],"replies":[{"embeddable":true,"href":"https:\/\/vozolpuff.de\/it\/wp-json\/wp\/v2\/comments?post=1307"}],"wp:featuredmedia":[{"embeddable":true,"href":"https:\/\/vozolpuff.de\/it\/wp-json\/wp\/v2\/media\/1309"}],"wp:attachment":[{"href":"https:\/\/vozolpuff.de\/it\/wp-json\/wp\/v2\/media?parent=1307"}],"wp:term":[{"taxonomy":"product_brand","embeddable":true,"href":"https:\/\/vozolpuff.de\/it\/wp-json\/wp\/v2\/product_brand?post=1307"},{"taxonomy":"product_cat","embeddable":true,"href":"https:\/\/vozolpuff.de\/it\/wp-json\/wp\/v2\/product_cat?post=1307"},{"taxonomy":"product_tag","embeddable":true,"href":"https:\/\/vozolpuff.de\/it\/wp-json\/wp\/v2\/product_tag?post=1307"}],"curies":[{"name":"wp","href":"https:\/\/api.w.org\/{rel}","templated":true}]}}