{"id":1316,"date":"2025-08-25T16:01:50","date_gmt":"2025-08-25T14:01:50","guid":{"rendered":"https:\/\/vozolpuff.de\/?post_type=product&#038;p=1316"},"modified":"2026-03-31T16:11:31","modified_gmt":"2026-03-31T14:11:31","slug":"vozol-gear-shisha-25000-peach-ice","status":"publish","type":"product","link":"https:\/\/vozolpuff.de\/it\/prodotto\/vozol-gear-shisha-25000-peach-ice\/","title":{"rendered":"Vozol Gear Shisha 25000 Pesca Ghiaccio"},"content":{"rendered":"<h2 class=\"text-xl font-bold text-text-100 mt-1 -mb-0.5\">Vozol Gear Shisha 25000 Peach Ice vape usa e getta<\/h2>\n<p class=\"whitespace-normal break-words\">Provate la dolcezza vellutata delle pesche mature abbinata alla freschezza rinfrescante del Vozol Gear Shisha 25000 Peach Ice. Questa stuzzicante combinazione di sapori offre ben 25.000 boccate piene di profondit\u00e0 di gusto in modalit\u00e0 eco-friendly. L'avanzato sistema di riscaldamento a doppia maglia in modalit\u00e0 Power esalta il succoso sapore di pesca e fornisce un piacevole effetto rinfrescante.<\/p>\n<p class=\"whitespace-normal break-words\">La tecnologia del flusso d'aria ottimizzato aerodinamicamente \u00e8 stata progettata per i vapers DTL e consente di ottenere boccate fluide e immediate con una consistenza perfetta. Con la sua potente batteria da 1000 mAh, il voluminoso serbatoio da 24 ml e l'accattivante display a colori da 2,1 pollici, questo dispositivo premium stabilisce nuovi standard.<\/p>\n<h3 class=\"text-lg font-bold text-text-100 mt-1 -mb-1.5\">Vozol Gear Shisha 25000 Peach Ice Caratteristiche:<\/h3>\n<p class=\"whitespace-normal break-words\"><strong>Prestazioni della batteria:<\/strong> 1000mAh per prestazioni a lungo termine<br \/>\n<strong>Modalit\u00e0 Eco:<\/strong> Fino a 25.000 treni<br \/>\n<strong>Funzionamento a potenza:<\/strong> Fino a 18.000 treni<br \/>\n<strong>concentrazione di nicotina:<\/strong> 5mg\/ml per un'esperienza di vaping soddisfacente<br \/>\n<strong>Modalit\u00e0 vapore:<\/strong> DTL (Direct To Lung) per le nubi di vapori voluminosi<br \/>\n<strong>Sistema a bobina:<\/strong> Doppia maglia per un trasferimento superiore del sapore<br \/>\n<strong>Innovazione tecnica:<\/strong> Integrazione audio per un funzionamento moderno<br \/>\n<strong>Tecnologia dello schermo:<\/strong> Schermo a colori da 2,1 pollici per una visualizzazione dettagliata<br \/>\n<strong>Flusso d'aria:<\/strong> Ventilazione regolabile con precisione per una corrente d'aria ottimale<\/p>\n<h3 class=\"text-lg font-bold text-text-100 mt-1 -mb-1.5\">Scopri altri VOZOL VAPE su vozolpuff<\/h3>\n<p class=\"whitespace-normal break-words\">Scoprite altre sigarette elettroniche di alta qualit\u00e0 sul nostro sito <strong><a class=\"underline\" href=\"https:\/\/vozolpuff.de\/it\/\">Pagina iniziale<\/a><\/strong>, esplorate il sito completo <strong><a class=\"underline\" href=\"https:\/\/vozolpuff.de\/it\/product-category\/vozol-vape\/\">Collezione VOZOL VAPE<\/a><\/strong> o sfogliare tutti i modelli disponibili <strong><a class=\"underline\" href=\"https:\/\/vozolpuff.de\/it\/product-category\/vozol-vape\/vozol-gear-shisha-25000\/\">Vozol Gear Shisha 25000 aromi<\/a><\/strong>.<\/p>","protected":false},"excerpt":{"rendered":"<p class=\"whitespace-normal break-words\">La svapata monouso Vozol Gear Shisha 25000 Peach Ice combina la dolcezza vellutata delle pesche mature con la freschezza rinfrescante. Fino a 25.000 boccate, batteria da 1000mAh, sistema di riscaldamento a doppia maglia e display da 2,1\u2033. Ottimizzato per le note di pesca succosa con effetto rinfrescante.<\/p>\n<p class=\"whitespace-normal break-words\">","protected":false},"featured_media":1319,"comment_status":"open","ping_status":"closed","template":"","meta":{"_acf_changed":false},"product_brand":[],"product_cat":[34],"product_tag":[],"class_list":{"0":"post-1316","1":"product","2":"type-product","3":"status-publish","4":"has-post-thumbnail","6":"product_cat-vozol-gear-shisha-25000","8":"first","9":"instock","10":"shipping-taxable","11":"purchasable","12":"product-type-variable"},"acf":[],"_links":{"self":[{"href":"https:\/\/vozolpuff.de\/it\/wp-json\/wp\/v2\/product\/1316","targetHints":{"allow":["GET"]}}],"collection":[{"href":"https:\/\/vozolpuff.de\/it\/wp-json\/wp\/v2\/product"}],"about":[{"href":"https:\/\/vozolpuff.de\/it\/wp-json\/wp\/v2\/types\/product"}],"replies":[{"embeddable":true,"href":"https:\/\/vozolpuff.de\/it\/wp-json\/wp\/v2\/comments?post=1316"}],"wp:featuredmedia":[{"embeddable":true,"href":"https:\/\/vozolpuff.de\/it\/wp-json\/wp\/v2\/media\/1319"}],"wp:attachment":[{"href":"https:\/\/vozolpuff.de\/it\/wp-json\/wp\/v2\/media?parent=1316"}],"wp:term":[{"taxonomy":"product_brand","embeddable":true,"href":"https:\/\/vozolpuff.de\/it\/wp-json\/wp\/v2\/product_brand?post=1316"},{"taxonomy":"product_cat","embeddable":true,"href":"https:\/\/vozolpuff.de\/it\/wp-json\/wp\/v2\/product_cat?post=1316"},{"taxonomy":"product_tag","embeddable":true,"href":"https:\/\/vozolpuff.de\/it\/wp-json\/wp\/v2\/product_tag?post=1316"}],"curies":[{"name":"wp","href":"https:\/\/api.w.org\/{rel}","templated":true}]}}