{"id":1334,"date":"2025-08-25T16:15:37","date_gmt":"2025-08-25T14:15:37","guid":{"rendered":"https:\/\/vozolpuff.de\/?post_type=product&#038;p=1334"},"modified":"2026-03-31T16:11:01","modified_gmt":"2026-03-31T14:11:01","slug":"vozol-gear-shisha-25000-sweet-passion-fruit","status":"publish","type":"product","link":"https:\/\/vozolpuff.de\/it\/prodotto\/vozol-gear-shisha-25000-sweet-passion-fruit\/","title":{"rendered":"Vozol Gear Narghil\u00e8 25000 Dolce frutto della passione"},"content":{"rendered":"<h2 class=\"text-xl font-bold text-text-100 mt-1 -mb-0.5\">Vozol Gear Shisha 25000 Sweet Passion Fruit Vape usa e getta<\/h2>\n<p class=\"whitespace-normal break-words\">Immergetevi nei sapori tropicali con la Vozol Gear Shisha 25000 Sweet Passion Fruit. Questa combinazione di aromi esotici cattura l'intensa dolcezza dei frutti della passione maturi e offre fino a 25.000 boccate di pura intensit\u00e0 tropicale in modalit\u00e0 Eco ecologica. Il sofisticato sistema di riscaldamento a doppia rete in modalit\u00e0 Power esalta le complesse sfumature fruttate e garantisce un'autentica esperienza tropicale paradisiaca.<\/p>\n<p class=\"whitespace-normal break-words\">Il flusso d'aria aerodinamicamente ottimizzato \u00e8 stato progettato appositamente per i vapers DTL pi\u00f9 esigenti e garantisce tiri fluidi e potenti. Con la sua affidabile batteria da 1000 mAh, il capiente serbatoio da 24 ml e l'informativo display a colori da 2,1 pollici, questo dispositivo premium stabilisce nuovi standard in termini di comfort e prestazioni.<\/p>\n<h3 class=\"text-lg font-bold text-text-100 mt-1 -mb-1.5\">Vozol Gear Shisha 25000 Sweet Passion Fruit Dotazione:<\/h3>\n<p class=\"whitespace-normal break-words\"><strong>Sistema di batterie:<\/strong> 1000mAh per prestazioni a lungo termine<br \/>\n<strong>Funzione Eco:<\/strong> Fino a 25.000 treni<br \/>\n<strong>Funzione di alimentazione:<\/strong> Fino a 18.000 treni<br \/>\n<strong>concentrazione di nicotina:<\/strong> 5mg\/ml per un'esperienza di vapore soddisfacente<br \/>\n<strong>Tecnologia del vapore:<\/strong> DTL (Direct To Lung) per un impressionante sviluppo del vapore<br \/>\n<strong>Design della bobina:<\/strong> Doppia rete per un rendimento aromatico superiore<br \/>\n<strong>Raffinatezza tecnica:<\/strong> Integrazione audio per un'esperienza utente moderna<br \/>\n<strong>Tecnologia dello schermo:<\/strong> Schermo a colori da 2,1 pollici per informazioni dettagliate<br \/>\n<strong>Sistema di ventilazione:<\/strong> Volume d'aria regolabile per un divertimento personalizzato<\/p>","protected":false},"excerpt":{"rendered":"<p class=\"whitespace-normal break-words\">La sigaretta elettronica usa e getta Vozol Gear Shisha 25000 Sweet Passion Fruit cattura l'intensa dolcezza dei frutti della passione maturi in un mondo di sapori tropicali. Fino a 25.000 tiri, batteria da 1000 mAh, sistema di riscaldamento a doppia rete e display da 2,1\". Ottimizzata per DTL per un'autentica esperienza tropicale paradisiaca.<\/p>","protected":false},"featured_media":1337,"comment_status":"open","ping_status":"closed","template":"","meta":{"_acf_changed":false},"product_brand":[],"product_cat":[34],"product_tag":[],"class_list":{"0":"post-1334","1":"product","2":"type-product","3":"status-publish","4":"has-post-thumbnail","6":"product_cat-vozol-gear-shisha-25000","8":"first","9":"instock","10":"shipping-taxable","11":"purchasable","12":"product-type-variable"},"acf":[],"_links":{"self":[{"href":"https:\/\/vozolpuff.de\/it\/wp-json\/wp\/v2\/product\/1334","targetHints":{"allow":["GET"]}}],"collection":[{"href":"https:\/\/vozolpuff.de\/it\/wp-json\/wp\/v2\/product"}],"about":[{"href":"https:\/\/vozolpuff.de\/it\/wp-json\/wp\/v2\/types\/product"}],"replies":[{"embeddable":true,"href":"https:\/\/vozolpuff.de\/it\/wp-json\/wp\/v2\/comments?post=1334"}],"wp:featuredmedia":[{"embeddable":true,"href":"https:\/\/vozolpuff.de\/it\/wp-json\/wp\/v2\/media\/1337"}],"wp:attachment":[{"href":"https:\/\/vozolpuff.de\/it\/wp-json\/wp\/v2\/media?parent=1334"}],"wp:term":[{"taxonomy":"product_brand","embeddable":true,"href":"https:\/\/vozolpuff.de\/it\/wp-json\/wp\/v2\/product_brand?post=1334"},{"taxonomy":"product_cat","embeddable":true,"href":"https:\/\/vozolpuff.de\/it\/wp-json\/wp\/v2\/product_cat?post=1334"},{"taxonomy":"product_tag","embeddable":true,"href":"https:\/\/vozolpuff.de\/it\/wp-json\/wp\/v2\/product_tag?post=1334"}],"curies":[{"name":"wp","href":"https:\/\/api.w.org\/{rel}","templated":true}]}}