{"id":2187,"date":"2025-08-28T17:06:46","date_gmt":"2025-08-28T15:06:46","guid":{"rendered":"https:\/\/vozolpuff.de\/?post_type=product&#038;p=2187"},"modified":"2025-08-28T17:07:34","modified_gmt":"2025-08-28T15:07:34","slug":"randm-tornado-15000-strawberry-grape","status":"publish","type":"product","link":"https:\/\/vozolpuff.de\/it\/prodotto\/randm-tornado-15000-strawberry-grape\/","title":{"rendered":"RandM Tornado 15000 uva fragola"},"content":{"rendered":"<h2 class=\"text-xl font-bold text-text-100 mt-1 -mb-0.5\">RandM Tornado 15000 Strawberry Grape vape usa e getta<\/h2>\n<p class=\"whitespace-normal break-words\">Godetevi la stuzzicante combinazione di fragole succose e uva matura con RandM Tornado 15000 Strawberry Grape. Questa sigaretta elettronica monouso di alta qualit\u00e0 combina fruttato ed eleganza in un design compatto. Con 15.000 boccate e un serbatoio da 25 ml, offre un piacere duraturo nelle gradazioni di nicotina 0%, 2%, 3% e 5%.<\/p>\n<h3 class=\"text-lg font-bold text-text-100 mt-1 -mb-1.5\">Uva fragola Caratteristiche di prestazione:<\/h3>\n<p class=\"whitespace-normal break-words\"><strong>Batteria affidabile da 850 mAh:<\/strong> La robusta fonte di energia garantisce una potenza costante e assicura una produzione di vapore costante per l'intera durata di vita.<\/p>\n<p class=\"whitespace-normal break-words\"><strong>Stoccaggio prolungato di liquidi da 25 ML:<\/strong> L'ampia capacit\u00e0 consente di svapare per ore senza fastidiose interruzioni o interventi di manutenzione.<\/p>\n<p class=\"whitespace-normal break-words\"><strong>Bobina ottimizzata con maglia da 0,90\u03a9:<\/strong> La tecnologia del vaporizzatore appositamente sviluppata massimizza la resa aromatica e garantisce un autentico sapore di uva fragola.<\/p>\n<p class=\"whitespace-normal break-words\"><strong>Efficiente connessione Type-C:<\/strong> La moderna interfaccia di ricarica garantisce una ricarica rapida della batteria e riduce al minimo i tempi di inattivit\u00e0.<\/p>\n<p class=\"whitespace-normal break-words\"><strong>Ben 15.000 soffi di potenza:<\/strong> Eccezionale longevit\u00e0 per fasi di vapore prolungate senza compromettere la qualit\u00e0 del sapore o la densit\u00e0 del vapore.<\/p>\n<p class=\"whitespace-normal break-words\"><strong>Illuminazione RGB vivida:<\/strong> Gli accattivanti schemi di colore creano accenti visivi e forniscono informazioni affidabili sullo stato attuale del dispositivo.<\/p>\n<h3 class=\"text-lg font-bold text-text-100 mt-1 -mb-1.5\">Scopri altri FUMOT VAPE su vozolpuff<\/h3>\n<p class=\"whitespace-normal break-words\">Scoprite altri prodotti per il vapore di prima classe nel nostro <strong><a class=\"underline\" href=\"https:\/\/vozolpuff.de\/it\/\">Assortimento principale<\/a><\/strong>, esplorate il sito completo <strong><a class=\"underline\" href=\"https:\/\/vozolpuff.de\/it\/product-category\/fumot-vape\/\">Collezione FUMOT VAPE<\/a><\/strong> o sfogliare tutti i modelli disponibili <strong><a class=\"underline\" href=\"https:\/\/vozolpuff.de\/it\/product-category\/fumot-vape\/randm-tornado-15000\/\">Aromi RandM Tornado 15000<\/a><\/strong> per un'esperienza di svapo perfetta.<\/p>","protected":false},"excerpt":{"rendered":"<div>\n<div class=\"grid-cols-1 grid gap-2.5 [&amp;_&gt;_*]:min-w-0 !gap-3.5\">\n<div>\n<div class=\"grid-cols-1 grid gap-2.5 [&amp;_&gt;_*]:min-w-0 !gap-3.5\">\n<p class=\"whitespace-normal break-words\">Die RandM Tornado 15000 Strawberry Grape Einweg-Vape kombiniert s\u00fc\u00dfe Erdbeeren mit saftigen Trauben. Mit 15.000 Z\u00fcgen, 25ml Tank, 850mAh Akku und RGB-Beleuchtung bietet sie langanhaltenden Dampfgenuss. Erh\u00e4ltlich in 0%, 2%, 3% und 5% Nikotin.<\/p>\n<\/div>\n<\/div>\n<div class=\"h-8\"><\/div>\n<\/div>\n<\/div>\n<div class=\"h-8\"><\/div>\n","protected":false},"featured_media":2190,"comment_status":"open","ping_status":"closed","template":"","meta":{"_acf_changed":false},"product_brand":[],"product_cat":[44],"product_tag":[],"class_list":{"0":"post-2187","1":"product","2":"type-product","3":"status-publish","4":"has-post-thumbnail","6":"product_cat-randm-tornado-15000","8":"first","9":"instock","10":"shipping-taxable","11":"purchasable","12":"product-type-variable"},"acf":[],"_links":{"self":[{"href":"https:\/\/vozolpuff.de\/it\/wp-json\/wp\/v2\/product\/2187","targetHints":{"allow":["GET"]}}],"collection":[{"href":"https:\/\/vozolpuff.de\/it\/wp-json\/wp\/v2\/product"}],"about":[{"href":"https:\/\/vozolpuff.de\/it\/wp-json\/wp\/v2\/types\/product"}],"replies":[{"embeddable":true,"href":"https:\/\/vozolpuff.de\/it\/wp-json\/wp\/v2\/comments?post=2187"}],"wp:featuredmedia":[{"embeddable":true,"href":"https:\/\/vozolpuff.de\/it\/wp-json\/wp\/v2\/media\/2190"}],"wp:attachment":[{"href":"https:\/\/vozolpuff.de\/it\/wp-json\/wp\/v2\/media?parent=2187"}],"wp:term":[{"taxonomy":"product_brand","embeddable":true,"href":"https:\/\/vozolpuff.de\/it\/wp-json\/wp\/v2\/product_brand?post=2187"},{"taxonomy":"product_cat","embeddable":true,"href":"https:\/\/vozolpuff.de\/it\/wp-json\/wp\/v2\/product_cat?post=2187"},{"taxonomy":"product_tag","embeddable":true,"href":"https:\/\/vozolpuff.de\/it\/wp-json\/wp\/v2\/product_tag?post=2187"}],"curies":[{"name":"wp","href":"https:\/\/api.w.org\/{rel}","templated":true}]}}