{"id":2197,"date":"2025-08-28T17:15:34","date_gmt":"2025-08-28T15:15:34","guid":{"rendered":"https:\/\/vozolpuff.de\/?post_type=product&#038;p=2197"},"modified":"2025-08-28T17:15:34","modified_gmt":"2025-08-28T15:15:34","slug":"randm-tornado-15000-mr-blue","status":"publish","type":"product","link":"https:\/\/vozolpuff.de\/it\/prodotto\/randm-tornado-15000-mr-blue\/","title":{"rendered":"RandM Tornado 15000 Mr Blue"},"content":{"rendered":"<h2 class=\"text-xl font-bold text-text-100 mt-1 -mb-0.5\">RandM Tornado 15000 Mr Blue vape usa e getta<\/h2>\n<p class=\"whitespace-normal break-words\">Immergetevi nel misterioso mondo di Mr Blue con RandM Tornado 15000. Questa straordinaria composizione di aromi offre un'esperienza di svapo unica fino a 15.000 boccate. Il generoso serbatoio di e-liquid da 25 ml e la scelta tra 0%, 2%, 3% e 5% di nicotina rendono questa sigaretta elettronica monouso il compagno perfetto.<\/p>\n<h3 class=\"text-lg font-bold text-text-100 mt-1 -mb-1.5\">Dettagli sull'attrezzatura Mr Blue:<\/h3>\n<p class=\"whitespace-normal break-words\"><strong>Batteria ad alte prestazioni da 850 mAh:<\/strong> La tecnologia delle batterie ricaricabili premium fornisce un'energia stabile e costante e garantisce un funzionamento ottimale fino alla completa scarica della batteria.<\/p>\n<p class=\"whitespace-normal break-words\"><strong>Serbatoio di grande capacit\u00e0 da 25 ML:<\/strong> Il serbatoio sufficientemente dimensionato offre il massimo godimento del vapore senza frequenti interruzioni o intervalli di manutenzione.<\/p>\n<p class=\"whitespace-normal break-words\"><strong>Bobina a maglia speciale 0,90\u03a9:<\/strong> Gli elementi riscaldanti, realizzati con precisione, producono le sfumature caratteristiche dell'aroma Mr Blue e assicurano un sapore perfetto.<\/p>\n<p class=\"whitespace-normal break-words\"><strong>Porta di alimentazione Type-C:<\/strong> La tecnologia di ricarica all'avanguardia consente un assorbimento fulmineo dell'energia e riduce al minimo i tempi di attesa improduttivi.<\/p>\n<p class=\"whitespace-normal break-words\"><strong>Monumentali 15.000 mosse di resistenza:<\/strong> Capacit\u00e0 impressionante per un uso prolungato senza sacrificare il volume del vapore o l'intensit\u00e0 del sapore.<\/p>\n<p class=\"whitespace-normal break-words\"><strong>Sistema RGB multicolore:<\/strong> L'innovativa tecnologia di illuminazione crea un'atmosfera suggestiva e funge da preciso indicatore di funzionamento.<\/p>\n<h3 class=\"text-lg font-bold text-text-100 mt-1 -mb-1.5\">Scopri altri FUMOT VAPE su vozolpuff<\/h3>\n<p class=\"whitespace-normal break-words\">Scoprite altri prodotti per il vapore di prima classe nel nostro <strong><a class=\"underline\" href=\"https:\/\/vozolpuff.de\/it\/\">Assortimento principale<\/a><\/strong>, esplorate il sito completo <strong><a class=\"underline\" href=\"https:\/\/vozolpuff.de\/it\/product-category\/fumot-vape\/\">Collezione FUMOT VAPE<\/a><\/strong> o sfogliare tutti i modelli disponibili <strong><a class=\"underline\" href=\"https:\/\/vozolpuff.de\/it\/product-category\/fumot-vape\/randm-tornado-15000\/\">Aromi RandM Tornado 15000<\/a><\/strong> per un'esperienza di svapo perfetta.<\/p>","protected":false},"excerpt":{"rendered":"<div>\n<div class=\"grid-cols-1 grid gap-2.5 [&amp;_&gt;_*]:min-w-0 !gap-3.5\">\n<p class=\"whitespace-normal break-words\">Die RandM Tornado 15000 Mr Blue Einweg-Vape bietet ein geheimnisvolles Geschmackserlebnis. Mit 15.000 Z\u00fcgen, 25ml Tank, 850mAh Akku und RGB-Beleuchtung sorgt sie f\u00fcr langanhaltenden Dampfgenuss. Erh\u00e4ltlich in 0%, 2%, 3% und 5% Nikotin.<\/p>\n<\/div>\n<\/div>\n<div class=\"h-8\"><\/div>\n","protected":false},"featured_media":2200,"comment_status":"open","ping_status":"closed","template":"","meta":{"_acf_changed":false},"product_brand":[],"product_cat":[44],"product_tag":[],"class_list":{"0":"post-2197","1":"product","2":"type-product","3":"status-publish","4":"has-post-thumbnail","6":"product_cat-randm-tornado-15000","8":"first","9":"instock","10":"shipping-taxable","11":"purchasable","12":"product-type-variable"},"acf":[],"_links":{"self":[{"href":"https:\/\/vozolpuff.de\/it\/wp-json\/wp\/v2\/product\/2197","targetHints":{"allow":["GET"]}}],"collection":[{"href":"https:\/\/vozolpuff.de\/it\/wp-json\/wp\/v2\/product"}],"about":[{"href":"https:\/\/vozolpuff.de\/it\/wp-json\/wp\/v2\/types\/product"}],"replies":[{"embeddable":true,"href":"https:\/\/vozolpuff.de\/it\/wp-json\/wp\/v2\/comments?post=2197"}],"wp:featuredmedia":[{"embeddable":true,"href":"https:\/\/vozolpuff.de\/it\/wp-json\/wp\/v2\/media\/2200"}],"wp:attachment":[{"href":"https:\/\/vozolpuff.de\/it\/wp-json\/wp\/v2\/media?parent=2197"}],"wp:term":[{"taxonomy":"product_brand","embeddable":true,"href":"https:\/\/vozolpuff.de\/it\/wp-json\/wp\/v2\/product_brand?post=2197"},{"taxonomy":"product_cat","embeddable":true,"href":"https:\/\/vozolpuff.de\/it\/wp-json\/wp\/v2\/product_cat?post=2197"},{"taxonomy":"product_tag","embeddable":true,"href":"https:\/\/vozolpuff.de\/it\/wp-json\/wp\/v2\/product_tag?post=2197"}],"curies":[{"name":"wp","href":"https:\/\/api.w.org\/{rel}","templated":true}]}}