{"id":2207,"date":"2025-08-28T17:18:42","date_gmt":"2025-08-28T15:18:42","guid":{"rendered":"https:\/\/vozolpuff.de\/?post_type=product&#038;p=2207"},"modified":"2025-08-28T17:18:43","modified_gmt":"2025-08-28T15:18:43","slug":"randm-tornado-15000-lush-ice","status":"publish","type":"product","link":"https:\/\/vozolpuff.de\/it\/prodotto\/randm-tornado-15000-lush-ice\/","title":{"rendered":"RandM Tornado 15000 Ghiaccio Lussureggiante"},"content":{"rendered":"<h2 class=\"text-xl font-bold text-text-100 mt-1 -mb-0.5\">RandM Tornado 15000 Lush Ice vape monouso<\/h2>\n<p class=\"whitespace-normal break-words\">Rinfrescatevi con RandM Tornado 15000 Lush Ice - una combinazione rinvigorente di dolce anguria e un'intensa carica di mentolo. Questa sigaretta elettronica usa e getta offre fino a 15.000 boccate rinfrescanti da un serbatoio pre-riempito da 25 ml. Disponibile nelle gradazioni di nicotina 0%, 2%, 3% e 5% per soddisfare tutti i gusti.<\/p>\n<h3 class=\"text-lg font-bold text-text-100 mt-1 -mb-1.5\">Lush Ice Caratteristiche tecniche:<\/h3>\n<p class=\"whitespace-normal break-words\"><strong>Batteria di lunga durata da 850 mAh:<\/strong> La potente cella energetica assicura un raffreddamento continuo e prestazioni costanti per tutta la durata del prodotto.<\/p>\n<p class=\"whitespace-normal break-words\"><strong>Ampio serbatoio da 25 ML:<\/strong> La generosa capacit\u00e0 del liquido garantisce un rinfresco di lunga durata senza interrompere il piacere del vaping.<\/p>\n<p class=\"whitespace-normal break-words\"><strong>Bobina da 0,90\u03a9 ottimizzata per il freddo:<\/strong> La tecnologia di vaporizzazione appositamente studiata esalta l'effetto del mentolo e offre le autentiche sensazioni di Lush Ice.<\/p>\n<p class=\"whitespace-normal break-words\"><strong>Ricarica Turbo Type-C:<\/strong> La rivoluzionaria tecnologia di ricarica rapida riduce drasticamente i cicli di ricarica e massimizza il tempo di vapore disponibile.<\/p>\n<p class=\"whitespace-normal break-words\"><strong>Gamma colossale di 15.000 treni:<\/strong> Resa eccezionale per settimane di rinfresco senza perdita di qualit\u00e0 o raffreddamento.<\/p>\n<p class=\"whitespace-normal break-words\"><strong>Effetti RGB prismatici:<\/strong> Suggestivi effetti luminosi sottolineano il tema del ghiaccio e segnalano in modo affidabile lo stato di funzionamento.<\/p>\n<h3 class=\"text-lg font-bold text-text-100 mt-1 -mb-1.5\">Scopri altri FUMOT VAPE su vozolpuff<\/h3>\n<p class=\"whitespace-normal break-words\">Scoprite altri prodotti per il vapore di prima classe nel nostro <strong><a class=\"underline\" href=\"https:\/\/vozolpuff.de\/it\/\">Assortimento principale<\/a><\/strong>, esplorate il sito completo <strong><a class=\"underline\" href=\"https:\/\/vozolpuff.de\/it\/product-category\/fumot-vape\/\">Collezione FUMOT VAPE<\/a><\/strong> o sfogliare tutti i modelli disponibili <strong><a class=\"underline\" href=\"https:\/\/vozolpuff.de\/it\/product-category\/fumot-vape\/randm-tornado-15000\/\">Aromi RandM Tornado 15000<\/a><\/strong> per un'esperienza di svapo perfetta.<\/p>","protected":false},"excerpt":{"rendered":"<div>\n<div class=\"grid-cols-1 grid gap-2.5 [&amp;_&gt;_*]:min-w-0 !gap-3.5\">\n<p class=\"whitespace-normal break-words\">Die RandM Tornado 15000 Lush Ice Einweg-Vape kombiniert s\u00fc\u00dfe Wassermelone mit intensivem Menthol-Kick. Mit 15.000 Z\u00fcgen, 25ml Tank, 850mAh Akku und RGB-Beleuchtung bietet sie erfrischenden Dampfgenuss. Erh\u00e4ltlich in 0%, 2%, 3% und 5% Nikotin.<\/p>\n<\/div>\n<\/div>\n<div class=\"h-8\"><\/div>\n","protected":false},"featured_media":2210,"comment_status":"open","ping_status":"closed","template":"","meta":{"_acf_changed":false},"product_brand":[],"product_cat":[44],"product_tag":[],"class_list":{"0":"post-2207","1":"product","2":"type-product","3":"status-publish","4":"has-post-thumbnail","6":"product_cat-randm-tornado-15000","8":"first","9":"instock","10":"shipping-taxable","11":"purchasable","12":"product-type-variable"},"acf":[],"_links":{"self":[{"href":"https:\/\/vozolpuff.de\/it\/wp-json\/wp\/v2\/product\/2207","targetHints":{"allow":["GET"]}}],"collection":[{"href":"https:\/\/vozolpuff.de\/it\/wp-json\/wp\/v2\/product"}],"about":[{"href":"https:\/\/vozolpuff.de\/it\/wp-json\/wp\/v2\/types\/product"}],"replies":[{"embeddable":true,"href":"https:\/\/vozolpuff.de\/it\/wp-json\/wp\/v2\/comments?post=2207"}],"wp:featuredmedia":[{"embeddable":true,"href":"https:\/\/vozolpuff.de\/it\/wp-json\/wp\/v2\/media\/2210"}],"wp:attachment":[{"href":"https:\/\/vozolpuff.de\/it\/wp-json\/wp\/v2\/media?parent=2207"}],"wp:term":[{"taxonomy":"product_brand","embeddable":true,"href":"https:\/\/vozolpuff.de\/it\/wp-json\/wp\/v2\/product_brand?post=2207"},{"taxonomy":"product_cat","embeddable":true,"href":"https:\/\/vozolpuff.de\/it\/wp-json\/wp\/v2\/product_cat?post=2207"},{"taxonomy":"product_tag","embeddable":true,"href":"https:\/\/vozolpuff.de\/it\/wp-json\/wp\/v2\/product_tag?post=2207"}],"curies":[{"name":"wp","href":"https:\/\/api.w.org\/{rel}","templated":true}]}}