{"id":2217,"date":"2025-08-28T17:22:02","date_gmt":"2025-08-28T15:22:02","guid":{"rendered":"https:\/\/vozolpuff.de\/?post_type=product&#038;p=2217"},"modified":"2025-08-28T17:22:02","modified_gmt":"2025-08-28T15:22:02","slug":"randm-tornado-15000-ice-pop","status":"publish","type":"product","link":"https:\/\/vozolpuff.de\/it\/prodotto\/randm-tornado-15000-ice-pop\/","title":{"rendered":"RandM Tornado 15000 Ice Pop"},"content":{"rendered":"<h2 class=\"text-xl font-bold text-text-100 mt-1 -mb-0.5\">RandM Tornado 15000 Ice Pop vape monouso<\/h2>\n<p class=\"whitespace-normal break-words\">Lasciatevi andare a ricordi nostalgici con RandM Tornado 15000 Ice Pop - un piacere ghiacciato che ricorda i momenti estivi con i ghiaccioli. Con 15.000 boccate e un serbatoio da 25 ml, questa sigaretta elettronica usa e getta offre un rinfresco ghiacciato. Disponibile nelle gradazioni di nicotina 0%, 2%, 3% e 5% per un piacere personalizzato.<\/p>\n<h3 class=\"text-lg font-bold text-text-100 mt-1 -mb-1.5\">Caratteristiche funzionali di Ice Pop:<\/h3>\n<p class=\"whitespace-normal break-words\"><strong>Batteria ad alta energia da 850 mAh:<\/strong> La potente tecnologia delle batterie garantisce un funzionamento continuo senza gelo e un'alimentazione stabile per un'efficienza di raffreddamento ottimale.<\/p>\n<p class=\"whitespace-normal break-words\"><strong>Contenitore ad alta capacit\u00e0 da 25 ML:<\/strong> L'ampio volume dell'e-liquid garantisce sessioni di ice pop prolungate senza il fastidio di doverlo ricaricare.<\/p>\n<p class=\"whitespace-normal break-words\"><strong>Bobina a maglia 0,90\u03a9 ottimizzata per il gelo:<\/strong> La tecnologia di riscaldamento su misura massimizza l'effetto refrigerante e trasporta perfettamente i sapori autentici dei ghiaccioli.<\/p>\n<p class=\"whitespace-normal break-words\"><strong>Porta di ricarica Express Type-C:<\/strong> L'interfaccia di ricarica all'avanguardia riduce al minimo i tempi di ricarica della batteria e massimizza i momenti di vapore ghiacciato.<\/p>\n<p class=\"whitespace-normal break-words\"><strong>Gigantesca capacit\u00e0 di 15.000 treni:<\/strong> Resistenza fenomenale per un raffreddamento prolungato senza perdita di sapore o intensit\u00e0.<\/p>\n<p class=\"whitespace-normal break-words\"><strong>Illuminazione RGB spettrale:<\/strong> Affascinanti variazioni di colore creano un'atmosfera invernale e fungono da preciso indicatore di funzionamento.<\/p>\n<h3 class=\"text-lg font-bold text-text-100 mt-1 -mb-1.5\">Scopri altri FUMOT VAPE su vozolpuff<\/h3>\n<p class=\"whitespace-normal break-words\">Scoprite altri prodotti per il vapore di prima classe nel nostro <strong><a class=\"underline\" href=\"https:\/\/vozolpuff.de\/it\/\">Assortimento principale<\/a><\/strong>, esplorate il sito completo <strong><a class=\"underline\" href=\"https:\/\/vozolpuff.de\/it\/product-category\/fumot-vape\/\">Collezione FUMOT VAPE<\/a><\/strong> o sfogliare tutti i modelli disponibili <strong><a class=\"underline\" href=\"https:\/\/vozolpuff.de\/it\/product-category\/fumot-vape\/randm-tornado-15000\/\">Aromi RandM Tornado 15000<\/a><\/strong> per un'esperienza di svapo perfetta.<\/p>","protected":false},"excerpt":{"rendered":"<div>\n<div class=\"grid-cols-1 grid gap-2.5 [&amp;_&gt;_*]:min-w-0 !gap-3.5\">\n<p class=\"whitespace-normal break-words\">Die RandM Tornado 15000 Ice Pop Einweg-Vape bietet nostalgischen Eis-am-Stiel-Geschmack mit eisiger Erfrischung. Mit 15.000 Z\u00fcgen, 25ml Tank, 850mAh Akku und RGB-Beleuchtung sorgt sie f\u00fcr sommerliches Dampfvergn\u00fcgen. Erh\u00e4ltlich in 0%, 2%, 3% und 5% Nikotin.<\/p>\n<\/div>\n<\/div>\n<div class=\"h-8\"><\/div>\n","protected":false},"featured_media":2220,"comment_status":"open","ping_status":"closed","template":"","meta":{"_acf_changed":false},"product_brand":[],"product_cat":[44],"product_tag":[],"class_list":{"0":"post-2217","1":"product","2":"type-product","3":"status-publish","4":"has-post-thumbnail","6":"product_cat-randm-tornado-15000","8":"first","9":"instock","10":"shipping-taxable","11":"purchasable","12":"product-type-variable"},"acf":[],"_links":{"self":[{"href":"https:\/\/vozolpuff.de\/it\/wp-json\/wp\/v2\/product\/2217","targetHints":{"allow":["GET"]}}],"collection":[{"href":"https:\/\/vozolpuff.de\/it\/wp-json\/wp\/v2\/product"}],"about":[{"href":"https:\/\/vozolpuff.de\/it\/wp-json\/wp\/v2\/types\/product"}],"replies":[{"embeddable":true,"href":"https:\/\/vozolpuff.de\/it\/wp-json\/wp\/v2\/comments?post=2217"}],"wp:featuredmedia":[{"embeddable":true,"href":"https:\/\/vozolpuff.de\/it\/wp-json\/wp\/v2\/media\/2220"}],"wp:attachment":[{"href":"https:\/\/vozolpuff.de\/it\/wp-json\/wp\/v2\/media?parent=2217"}],"wp:term":[{"taxonomy":"product_brand","embeddable":true,"href":"https:\/\/vozolpuff.de\/it\/wp-json\/wp\/v2\/product_brand?post=2217"},{"taxonomy":"product_cat","embeddable":true,"href":"https:\/\/vozolpuff.de\/it\/wp-json\/wp\/v2\/product_cat?post=2217"},{"taxonomy":"product_tag","embeddable":true,"href":"https:\/\/vozolpuff.de\/it\/wp-json\/wp\/v2\/product_tag?post=2217"}],"curies":[{"name":"wp","href":"https:\/\/api.w.org\/{rel}","templated":true}]}}