{"id":2227,"date":"2025-08-28T17:25:11","date_gmt":"2025-08-28T15:25:11","guid":{"rendered":"https:\/\/vozolpuff.de\/?post_type=product&#038;p=2227"},"modified":"2025-08-28T17:25:11","modified_gmt":"2025-08-28T15:25:11","slug":"randm-tornado-15000-strawberry-kiwi","status":"publish","type":"product","link":"https:\/\/vozolpuff.de\/it\/prodotto\/randm-tornado-15000-strawberry-kiwi\/","title":{"rendered":"RandM Tornado 15000 Fragola Kiwi"},"content":{"rendered":"<h2 class=\"text-xl font-bold text-text-100 mt-1 -mb-0.5\">RandM Tornado 15000 Strawberry Kiwi vape usa e getta<\/h2>\n<p class=\"whitespace-normal break-words\">Seducete le vostre papille gustative con l'armoniosa combinazione di fragole rosse e kiwi aspro della RandM Tornado 15000 Strawberry Kiwi. Questa sigaretta elettronica monouso fruttata combina dolcezza e acidit\u00e0 per creare un'esperienza di gusto equilibrata. Con 15.000 boccate e capacit\u00e0 di 25 ml, disponibile con nicotina 0%, 2%, 3% e 5%.<\/p>\n<h3 class=\"text-lg font-bold text-text-100 mt-1 -mb-1.5\">Fragola Kiwi Propriet\u00e0 del prodotto:<\/h3>\n<p class=\"whitespace-normal break-words\"><strong>Robusto accumulatore di energia da 850 mAh:<\/strong> L'alimentazione affidabile garantisce una produzione di vapore continua e preserva la freschezza degli aromi della frutta per tutto il periodo di utilizzo.<\/p>\n<p class=\"whitespace-normal break-words\"><strong>Ampio serbatoio per liquidi da 25 ML:<\/strong> Il serbatoio di dimensioni generose consente di effettuare lunghe sessioni di degustazione della frutta senza interruzioni o necessit\u00e0 di assistenza.<\/p>\n<p class=\"whitespace-normal break-words\"><strong>Bobina a maglie da 0,90\u03a9 che esalta il sapore:<\/strong> La tecnologia di vaporizzazione accuratamente calibrata esalta le note naturali di fragola e kiwi e offre un'esperienza di gusto autentica.<\/p>\n<p class=\"whitespace-normal break-words\"><strong>Interfaccia Type-C ad alta velocit\u00e0:<\/strong> La tecnologia di ricarica avanzata riduce al minimo i tempi di inattivit\u00e0 e ottimizza il tempo di utilizzo disponibile.<\/p>\n<p class=\"whitespace-normal break-words\"><strong>Fenomenale potenza di 15.000 soffi:<\/strong> Capacit\u00e0 eccezionale per godere a lungo della frutta senza compromettere la purezza del sapore o la qualit\u00e0 del vapore.<\/p>\n<p class=\"whitespace-normal break-words\"><strong>Tecnologia RGB luminosa:<\/strong> Gli effetti cromatici dinamici creano un'esperienza di vaping vivace e forniscono informazioni precise su tutti gli stati del dispositivo.<\/p>\n<h3 class=\"text-lg font-bold text-text-100 mt-1 -mb-1.5\">Scopri altri FUMOT VAPE su vozolpuff<\/h3>\n<p class=\"whitespace-normal break-words\">Scoprite altri prodotti per il vapore di prima classe nel nostro <strong><a class=\"underline\" href=\"https:\/\/vozolpuff.de\/it\/\">Assortimento principale<\/a><\/strong>, esplorate il sito completo <strong><a class=\"underline\" href=\"https:\/\/vozolpuff.de\/it\/product-category\/fumot-vape\/\">Collezione FUMOT VAPE<\/a><\/strong> o sfogliare tutti i modelli disponibili <strong><a class=\"underline\" href=\"https:\/\/vozolpuff.de\/it\/product-category\/fumot-vape\/randm-tornado-15000\/\">Aromi RandM Tornado 15000<\/a><\/strong> per un'esperienza di svapo perfetta.<\/p>","protected":false},"excerpt":{"rendered":"<div>\n<div class=\"grid-cols-1 grid gap-2.5 [&amp;_&gt;_*]:min-w-0 !gap-3.5\">\n<p class=\"whitespace-normal break-words\">Die RandM Tornado 15000 Strawberry Kiwi Einweg-Vape vereint s\u00fc\u00dfe Erdbeeren mit s\u00e4uerlichen Kiwis zu einem ausgewogenen Geschmackserlebnis. Mit 15.000 Z\u00fcgen, 25ml Tank, 850mAh Akku und RGB-Beleuchtung. Erh\u00e4ltlich in 0%, 2%, 3% und 5% Nikotin.<\/p>\n<\/div>\n<\/div>\n<div class=\"h-8\"><\/div>\n","protected":false},"featured_media":2230,"comment_status":"open","ping_status":"closed","template":"","meta":{"_acf_changed":false},"product_brand":[],"product_cat":[44],"product_tag":[],"class_list":{"0":"post-2227","1":"product","2":"type-product","3":"status-publish","4":"has-post-thumbnail","6":"product_cat-randm-tornado-15000","8":"first","9":"instock","10":"shipping-taxable","11":"purchasable","12":"product-type-variable"},"acf":[],"_links":{"self":[{"href":"https:\/\/vozolpuff.de\/it\/wp-json\/wp\/v2\/product\/2227","targetHints":{"allow":["GET"]}}],"collection":[{"href":"https:\/\/vozolpuff.de\/it\/wp-json\/wp\/v2\/product"}],"about":[{"href":"https:\/\/vozolpuff.de\/it\/wp-json\/wp\/v2\/types\/product"}],"replies":[{"embeddable":true,"href":"https:\/\/vozolpuff.de\/it\/wp-json\/wp\/v2\/comments?post=2227"}],"wp:featuredmedia":[{"embeddable":true,"href":"https:\/\/vozolpuff.de\/it\/wp-json\/wp\/v2\/media\/2230"}],"wp:attachment":[{"href":"https:\/\/vozolpuff.de\/it\/wp-json\/wp\/v2\/media?parent=2227"}],"wp:term":[{"taxonomy":"product_brand","embeddable":true,"href":"https:\/\/vozolpuff.de\/it\/wp-json\/wp\/v2\/product_brand?post=2227"},{"taxonomy":"product_cat","embeddable":true,"href":"https:\/\/vozolpuff.de\/it\/wp-json\/wp\/v2\/product_cat?post=2227"},{"taxonomy":"product_tag","embeddable":true,"href":"https:\/\/vozolpuff.de\/it\/wp-json\/wp\/v2\/product_tag?post=2227"}],"curies":[{"name":"wp","href":"https:\/\/api.w.org\/{rel}","templated":true}]}}