{"id":2237,"date":"2025-08-28T17:28:29","date_gmt":"2025-08-28T15:28:29","guid":{"rendered":"https:\/\/vozolpuff.de\/?post_type=product&#038;p=2237"},"modified":"2025-08-28T17:28:29","modified_gmt":"2025-08-28T15:28:29","slug":"randm-tornado-15000-kiwi-passion-fruit-guava","status":"publish","type":"product","link":"https:\/\/vozolpuff.de\/it\/prodotto\/randm-tornado-15000-kiwi-passion-fruit-guava\/","title":{"rendered":"RandM Tornado 15000 Kiwi Frutto della Passione Guava"},"content":{"rendered":"<h2 class=\"text-xl font-bold text-text-100 mt-1 -mb-0.5\">RandM Tornado 15000 Kiwi Passion Fruit Guava Vape usa e getta<\/h2>\n<p class=\"whitespace-normal break-words\">Intraprendete un viaggio dal sapore tropicale con RandM Tornado 15000 Kiwi Passion Fruit Guava. Questa tripla miscela esotica di frutta combina l'aspro kiwi, l'aromatico frutto della passione e la dolce guava per creare un'esperienza di svapo paradisiaca. 15.000 boccate e 25 ml di capacit\u00e0 nelle gradazioni di nicotina 0%, 2%, 3% e 5%.<\/p>\n<h3 class=\"text-lg font-bold text-text-100 mt-1 -mb-1.5\">Kiwi Frutto della Passione Guava Caratteristiche speciali:<\/h3>\n<p class=\"whitespace-normal break-words\"><strong>Batteria ad alta capacit\u00e0 da 850 mAh:<\/strong> La tecnologia energetica premium garantisce sapori stabili di frutta tropicale e offre prestazioni costanti per un'esperienza esotica completa.<\/p>\n<p class=\"whitespace-normal break-words\"><strong>Voluminoso sistema di e-liquid da 25 ML:<\/strong> La capacit\u00e0 estesa del serbatoio consente viaggi tropicali intensivi senza interrompere l'esperienza del gusto paradisiaco.<\/p>\n<p class=\"whitespace-normal break-words\"><strong>Bobina da 0,90\u03a9 ottimizzata per i frutti tropicali:<\/strong> La tecnologia di evaporazione appositamente sviluppata estrae le complesse note aromatiche di tutti e tre i frutti e crea una perfetta armonia di sapori.<\/p>\n<p class=\"whitespace-normal break-words\"><strong>Caricatore Lightning Type-C:<\/strong> La tecnologia di ricarica ultraveloce riduce al minimo i tempi di attesa e massimizza il tempo a disposizione per le avventure esotiche del vaping.<\/p>\n<p class=\"whitespace-normal break-words\"><strong>Monumentali 15.000 mosse di resistenza:<\/strong> Longevit\u00e0 impressionante per settimane di sogni tropicali senza perdere la sua caratteristica complessit\u00e0 fruttata.<\/p>\n<p class=\"whitespace-normal break-words\"><strong>Spettacolo di luci RGB tropicali:<\/strong> L'illuminazione colorata evoca stati d'animo paradisiaci e funge da indicatore funzionale affidabile.<\/p>\n<h3 class=\"text-lg font-bold text-text-100 mt-1 -mb-1.5\">Scopri altri FUMOT VAPE su vozolpuff<\/h3>\n<p class=\"whitespace-normal break-words\">Scoprite altri prodotti per il vapore di prima classe nel nostro <strong><a class=\"underline\" href=\"https:\/\/vozolpuff.de\/it\/\">Assortimento principale<\/a><\/strong>, esplorate il sito completo <strong><a class=\"underline\" href=\"https:\/\/vozolpuff.de\/it\/product-category\/fumot-vape\/\">Collezione FUMOT VAPE<\/a><\/strong> o sfogliare tutti i modelli disponibili <strong><a class=\"underline\" href=\"https:\/\/vozolpuff.de\/it\/product-category\/fumot-vape\/randm-tornado-15000\/\">Aromi RandM Tornado 15000<\/a><\/strong> per un'esperienza di svapo perfetta.<\/p>","protected":false},"excerpt":{"rendered":"<div>\n<div class=\"grid-cols-1 grid gap-2.5 [&amp;_&gt;_*]:min-w-0 !gap-3.5\">\n<p class=\"whitespace-normal break-words\">Die RandM Tornado 15000 Kiwi Passion Fruit Guava Einweg-Vape bietet eine exotische Dreifach-Frucht-Mischung aus s\u00e4uerlicher Kiwi, aromatischer Passionsfrucht und s\u00fc\u00dfer Guave. Mit 15.000 Z\u00fcgen, 25ml Tank und 850mAh Akku. Erh\u00e4ltlich in 0%, 2%, 3% und 5% Nikotin.<\/p>\n<\/div>\n<\/div>\n<div class=\"h-8\"><\/div>\n","protected":false},"featured_media":2240,"comment_status":"open","ping_status":"closed","template":"","meta":{"_acf_changed":false},"product_brand":[],"product_cat":[44],"product_tag":[],"class_list":{"0":"post-2237","1":"product","2":"type-product","3":"status-publish","4":"has-post-thumbnail","6":"product_cat-randm-tornado-15000","8":"first","9":"instock","10":"shipping-taxable","11":"purchasable","12":"product-type-variable"},"acf":[],"_links":{"self":[{"href":"https:\/\/vozolpuff.de\/it\/wp-json\/wp\/v2\/product\/2237","targetHints":{"allow":["GET"]}}],"collection":[{"href":"https:\/\/vozolpuff.de\/it\/wp-json\/wp\/v2\/product"}],"about":[{"href":"https:\/\/vozolpuff.de\/it\/wp-json\/wp\/v2\/types\/product"}],"replies":[{"embeddable":true,"href":"https:\/\/vozolpuff.de\/it\/wp-json\/wp\/v2\/comments?post=2237"}],"wp:featuredmedia":[{"embeddable":true,"href":"https:\/\/vozolpuff.de\/it\/wp-json\/wp\/v2\/media\/2240"}],"wp:attachment":[{"href":"https:\/\/vozolpuff.de\/it\/wp-json\/wp\/v2\/media?parent=2237"}],"wp:term":[{"taxonomy":"product_brand","embeddable":true,"href":"https:\/\/vozolpuff.de\/it\/wp-json\/wp\/v2\/product_brand?post=2237"},{"taxonomy":"product_cat","embeddable":true,"href":"https:\/\/vozolpuff.de\/it\/wp-json\/wp\/v2\/product_cat?post=2237"},{"taxonomy":"product_tag","embeddable":true,"href":"https:\/\/vozolpuff.de\/it\/wp-json\/wp\/v2\/product_tag?post=2237"}],"curies":[{"name":"wp","href":"https:\/\/api.w.org\/{rel}","templated":true}]}}