{"id":2257,"date":"2025-08-28T17:36:18","date_gmt":"2025-08-28T15:36:18","guid":{"rendered":"https:\/\/vozolpuff.de\/?post_type=product&#038;p=2257"},"modified":"2025-08-28T17:36:19","modified_gmt":"2025-08-28T15:36:19","slug":"randm-tornado-15000-banana-ice","status":"publish","type":"product","link":"https:\/\/vozolpuff.de\/it\/prodotto\/randm-tornado-15000-banana-ice\/","title":{"rendered":"RandM Tornado 15000 Banana Ice"},"content":{"rendered":"<h2 class=\"text-xl font-bold text-text-100 mt-1 -mb-0.5\">RandM Tornado 15000 Banana Ice vape usa e getta<\/h2>\n<p class=\"whitespace-normal break-words\">Assaporate la dolcezza cremosa delle banane mature combinata con un rinfrescante finale al mentolo in RandM Tornado 15000 Banana Ice. Questa combinazione di sapori unica offre calore e freschezza in perfetto equilibrio. Con 15.000 boccate e capacit\u00e0 del serbatoio da 25 ml, disponibile nelle concentrazioni di nicotina 0%, 2%, 3% e 5%.<\/p>\n<h3 class=\"text-lg font-bold text-text-100 mt-1 -mb-1.5\">Caratteristiche tecniche di Banana Ice:<\/h3>\n<p class=\"whitespace-normal break-words\"><strong>Batteria di lunga durata da 850 mAh:<\/strong> L'alimentazione affidabile garantisce un raffreddamento costante di Banana Ice e prestazioni di lunga durata per un'esperienza cremosa e fresca.<\/p>\n<p class=\"whitespace-normal break-words\"><strong>Grande serbatoio da 25 ML di capacit\u00e0:<\/strong> L'ampia disponibilit\u00e0 di liquido garantisce sessioni di banana al mentolo di lunga durata senza fastidiosi intervalli di manutenzione.<\/p>\n<p class=\"whitespace-normal break-words\"><strong>Bobina a doppia temperatura con maglia da 0,90\u03a9:<\/strong> L'innovativa tecnologia del vaporizzatore bilancia i sapori caldi della banana con gli effetti rinfrescanti del mentolo per creare un'esperienza complessiva armoniosa.<\/p>\n<p class=\"whitespace-normal break-words\"><strong>Porta Turbo-Speed Type-C:<\/strong> La tecnologia di ricarica ad alta efficienza riduce al minimo i tempi di ricarica della batteria e massimizza il tempo di vaporizzazione di Banana Ice.<\/p>\n<p class=\"whitespace-normal break-words\"><strong>Gigantesca capacit\u00e0 di 15.000 treni:<\/strong> Resistenza impressionante per settimane di godimento del ghiaccio alla banana senza perdere i caratteristici contrasti di temperatura.<\/p>\n<p class=\"whitespace-normal break-words\"><strong>Illuminazione RGB ad alto contrasto:<\/strong> I cambiamenti di colore dinamici riflettono gli aspetti del sapore caldo e freddo e forniscono informazioni su tutti gli stati operativi.<\/p>\n<h3 class=\"text-lg font-bold text-text-100 mt-1 -mb-1.5\">Scopri altri FUMOT VAPE su vozolpuff<\/h3>\n<p class=\"whitespace-normal break-words\">Scoprite altri prodotti per il vapore di prima classe nel nostro <strong><a class=\"underline\" href=\"https:\/\/vozolpuff.de\/it\/\">Assortimento principale<\/a><\/strong>, esplorate il sito completo <strong><a class=\"underline\" href=\"https:\/\/vozolpuff.de\/it\/product-category\/fumot-vape\/\">Collezione FUMOT VAPE<\/a><\/strong> o sfogliare tutti i modelli disponibili <strong><a class=\"underline\" href=\"https:\/\/vozolpuff.de\/it\/product-category\/fumot-vape\/randm-tornado-15000\/\">Aromi RandM Tornado 15000<\/a><\/strong> per un'esperienza di svapo perfetta.<\/p>","protected":false},"excerpt":{"rendered":"<div>\n<div class=\"grid-cols-1 grid gap-2.5 [&amp;_&gt;_*]:min-w-0 !gap-3.5\">\n<p class=\"whitespace-normal break-words\">Die RandM Tornado 15000 Banana Ice Einweg-Vape kombiniert cremige Bananen-S\u00fc\u00dfe mit erfrischendem Menthol-Finish. Mit 15.000 Z\u00fcgen, 25ml Tank, 850mAh Akku und RGB-Beleuchtung bietet sie perfekte Balance zwischen W\u00e4rme und K\u00fchle. Erh\u00e4ltlich in 0%, 2%, 3% und 5% Nikotin.<\/p>\n<\/div>\n<\/div>\n<div class=\"h-8\"><\/div>\n","protected":false},"featured_media":2260,"comment_status":"open","ping_status":"closed","template":"","meta":{"_acf_changed":false},"product_brand":[],"product_cat":[44],"product_tag":[],"class_list":{"0":"post-2257","1":"product","2":"type-product","3":"status-publish","4":"has-post-thumbnail","6":"product_cat-randm-tornado-15000","8":"first","9":"instock","10":"shipping-taxable","11":"purchasable","12":"product-type-variable"},"acf":[],"_links":{"self":[{"href":"https:\/\/vozolpuff.de\/it\/wp-json\/wp\/v2\/product\/2257","targetHints":{"allow":["GET"]}}],"collection":[{"href":"https:\/\/vozolpuff.de\/it\/wp-json\/wp\/v2\/product"}],"about":[{"href":"https:\/\/vozolpuff.de\/it\/wp-json\/wp\/v2\/types\/product"}],"replies":[{"embeddable":true,"href":"https:\/\/vozolpuff.de\/it\/wp-json\/wp\/v2\/comments?post=2257"}],"wp:featuredmedia":[{"embeddable":true,"href":"https:\/\/vozolpuff.de\/it\/wp-json\/wp\/v2\/media\/2260"}],"wp:attachment":[{"href":"https:\/\/vozolpuff.de\/it\/wp-json\/wp\/v2\/media?parent=2257"}],"wp:term":[{"taxonomy":"product_brand","embeddable":true,"href":"https:\/\/vozolpuff.de\/it\/wp-json\/wp\/v2\/product_brand?post=2257"},{"taxonomy":"product_cat","embeddable":true,"href":"https:\/\/vozolpuff.de\/it\/wp-json\/wp\/v2\/product_cat?post=2257"},{"taxonomy":"product_tag","embeddable":true,"href":"https:\/\/vozolpuff.de\/it\/wp-json\/wp\/v2\/product_tag?post=2257"}],"curies":[{"name":"wp","href":"https:\/\/api.w.org\/{rel}","templated":true}]}}