{"id":2267,"date":"2025-08-28T17:39:21","date_gmt":"2025-08-28T15:39:21","guid":{"rendered":"https:\/\/vozolpuff.de\/?post_type=product&#038;p=2267"},"modified":"2025-08-28T17:39:21","modified_gmt":"2025-08-28T15:39:21","slug":"randm-tornado-15000-peach-blueberry-candy","status":"publish","type":"product","link":"https:\/\/vozolpuff.de\/it\/prodotto\/randm-tornado-15000-peach-blueberry-candy\/","title":{"rendered":"RandM Tornado 15000 Caramelle alla pesca e al mirtillo"},"content":{"rendered":"<h2 class=\"text-xl font-bold text-text-100 mt-1 -mb-0.5\">RandM Tornado 15000 Pesca Mirtillo Caramella vape usa e getta<\/h2>\n<p class=\"whitespace-normal break-words\">Lasciatevi andare a dolci ricordi d'infanzia con RandM Tornado 15000 Peach Blueberry Candy. Questo gusto giocoso combina pesche succose e mirtilli dolci con una nota di caramella zuccherata. 15.000 boccate da un serbatoio da 25 ml offrono una nostalgia di caramella di lunga durata nelle gradazioni di nicotina 0%, 2%, 3% e 5%.<\/p>\n<h3 class=\"text-lg font-bold text-text-100 mt-1 -mb-1.5\">Caramelle alla pesca e al mirtillo Caratteristiche:<\/h3>\n<p class=\"whitespace-normal break-words\"><strong>Batteria a caramella ad alta energia da 850 mAh:<\/strong> L'alimentazione stabile preserva la caratteristica dolcezza delle caramelle e garantisce prestazioni costanti per un'esperienza dolciaria completa.<\/p>\n<p class=\"whitespace-normal break-words\"><strong>Contenitore per dolci da 25 ML ad alta capacit\u00e0:<\/strong> Il serbatoio di grande volume garantisce ampie fasi di vapore di caramelle senza interrompere la nostalgica esperienza di gusto.<\/p>\n<p class=\"whitespace-normal break-words\"><strong>Bobina da 0,90 \u03a9 con caricamento di caramelle:<\/strong> La tecnologia di riscaldamento appositamente calibrata intensifica le dolci note di caramella ed enfatizza perfettamente la combinazione di pesca e mirtillo.<\/p>\n<p class=\"whitespace-normal break-words\"><strong>Caricabatterie Express Type-C:<\/strong> La ricarica fulminea accorcia le pause tra i dolci momenti di svapo e ottimizza il tempo disponibile per gli spuntini.<\/p>\n<p class=\"whitespace-normal break-words\"><strong>Immense 15.000 boccate di dolci prestazioni:<\/strong> Eccezionale capacit\u00e0 di indulgere a lungo nelle caramelle senza perdere l'intensit\u00e0 caratteristica delle caramelle.<\/p>\n<p class=\"whitespace-normal break-words\"><strong>Effetti luminosi RGB colorati come caramelle:<\/strong> Le animazioni giocose a colori creano un'atmosfera caramellosa e fungono da affascinante indicatore di funzionamento.<\/p>\n<h3 class=\"text-lg font-bold text-text-100 mt-1 -mb-1.5\">Scopri altri FUMOT VAPE su vozolpuff<\/h3>\n<p class=\"whitespace-normal break-words\">Scoprite altri prodotti per il vapore di prima classe nel nostro <strong><a class=\"underline\" href=\"https:\/\/vozolpuff.de\/it\/\">Assortimento principale<\/a><\/strong>, esplorate il sito completo <strong><a class=\"underline\" href=\"https:\/\/vozolpuff.de\/it\/product-category\/fumot-vape\/\">Collezione FUMOT VAPE<\/a><\/strong> o sfogliare tutti i modelli disponibili <strong><a class=\"underline\" href=\"https:\/\/vozolpuff.de\/it\/product-category\/fumot-vape\/randm-tornado-15000\/\">Aromi RandM Tornado 15000<\/a><\/strong> per un'esperienza di svapo perfetta.<\/p>","protected":false},"excerpt":{"rendered":"<div>\n<div class=\"grid-cols-1 grid gap-2.5 [&amp;_&gt;_*]:min-w-0 !gap-3.5\">\n<p class=\"whitespace-normal break-words\">Die RandM Tornado 15000 Peach Blueberry Candy Einweg-Vape kombiniert saftige Pfirsiche und s\u00fc\u00dfe Blaubeeren mit zuckriger Candy-Note. Mit 15.000 Z\u00fcgen, 25ml Tank, 850mAh Akku und RGB-Beleuchtung f\u00fcr s\u00fc\u00dfe Nostalgie. Erh\u00e4ltlich in 0%, 2%, 3% und 5% Nikotin.<\/p>\n<\/div>\n<\/div>\n<div class=\"h-8\"><\/div>\n","protected":false},"featured_media":2270,"comment_status":"open","ping_status":"closed","template":"","meta":{"_acf_changed":false},"product_brand":[],"product_cat":[44],"product_tag":[],"class_list":{"0":"post-2267","1":"product","2":"type-product","3":"status-publish","4":"has-post-thumbnail","6":"product_cat-randm-tornado-15000","8":"first","9":"instock","10":"shipping-taxable","11":"purchasable","12":"product-type-variable"},"acf":[],"_links":{"self":[{"href":"https:\/\/vozolpuff.de\/it\/wp-json\/wp\/v2\/product\/2267","targetHints":{"allow":["GET"]}}],"collection":[{"href":"https:\/\/vozolpuff.de\/it\/wp-json\/wp\/v2\/product"}],"about":[{"href":"https:\/\/vozolpuff.de\/it\/wp-json\/wp\/v2\/types\/product"}],"replies":[{"embeddable":true,"href":"https:\/\/vozolpuff.de\/it\/wp-json\/wp\/v2\/comments?post=2267"}],"wp:featuredmedia":[{"embeddable":true,"href":"https:\/\/vozolpuff.de\/it\/wp-json\/wp\/v2\/media\/2270"}],"wp:attachment":[{"href":"https:\/\/vozolpuff.de\/it\/wp-json\/wp\/v2\/media?parent=2267"}],"wp:term":[{"taxonomy":"product_brand","embeddable":true,"href":"https:\/\/vozolpuff.de\/it\/wp-json\/wp\/v2\/product_brand?post=2267"},{"taxonomy":"product_cat","embeddable":true,"href":"https:\/\/vozolpuff.de\/it\/wp-json\/wp\/v2\/product_cat?post=2267"},{"taxonomy":"product_tag","embeddable":true,"href":"https:\/\/vozolpuff.de\/it\/wp-json\/wp\/v2\/product_tag?post=2267"}],"curies":[{"name":"wp","href":"https:\/\/api.w.org\/{rel}","templated":true}]}}