{"id":2277,"date":"2025-08-28T17:47:38","date_gmt":"2025-08-28T15:47:38","guid":{"rendered":"https:\/\/vozolpuff.de\/?post_type=product&#038;p=2277"},"modified":"2025-08-28T17:47:39","modified_gmt":"2025-08-28T15:47:39","slug":"randm-tornado-15000-apple-peach-pear","status":"publish","type":"product","link":"https:\/\/vozolpuff.de\/it\/prodotto\/randm-tornado-15000-apple-peach-pear\/","title":{"rendered":"RandM Tornado 15000 Mela Pesca Pera"},"content":{"rendered":"<h2 class=\"text-xl font-bold text-text-100 mt-1 -mb-0.5\">RandM Tornado 15000 Mela Pesca Pera vape usa e getta<\/h2>\n<p class=\"whitespace-normal break-words\">Concedetevi l'armonioso trio di mele croccanti, pesche succose e pere dolci di RandM Tornado 15000 Apple Peach Pear. Questa equilibrata composizione di frutta offre un'esperienza di svapo naturale e rinfrescante. Con 15.000 boccate e capacit\u00e0 del serbatoio di 25 ml, disponibile nelle gradazioni di nicotina 0%, 2%, 3% e 5%.<\/p>\n<h3 class=\"text-lg font-bold text-text-100 mt-1 -mb-1.5\">Mela Pesca Pera Specifiche del prodotto:<\/h3>\n<p class=\"whitespace-normal break-words\"><strong>Potente batteria da 850 mAh:<\/strong> La robusta fonte di energia mantiene freschi gli aromi naturali della frutta e garantisce prestazioni continue per l'intera esperienza del frutteto.<\/p>\n<p class=\"whitespace-normal break-words\"><strong>Ampio magazzino di frutta da 25 ML:<\/strong> Le dimensioni generose del serbatoio consentono di effettuare visite intensive al frutteto senza interrompere l'autentico godimento della frutta.<\/p>\n<p class=\"whitespace-normal break-words\"><strong>Bobina a maglie da 0,90\u03a9 che ottimizza la frutta:<\/strong> La tecnologia di vaporizzazione di precisione estrae le note caratteristiche di tutti e tre i frutti e crea una perfetta sinfonia del frutteto.<\/p>\n<p class=\"whitespace-normal break-words\"><strong>Caricatore di frutta Speed Type-C:<\/strong> La tecnologia di ricarica all'avanguardia riduce al minimo i tempi di attesa e massimizza il tempo per gustare la frutta naturale.<\/p>\n<p class=\"whitespace-normal break-words\"><strong>Eccezionale potenza di 15.000 soffi di frutta:<\/strong> Notevole resistenza per visite di lunga durata ai frutteti, senza compromettere la freschezza o la variet\u00e0 dei sapori.<\/p>\n<p class=\"whitespace-normal break-words\"><strong>Illuminazione RGB del frutteto:<\/strong> I giochi di colore naturali ricordano i frutteti soleggiati e fungono da affidabile monitoraggio delle funzioni.<\/p>\n<h3 class=\"text-lg font-bold text-text-100 mt-1 -mb-1.5\">Scopri altri FUMOT VAPE su vozolpuff<\/h3>\n<p class=\"whitespace-normal break-words\">Scoprite altri prodotti per il vapore di prima classe nel nostro <strong><a class=\"underline\" href=\"https:\/\/vozolpuff.de\/it\/\">Assortimento principale<\/a><\/strong>, esplorate il sito completo <strong><a class=\"underline\" href=\"https:\/\/vozolpuff.de\/it\/product-category\/fumot-vape\/\">Collezione FUMOT VAPE<\/a><\/strong> o sfogliare tutti i modelli disponibili <strong><a class=\"underline\" href=\"https:\/\/vozolpuff.de\/it\/product-category\/fumot-vape\/randm-tornado-15000\/\">Aromi RandM Tornado 15000<\/a><\/strong> per un'esperienza di svapo perfetta.<\/p>","protected":false},"excerpt":{"rendered":"<div>\n<div class=\"grid-cols-1 grid gap-2.5 [&amp;_&gt;_*]:min-w-0 !gap-3.5\">\n<p class=\"whitespace-normal break-words\">Die RandM Tornado 15000 Apple Peach Pear Einweg-Vape vereint knackige \u00c4pfel, saftige Pfirsiche und s\u00fc\u00dfe Birnen zu einer harmonischen Fruchtkomposition. Mit 15.000 Z\u00fcgen, 25ml Tank, 850mAh Akku und RGB-Beleuchtung f\u00fcr nat\u00fcrliches Dampferlebnis. Erh\u00e4ltlich in 0%, 2%, 3% und 5% Nikotin.<\/p>\n<\/div>\n<\/div>\n<div class=\"h-8\"><\/div>\n","protected":false},"featured_media":2284,"comment_status":"open","ping_status":"closed","template":"","meta":{"_acf_changed":false},"product_brand":[],"product_cat":[44],"product_tag":[],"class_list":{"0":"post-2277","1":"product","2":"type-product","3":"status-publish","4":"has-post-thumbnail","6":"product_cat-randm-tornado-15000","8":"first","9":"instock","10":"shipping-taxable","11":"purchasable","12":"product-type-variable"},"acf":[],"_links":{"self":[{"href":"https:\/\/vozolpuff.de\/it\/wp-json\/wp\/v2\/product\/2277","targetHints":{"allow":["GET"]}}],"collection":[{"href":"https:\/\/vozolpuff.de\/it\/wp-json\/wp\/v2\/product"}],"about":[{"href":"https:\/\/vozolpuff.de\/it\/wp-json\/wp\/v2\/types\/product"}],"replies":[{"embeddable":true,"href":"https:\/\/vozolpuff.de\/it\/wp-json\/wp\/v2\/comments?post=2277"}],"wp:featuredmedia":[{"embeddable":true,"href":"https:\/\/vozolpuff.de\/it\/wp-json\/wp\/v2\/media\/2284"}],"wp:attachment":[{"href":"https:\/\/vozolpuff.de\/it\/wp-json\/wp\/v2\/media?parent=2277"}],"wp:term":[{"taxonomy":"product_brand","embeddable":true,"href":"https:\/\/vozolpuff.de\/it\/wp-json\/wp\/v2\/product_brand?post=2277"},{"taxonomy":"product_cat","embeddable":true,"href":"https:\/\/vozolpuff.de\/it\/wp-json\/wp\/v2\/product_cat?post=2277"},{"taxonomy":"product_tag","embeddable":true,"href":"https:\/\/vozolpuff.de\/it\/wp-json\/wp\/v2\/product_tag?post=2277"}],"curies":[{"name":"wp","href":"https:\/\/api.w.org\/{rel}","templated":true}]}}