{"id":2291,"date":"2025-08-28T17:50:33","date_gmt":"2025-08-28T15:50:33","guid":{"rendered":"https:\/\/vozolpuff.de\/?post_type=product&#038;p=2291"},"modified":"2025-08-28T17:50:33","modified_gmt":"2025-08-28T15:50:33","slug":"randm-tornado-15000-berry-lemonade","status":"publish","type":"product","link":"https:\/\/vozolpuff.de\/it\/prodotto\/randm-tornado-15000-berry-lemonade\/","title":{"rendered":"RandM Tornado 15000 Limonata ai frutti di bosco"},"content":{"rendered":"<h2 class=\"text-xl font-bold text-text-100 mt-1 -mb-0.5\">RandM Tornado 15000 Berry Lemonade vape usa e getta<\/h2>\n<p class=\"whitespace-normal break-words\">Rinfrescatevi con la gustosa limonata ai frutti di bosco RandM Tornado 15000, una miscela rinvigorente di frutti di bosco dolci e limonata aspra. Questa combinazione rinfrescante offre il perfetto equilibrio tra fruttato e freschezza agrumata. Con 15.000 boccate e capacit\u00e0 di 25 ml, disponibile nelle concentrazioni di nicotina 0%, 2%, 3% e 5%.<\/p>\n<h3 class=\"text-lg font-bold text-text-100 mt-1 -mb-1.5\">Dettagli della funzione Berry Lemonade:<\/h3>\n<p class=\"whitespace-normal break-words\"><strong>Batteria dinamica da 850 mAh:<\/strong> La potente cella energetica garantisce prestazioni sempre brillanti e preserva la caratteristica freschezza della limonata ai frutti di bosco per tutta la sua durata.<\/p>\n<p class=\"whitespace-normal break-words\"><strong>Serbatoio dissetante da 25 ML:<\/strong> Un'ampia scorta di liquidi garantisce pause di ristoro prolungate senza fastidiose interruzioni del piacere dissetante.<\/p>\n<p class=\"whitespace-normal break-words\"><strong>Bobina ottimizzata per le bolle d'aria con maglia da 0,90\u03a9:<\/strong> La tecnologia di evaporazione appositamente sviluppata esalta le propriet\u00e0 della limonata frizzante e sottolinea armoniosamente la dolcezza dei frutti di bosco.<\/p>\n<p class=\"whitespace-normal break-words\"><strong>Porta di ricarica rapida di tipo C:<\/strong> La tecnologia di ricarica ultraveloce riduce drasticamente i tempi di inattivit\u00e0 e prolunga i momenti di svapo rinfrescante.<\/p>\n<p class=\"whitespace-normal break-words\"><strong>Fenomenale capacit\u00e0 dissetante di 15.000 soffi:<\/strong> Gamma eccezionale per settimane di rinfresco senza perdere il caratteristico sapore di limonata.<\/p>\n<p class=\"whitespace-normal break-words\"><strong>Effetti luminosi RGB effervescenti:<\/strong> Le vivaci animazioni a colori imitano la limonata frizzante e forniscono informazioni precise su tutti gli stati degli apparecchi.<\/p>\n<h3 class=\"text-lg font-bold text-text-100 mt-1 -mb-1.5\">Scopri altri FUMOT VAPE su vozolpuff<\/h3>\n<p class=\"whitespace-normal break-words\">Scoprite altri prodotti per il vapore di prima classe nel nostro <strong><a class=\"underline\" href=\"https:\/\/vozolpuff.de\/it\/\">Assortimento principale<\/a><\/strong>, esplorate il sito completo <strong><a class=\"underline\" href=\"https:\/\/vozolpuff.de\/it\/product-category\/fumot-vape\/\">Collezione FUMOT VAPE<\/a><\/strong> o sfogliare tutti i modelli disponibili <strong><a class=\"underline\" href=\"https:\/\/vozolpuff.de\/it\/product-category\/fumot-vape\/randm-tornado-15000\/\">Aromi RandM Tornado 15000<\/a><\/strong> per un'esperienza di svapo perfetta.<\/p>","protected":false},"excerpt":{"rendered":"<div>\n<div class=\"grid-cols-1 grid gap-2.5 [&amp;_&gt;_*]:min-w-0 !gap-3.5\">\n<p class=\"whitespace-normal break-words\">Die RandM Tornado 15000 Berry Lemonade Einweg-Vape kombiniert s\u00fc\u00dfe Beeren mit s\u00e4uerlicher Limonade zu einer erfrischenden Balance. Mit 15.000 Z\u00fcgen, 25ml Tank, 850mAh Akku und RGB-Beleuchtung bietet sie spritzigen Dampfgenuss. Erh\u00e4ltlich in 0%, 2%, 3% und 5% Nikotin.<\/p>\n<\/div>\n<\/div>\n<div class=\"h-8\"><\/div>\n","protected":false},"featured_media":2294,"comment_status":"open","ping_status":"closed","template":"","meta":{"_acf_changed":false},"product_brand":[],"product_cat":[44],"product_tag":[],"class_list":{"0":"post-2291","1":"product","2":"type-product","3":"status-publish","4":"has-post-thumbnail","6":"product_cat-randm-tornado-15000","8":"first","9":"instock","10":"shipping-taxable","11":"purchasable","12":"product-type-variable"},"acf":[],"_links":{"self":[{"href":"https:\/\/vozolpuff.de\/it\/wp-json\/wp\/v2\/product\/2291","targetHints":{"allow":["GET"]}}],"collection":[{"href":"https:\/\/vozolpuff.de\/it\/wp-json\/wp\/v2\/product"}],"about":[{"href":"https:\/\/vozolpuff.de\/it\/wp-json\/wp\/v2\/types\/product"}],"replies":[{"embeddable":true,"href":"https:\/\/vozolpuff.de\/it\/wp-json\/wp\/v2\/comments?post=2291"}],"wp:featuredmedia":[{"embeddable":true,"href":"https:\/\/vozolpuff.de\/it\/wp-json\/wp\/v2\/media\/2294"}],"wp:attachment":[{"href":"https:\/\/vozolpuff.de\/it\/wp-json\/wp\/v2\/media?parent=2291"}],"wp:term":[{"taxonomy":"product_brand","embeddable":true,"href":"https:\/\/vozolpuff.de\/it\/wp-json\/wp\/v2\/product_brand?post=2291"},{"taxonomy":"product_cat","embeddable":true,"href":"https:\/\/vozolpuff.de\/it\/wp-json\/wp\/v2\/product_cat?post=2291"},{"taxonomy":"product_tag","embeddable":true,"href":"https:\/\/vozolpuff.de\/it\/wp-json\/wp\/v2\/product_tag?post=2291"}],"curies":[{"name":"wp","href":"https:\/\/api.w.org\/{rel}","templated":true}]}}