{"id":2301,"date":"2025-08-28T17:53:36","date_gmt":"2025-08-28T15:53:36","guid":{"rendered":"https:\/\/vozolpuff.de\/?post_type=product&#038;p=2301"},"modified":"2025-08-28T17:53:37","modified_gmt":"2025-08-28T15:53:37","slug":"randm-tornado-15000-blue-razz-cherry","status":"publish","type":"product","link":"https:\/\/vozolpuff.de\/it\/prodotto\/randm-tornado-15000-blue-razz-cherry\/","title":{"rendered":"RandM Tornado 15000 Blu Razz Ciliegia"},"content":{"rendered":"<h2 class=\"text-xl font-bold text-text-100 mt-1 -mb-0.5\">RandM Tornado 15000 Blue Razz Cherry Vape usa e getta<\/h2>\n<p class=\"whitespace-normal break-words\">Immergiti nell'intenso mondo di RandM Tornado 15000 Blue Razz Cherry, una potente combinazione di lamponi blu e ciliegie succose. Questo gusto vivace offre un equilibrio emozionante tra note acidule di razz e accenti dolci di ciliegia. 15.000 tiri da un serbatoio da 25 ml con concentrazioni di nicotina 0%, 2%, 3% e 5%.<\/p>\n<h3 class=\"text-lg font-bold text-text-100 mt-1 -mb-1.5\">Caratteristiche prestazionali di Blue Razz Cherry:<\/h3>\n<p class=\"whitespace-normal break-words\"><strong>Batteria ad alta intensit\u00e0 da 850 mAh:<\/strong> La potente tecnologia della batteria garantisce un'intensit\u00e0 Blue Razz Cherry costante e assicura prestazioni stabili per un'esperienza di gusto emozionante dall'inizio alla fine.<\/p>\n<p class=\"whitespace-normal break-words\"><strong>Intenso 25 ML Tank aromatico:<\/strong> Il serbatoio di liquido capiente consente sessioni prolungate di Blue Razz Cherry senza interrompere l'intensit\u00e0 caratteristica del gusto.<\/p>\n<p class=\"whitespace-normal break-words\"><strong>Bobina mesh da 0,90 \u03a9 che aumenta l'intensit\u00e0:<\/strong> La tecnologia di vaporizzazione ad alta precisione massimizza l'aroma di Blue Razz Cherry e crea autentiche esperienze di ciliegia e frutti di bosco.<\/p>\n<p class=\"whitespace-normal break-words\"><strong>Caricabatteria ad alta intensit\u00e0 Power Type-C:<\/strong> La tecnologia di ricarica ad alta velocit\u00e0 riduce al minimo i tempi di inattivit\u00e0 e massimizza il tempo a disposizione per intense esperienze gustative.<\/p>\n<p class=\"whitespace-normal break-words\"><strong>Potente prestazione con 15.000 tiri di intensit\u00e0:<\/strong> Resistenza impressionante per avventure Blue Razz Cherry di lunga durata senza compromessi in termini di intensit\u00e0 aromatica o profondit\u00e0 del gusto.<\/p>\n<p class=\"whitespace-normal break-words\"><strong>Intensi giochi di colori RGB:<\/strong> Potenti effetti luminosi riflettono l'intensit\u00e0 di Blue Razz Cherry e fungono da indicatori di funzionamento dinamici.<\/p>\n<h3 class=\"text-lg font-bold text-text-100 mt-1 -mb-1.5\">Scopri altri FUMOT VAPE su vozolpuff<\/h3>\n<p class=\"whitespace-normal break-words\">Scoprite altri prodotti per il vapore di prima classe nel nostro <strong><a class=\"underline\" href=\"https:\/\/vozolpuff.de\/it\/\">Assortimento principale<\/a><\/strong>, esplorate il sito completo <strong><a class=\"underline\" href=\"https:\/\/vozolpuff.de\/it\/product-category\/fumot-vape\/\">Collezione FUMOT VAPE<\/a><\/strong> o sfogliare tutti i modelli disponibili <strong><a class=\"underline\" href=\"https:\/\/vozolpuff.de\/it\/product-category\/fumot-vape\/randm-tornado-15000\/\">Aromi RandM Tornado 15000<\/a><\/strong> per un'esperienza di svapo perfetta.<\/p>","protected":false},"excerpt":{"rendered":"<div>\n<div class=\"grid-cols-1 grid gap-2.5 [&amp;_&gt;_*]:min-w-0 !gap-3.5\">\n<p class=\"whitespace-normal break-words\">Die RandM Tornado 15000 Blue Razz Cherry Einweg-Vape vereint blaue Himbeeren mit saftigen Kirschen zu einer intensiven Geschmacksbalance. Mit 15.000 Z\u00fcgen, 25ml Tank, 850mAh Akku und RGB-Beleuchtung f\u00fcr kraftvolles Dampferlebnis. Erh\u00e4ltlich in 0%, 2%, 3% und 5% Nikotin.<\/p>\n<\/div>\n<\/div>\n<div class=\"h-8\"><\/div>\n","protected":false},"featured_media":2304,"comment_status":"open","ping_status":"closed","template":"","meta":{"_acf_changed":false},"product_brand":[],"product_cat":[44],"product_tag":[],"class_list":{"0":"post-2301","1":"product","2":"type-product","3":"status-publish","4":"has-post-thumbnail","6":"product_cat-randm-tornado-15000","8":"first","9":"instock","10":"shipping-taxable","11":"purchasable","12":"product-type-variable"},"acf":[],"_links":{"self":[{"href":"https:\/\/vozolpuff.de\/it\/wp-json\/wp\/v2\/product\/2301","targetHints":{"allow":["GET"]}}],"collection":[{"href":"https:\/\/vozolpuff.de\/it\/wp-json\/wp\/v2\/product"}],"about":[{"href":"https:\/\/vozolpuff.de\/it\/wp-json\/wp\/v2\/types\/product"}],"replies":[{"embeddable":true,"href":"https:\/\/vozolpuff.de\/it\/wp-json\/wp\/v2\/comments?post=2301"}],"wp:featuredmedia":[{"embeddable":true,"href":"https:\/\/vozolpuff.de\/it\/wp-json\/wp\/v2\/media\/2304"}],"wp:attachment":[{"href":"https:\/\/vozolpuff.de\/it\/wp-json\/wp\/v2\/media?parent=2301"}],"wp:term":[{"taxonomy":"product_brand","embeddable":true,"href":"https:\/\/vozolpuff.de\/it\/wp-json\/wp\/v2\/product_brand?post=2301"},{"taxonomy":"product_cat","embeddable":true,"href":"https:\/\/vozolpuff.de\/it\/wp-json\/wp\/v2\/product_cat?post=2301"},{"taxonomy":"product_tag","embeddable":true,"href":"https:\/\/vozolpuff.de\/it\/wp-json\/wp\/v2\/product_tag?post=2301"}],"curies":[{"name":"wp","href":"https:\/\/api.w.org\/{rel}","templated":true}]}}