{"id":2311,"date":"2025-08-28T17:56:13","date_gmt":"2025-08-28T15:56:13","guid":{"rendered":"https:\/\/vozolpuff.de\/?post_type=product&#038;p=2311"},"modified":"2025-08-28T17:57:30","modified_gmt":"2025-08-28T15:57:30","slug":"randm-tornado-15000-blueberry-bubblegum","status":"publish","type":"product","link":"https:\/\/vozolpuff.de\/it\/prodotto\/randm-tornado-15000-blueberry-bubblegum\/","title":{"rendered":"RandM Tornado 15000 Mirtillo Bubblegum"},"content":{"rendered":"<h2 class=\"text-xl font-bold text-text-100 mt-1 -mb-0.5\">RandM Tornado 15000 Blueberry Bubblegum vape usa e getta<\/h2>\n<p class=\"whitespace-normal break-words\">Provate i piaceri nostalgici dell'infanzia con RandM Tornado 15000 Blueberry Bubblegum, una miscela giocosa di succosi mirtilli e del classico sapore di bubblegum. Questa combinazione unica evoca dolci ricordi e offre un'esperienza di svapo inconfondibile. 15.000 boccate e serbatoio da 25 ml con intensit\u00e0 di nicotina 0%, 2%, 3% e 5%.<\/p>\n<h3 class=\"text-lg font-bold text-text-100 mt-1 -mb-1.5\">Attrezzatura speciale Blueberry Bubblegum:<\/h3>\n<p class=\"whitespace-normal break-words\"><strong>Nostalgica batteria da 850 mAh per gomme da masticare:<\/strong> L'alimentazione affidabile preserva il caratteristico fascino della gomma da masticare e garantisce prestazioni costanti per l'intera esperienza nostalgica.<\/p>\n<p class=\"whitespace-normal break-words\"><strong>Contenitore giocoso per gomme da masticare da 25 ML:<\/strong> Il generoso serbatoio offre una capacit\u00e0 sufficiente per prolungare le fasi di vapore di bubblegum senza disturbare le interruzioni del dolce piacere.<\/p>\n<p class=\"whitespace-normal break-words\"><strong>Bobina a maglie da 0,90\u03a9 ottimizzata per Bubblegum:<\/strong> La tecnologia di riscaldamento appositamente adattata esalta le propriet\u00e0 tipiche della gomma da masticare e sottolinea perfettamente la freschezza del mirtillo.<\/p>\n<p class=\"whitespace-normal break-words\"><strong>Divertente porta Type-C per i nostalgici:<\/strong> La moderna tecnologia di ricarica rapida riduce notevolmente i tempi di attesa tra i momenti ludici di svapo.<\/p>\n<p class=\"whitespace-normal break-words\"><strong>Un'enorme potenza di 15.000 soffi di gomma da masticare:<\/strong> Capacit\u00e0 eccezionale per settimane di viaggi nostalgici senza perdere il caratteristico fascino della gomma da masticare.<\/p>\n<p class=\"whitespace-normal break-words\"><strong>Spettacolo di gomme da masticare colorate RGB:<\/strong> Le allegre variazioni di colore ricordano le palline colorate delle gomme da masticare e fungono da affascinante indicatore di funzionamento.<\/p>\n<h3 class=\"text-lg font-bold text-text-100 mt-1 -mb-1.5\">Scopri altri FUMOT VAPE su vozolpuff<\/h3>\n<p class=\"whitespace-normal break-words\">Scoprite altri prodotti per il vapore di prima classe nel nostro <strong><a class=\"underline\" href=\"https:\/\/vozolpuff.de\/it\/\">Assortimento principale<\/a><\/strong>, esplorate il sito completo <strong><a class=\"underline\" href=\"https:\/\/vozolpuff.de\/it\/product-category\/fumot-vape\/\">Collezione FUMOT VAPE<\/a><\/strong> o sfogliare tutti i modelli disponibili <strong><a class=\"underline\" href=\"https:\/\/vozolpuff.de\/it\/product-category\/fumot-vape\/randm-tornado-15000\/\">Aromi RandM Tornado 15000<\/a><\/strong> per un'esperienza di svapo perfetta.<\/p>","protected":false},"excerpt":{"rendered":"<div>\n<div class=\"grid-cols-1 grid gap-2.5 [&amp;_&gt;_*]:min-w-0 !gap-3.5\">\n<p class=\"whitespace-normal break-words\">Die RandM Tornado 15000 Blueberry Bubblegum Einweg-Vape kombiniert saftige Blaubeeren mit klassischem Kaugummi-Geschmack f\u00fcr nostalgische Kindheitsfreuden. Mit 15.000 Z\u00fcgen, 25ml Tank, 850mAh Akku und RGB-Beleuchtung. Erh\u00e4ltlich in 0%, 2%, 3% und 5% Nikotin.<\/p>\n<\/div>\n<\/div>\n<div class=\"h-8\"><\/div>\n","protected":false},"featured_media":2314,"comment_status":"open","ping_status":"closed","template":"","meta":{"_acf_changed":false},"product_brand":[],"product_cat":[44],"product_tag":[],"class_list":{"0":"post-2311","1":"product","2":"type-product","3":"status-publish","4":"has-post-thumbnail","6":"product_cat-randm-tornado-15000","8":"first","9":"instock","10":"shipping-taxable","11":"purchasable","12":"product-type-variable"},"acf":[],"_links":{"self":[{"href":"https:\/\/vozolpuff.de\/it\/wp-json\/wp\/v2\/product\/2311","targetHints":{"allow":["GET"]}}],"collection":[{"href":"https:\/\/vozolpuff.de\/it\/wp-json\/wp\/v2\/product"}],"about":[{"href":"https:\/\/vozolpuff.de\/it\/wp-json\/wp\/v2\/types\/product"}],"replies":[{"embeddable":true,"href":"https:\/\/vozolpuff.de\/it\/wp-json\/wp\/v2\/comments?post=2311"}],"wp:featuredmedia":[{"embeddable":true,"href":"https:\/\/vozolpuff.de\/it\/wp-json\/wp\/v2\/media\/2314"}],"wp:attachment":[{"href":"https:\/\/vozolpuff.de\/it\/wp-json\/wp\/v2\/media?parent=2311"}],"wp:term":[{"taxonomy":"product_brand","embeddable":true,"href":"https:\/\/vozolpuff.de\/it\/wp-json\/wp\/v2\/product_brand?post=2311"},{"taxonomy":"product_cat","embeddable":true,"href":"https:\/\/vozolpuff.de\/it\/wp-json\/wp\/v2\/product_cat?post=2311"},{"taxonomy":"product_tag","embeddable":true,"href":"https:\/\/vozolpuff.de\/it\/wp-json\/wp\/v2\/product_tag?post=2311"}],"curies":[{"name":"wp","href":"https:\/\/api.w.org\/{rel}","templated":true}]}}