{"id":2683,"date":"2025-09-03T11:06:59","date_gmt":"2025-09-03T09:06:59","guid":{"rendered":"https:\/\/vozolpuff.de\/?post_type=product&#038;p=2683"},"modified":"2025-09-03T11:06:59","modified_gmt":"2025-09-03T09:06:59","slug":"fumot-tornado-25000-cherry-bomb","status":"publish","type":"product","link":"https:\/\/vozolpuff.de\/it\/prodotto\/fumot-tornado-25000-cherry-bomb\/","title":{"rendered":"Fumot Tornado 25000 Cherry Bomb"},"content":{"rendered":"<h2 class=\"text-xl font-bold text-text-100 mt-1 -mb-0.5\">Fumot Tornado 25000 Cherry Bomb sigaretta elettronica monouso<\/h2>\n<p class=\"whitespace-normal break-words\">Provate il gusto esplosivo della ciliegia con Fumot Tornado 25000 Cherry Bomb. Questa sigaretta elettronica monouso di qualit\u00e0 superiore offre un intenso sapore di ciliegia fino a 25.000 boccate. Con una generosa capacit\u00e0 di 20 ml di e-liquido e una scelta di intensit\u00e0 di nicotina tra 0%, 2%, 3% o 5%, offre un piacere di lunga durata.<\/p>\n<p class=\"whitespace-normal break-words\">La potente batteria da 700 mAh con funzione di ricarica rapida Type-C assicura prestazioni affidabili per tutto il giorno. L'innovativa tecnologia dual mesh coil esalta i sapori dolciastri della ciliegia e garantisce una produzione di vapore costante. Il design compatto da 120 g si adatta perfettamente a qualsiasi tasca.<\/p>\n<p class=\"whitespace-normal break-words\">L'intuitivo display touchscreen TFT da 1,77 pollici consente un controllo preciso dell'esperienza di svapo. Cherry Bomb combina il classico sapore di frutta con la moderna tecnologia di svapo per un'esperienza senza precedenti.<\/p>\n<h3 class=\"text-lg font-bold text-text-100 mt-1 -mb-1.5\">Specifiche tecniche<\/h3>\n<p class=\"whitespace-normal break-words\"><strong>Treni:<\/strong> Fino a 25.000<br \/>\n<strong>Display:<\/strong> Visualizza lo stato dell'e-liquid e della batteria<br \/>\n<strong>Capacit\u00e0:<\/strong> 20ml<br \/>\n<strong>Tipo di bobina:<\/strong> Bobina a tre maglie<br \/>\n<strong>Peso:<\/strong> 120g<br \/>\n<strong>Schermo tattile:<\/strong> Display TFT da 1,77 pollici<br \/>\n<strong>Batteria:<\/strong> 700mAh ricaricabile con ricarica rapida Type-C<\/p>\n<h3 class=\"text-lg font-bold text-text-100 mt-1 -mb-1.5\">Scopri altri FUMOT VAPE su vozolpuff<\/h3>\n<p class=\"whitespace-normal break-words\">Scoprite altri prodotti premium per il vapore nel nostro <strong><a class=\"underline\" href=\"https:\/\/vozolpuff.de\/it\/\">Assortimento principale<\/a><\/strong>sfogliare la nostra gamma completa di <strong><a class=\"underline\" href=\"https:\/\/vozolpuff.de\/it\/product-category\/fumot-vape\/\">Collezione FUMOT VAPE<\/a><\/strong> o esplorare tutti i sapori del <strong><a class=\"underline\" href=\"https:\/\/vozolpuff.de\/it\/product-category\/fumot-vape\/fumot-tornado-25000\/\">Fumot Tornado Serie 25000<\/a><\/strong>.<\/p>","protected":false},"excerpt":{"rendered":"<p class=\"whitespace-normal break-words\">Fumot Tornado 25000 Cherry Bomb: sigaretta elettronica monouso premium con un esplosivo sapore di ciliegia. 25.000 boccate, capacit\u00e0 di 20 ml, batteria da 700 mAh con ricarica Type-C. Tecnologia dual mesh coil, touchscreen TFT da 1,77\u2033. Disponibile con nicotina 0%, 2%, 3% o 5%. Design compatto da 120 g.<\/p>\n<h2 class=\"text-xl font-bold text-text-100 mt-1 -mb-0.5\"><\/h2>","protected":false},"featured_media":2688,"comment_status":"open","ping_status":"closed","template":"","meta":{"_acf_changed":false},"product_brand":[],"product_cat":[46],"product_tag":[],"class_list":{"0":"post-2683","1":"product","2":"type-product","3":"status-publish","4":"has-post-thumbnail","6":"product_cat-fumot-tornado-25000","8":"first","9":"instock","10":"shipping-taxable","11":"purchasable","12":"product-type-variable"},"acf":[],"_links":{"self":[{"href":"https:\/\/vozolpuff.de\/it\/wp-json\/wp\/v2\/product\/2683","targetHints":{"allow":["GET"]}}],"collection":[{"href":"https:\/\/vozolpuff.de\/it\/wp-json\/wp\/v2\/product"}],"about":[{"href":"https:\/\/vozolpuff.de\/it\/wp-json\/wp\/v2\/types\/product"}],"replies":[{"embeddable":true,"href":"https:\/\/vozolpuff.de\/it\/wp-json\/wp\/v2\/comments?post=2683"}],"wp:featuredmedia":[{"embeddable":true,"href":"https:\/\/vozolpuff.de\/it\/wp-json\/wp\/v2\/media\/2688"}],"wp:attachment":[{"href":"https:\/\/vozolpuff.de\/it\/wp-json\/wp\/v2\/media?parent=2683"}],"wp:term":[{"taxonomy":"product_brand","embeddable":true,"href":"https:\/\/vozolpuff.de\/it\/wp-json\/wp\/v2\/product_brand?post=2683"},{"taxonomy":"product_cat","embeddable":true,"href":"https:\/\/vozolpuff.de\/it\/wp-json\/wp\/v2\/product_cat?post=2683"},{"taxonomy":"product_tag","embeddable":true,"href":"https:\/\/vozolpuff.de\/it\/wp-json\/wp\/v2\/product_tag?post=2683"}],"curies":[{"name":"wp","href":"https:\/\/api.w.org\/{rel}","templated":true}]}}