{"id":2723,"date":"2025-09-03T11:26:14","date_gmt":"2025-09-03T09:26:14","guid":{"rendered":"https:\/\/vozolpuff.de\/?post_type=product&#038;p=2723"},"modified":"2025-09-03T11:26:14","modified_gmt":"2025-09-03T09:26:14","slug":"fumot-tornado-25000-strawberry-ice","status":"publish","type":"product","link":"https:\/\/vozolpuff.de\/it\/prodotto\/fumot-tornado-25000-strawberry-ice\/","title":{"rendered":"Fumot Tornado 25000 Fragola Ghiaccio"},"content":{"rendered":"<h2 class=\"text-xl font-bold text-text-100 mt-1 -mb-0.5\">Fumot Tornado 25000 Strawberry Ice Sigaretta elettronica usa e getta<\/h2>\n<p class=\"whitespace-normal break-words\">Rinfrescati con la rinfrescante Fumot Tornado 25000 Strawberry Ice. Questa sigaretta elettronica usa e getta di alta qualit\u00e0 combina succose fragole con una freschezza ghiacciata per un massimo di 25.000 boccate rinfrescanti. Il popolare mix di frutta e ghiaccio offre il perfetto equilibrio tra dolcezza e freschezza.<\/p>\n<p class=\"whitespace-normal break-words\">L'ampia capacit\u00e0 di 20 ml di e-liquid con opzioni di nicotina flessibili da 0% a 5% si adatta alle vostre preferenze individuali. L'affidabile batteria da 700 mAh con ricarica rapida di tipo C consente di svapare tutto il giorno senza interruzioni. La sofisticata tecnologia a tripla bobina mesh massimizza sia il gusto di fragola che l'effetto rinfrescante.<\/p>\n<p class=\"whitespace-normal break-words\">Il compatto alloggiamento da 120 g offre praticit\u00e0 e portabilit\u00e0, mentre il chiaro display TFT da 1,77 pollici consente un facile utilizzo e monitoraggio. Strawberry Ice \u00e8 la scelta ideale per gli amanti del gusto fruttato e rinfrescante.<\/p>\n<h3 class=\"text-lg font-bold text-text-100 mt-1 -mb-1.5\">Specifiche tecniche<\/h3>\n<p class=\"whitespace-normal break-words\"><strong>Treni:<\/strong> Fino a 25.000<br \/>\n<strong>Display:<\/strong> Visualizza lo stato dell'e-liquid e della batteria<br \/>\n<strong>Capacit\u00e0:<\/strong> 20ml<br \/>\n<strong>Tipo di bobina:<\/strong> Bobina a tre maglie<br \/>\n<strong>Peso:<\/strong> 120g<br \/>\n<strong>Schermo tattile:<\/strong> Display TFT da 1,77 pollici<br \/>\n<strong>Batteria:<\/strong> 700mAh ricaricabile con ricarica rapida Type-C<\/p>\n<h3 class=\"text-lg font-bold text-text-100 mt-1 -mb-1.5\">Scopri altri FUMOT VAPE su vozolpuff<\/h3>\n<p class=\"whitespace-normal break-words\">Sfogliate il nostro <strong><a class=\"underline\" href=\"https:\/\/vozolpuff.de\/it\/\">Assortimento completo<\/a><\/strong> Per altri prodotti a vapore, scoprite la <strong><a class=\"underline\" href=\"https:\/\/vozolpuff.de\/it\/product-category\/fumot-vape\/\">Linea di prodotti FUMOT VAPE<\/a><\/strong> o esplorare tutte le <strong><a class=\"underline\" href=\"https:\/\/vozolpuff.de\/it\/product-category\/fumot-vape\/fumot-tornado-25000\/\">Fumot Tornado 25000 gusti<\/a><\/strong>.<\/p>","protected":false},"excerpt":{"rendered":"<p class=\"whitespace-normal break-words\">Fumot Tornado 25000 Strawberry Ice: sigaretta elettronica usa e getta premium con succose fragole e freschezza ghiacciata. 25.000 tiri, capacit\u00e0 20 ml, batteria 700 mAh con ricarica di tipo C. Tecnologia a tripla bobina mesh, display TFT da 1,77\u2033. Disponibile con nicotina 0%, 2%, 3% o 5%. Perfettamente dolce e rinfrescante.<\/p>\n<h2 class=\"text-xl font-bold text-text-100 mt-1 -mb-0.5\"><\/h2>","protected":false},"featured_media":2728,"comment_status":"open","ping_status":"closed","template":"","meta":{"_acf_changed":false},"product_brand":[],"product_cat":[46],"product_tag":[],"class_list":{"0":"post-2723","1":"product","2":"type-product","3":"status-publish","4":"has-post-thumbnail","6":"product_cat-fumot-tornado-25000","8":"first","9":"instock","10":"shipping-taxable","11":"purchasable","12":"product-type-variable"},"acf":[],"_links":{"self":[{"href":"https:\/\/vozolpuff.de\/it\/wp-json\/wp\/v2\/product\/2723","targetHints":{"allow":["GET"]}}],"collection":[{"href":"https:\/\/vozolpuff.de\/it\/wp-json\/wp\/v2\/product"}],"about":[{"href":"https:\/\/vozolpuff.de\/it\/wp-json\/wp\/v2\/types\/product"}],"replies":[{"embeddable":true,"href":"https:\/\/vozolpuff.de\/it\/wp-json\/wp\/v2\/comments?post=2723"}],"wp:featuredmedia":[{"embeddable":true,"href":"https:\/\/vozolpuff.de\/it\/wp-json\/wp\/v2\/media\/2728"}],"wp:attachment":[{"href":"https:\/\/vozolpuff.de\/it\/wp-json\/wp\/v2\/media?parent=2723"}],"wp:term":[{"taxonomy":"product_brand","embeddable":true,"href":"https:\/\/vozolpuff.de\/it\/wp-json\/wp\/v2\/product_brand?post=2723"},{"taxonomy":"product_cat","embeddable":true,"href":"https:\/\/vozolpuff.de\/it\/wp-json\/wp\/v2\/product_cat?post=2723"},{"taxonomy":"product_tag","embeddable":true,"href":"https:\/\/vozolpuff.de\/it\/wp-json\/wp\/v2\/product_tag?post=2723"}],"curies":[{"name":"wp","href":"https:\/\/api.w.org\/{rel}","templated":true}]}}