{"id":3087,"date":"2025-09-06T05:54:21","date_gmt":"2025-09-06T03:54:21","guid":{"rendered":"https:\/\/vozolpuff.de\/?post_type=product&#038;p=3087"},"modified":"2026-03-02T10:33:34","modified_gmt":"2026-03-02T09:33:34","slug":"fumot-leopard-40k-black-dragon-ice","status":"publish","type":"product","link":"https:\/\/vozolpuff.de\/it\/prodotto\/fumot-leopard-40k-black-dragon-ice\/","title":{"rendered":"Fumot Leopardo 40K Drago Nero Ghiaccio"},"content":{"rendered":"<h2 class=\"text-xl font-bold text-text-100 mt-1 -mb-0.5\">Fumot Leopard 40K Drago Nero Ghiaccio Edizione Mistica<\/h2>\n<p class=\"whitespace-normal break-words\">Immergetevi nel mondo misterioso di Fumot Leopard 40K Black Dragon Ice. Questa straordinaria creazione di sapori combina aromi mistici e freddezza gelida per creare un'esperienza di svapo indimenticabile. 40.000 intense boccate grazie alla rivoluzionaria tecnologia dual mesh coil, confezionate in uno spettacolare design leopardato, fanno di questo dispositivo un vero e proprio oggetto da collezione.<\/p>\n<h3 class=\"text-xl font-bold text-text-100 mt-1 -mb-0.5\">Black Dragon Ice - Il misticismo incontra la freddezza<\/h3>\n<p class=\"whitespace-normal break-words\"><strong>Viaggio dal sapore misterioso:<\/strong> Una complessa combinazione di note scure e misteriose \u00e8 accompagnata da una potente ondata rinfrescante. Questa miscela unica offre profondit\u00e0, intensit\u00e0 e freschezza rinfrescante in perfetto equilibrio.<\/p>\n<p class=\"whitespace-normal break-words\"><strong>Sistema di bobine ad alte prestazioni:<\/strong> Design a doppio strato con superficie di contatto massimizzata per un'estrazione ottimale del sapore. L'avanzata tecnologia di riscaldamento garantisce prestazioni costanti ed esperienze di gusto intenso per tutti i 40.000 puff.<\/p>\n<p class=\"whitespace-normal break-words\"><strong>Interfaccia di visualizzazione premium:<\/strong> I display LED cristallini con indicatori separati per lo stato della batteria e il livello del liquido offrono un controllo completo sull'esperienza di vaping. Il sistema di icone di facile utilizzo elimina ogni incertezza sullo stato del dispositivo.<\/p>\n<p class=\"whitespace-normal break-words\"><strong>Soluzione energetica professionale:<\/strong> La batteria di lunga durata da 700 mAh con la moderna porta USB-C consente una ricarica affidabile e veloce. La gestione ottimizzata dell'alimentazione garantisce il massimo utilizzo dell'intera riserva di e-liquid.<\/p>\n<h3 class=\"text-xl font-bold text-text-100 mt-1 -mb-0.5\">Propriet\u00e0 del sistema<\/h3>\n<p class=\"whitespace-normal break-words\">\u2611 0% 2% 3% 5% Livelli di nicotina<br \/>\nBatteria da 700 mAh<br \/>\n\u2611 Configurazione a doppia maglia<br \/>\n\u2611 Prestazioni dei treni 40K<br \/>\n\u2611 Ricarica di tipo C<br \/>\n\u2611 Indicatore digitale del livello di riempimento<\/p>\n<h3 class=\"text-xl font-bold text-text-100 mt-1 -mb-0.5\">Scopri altri FUMOT VAPE su vozolpuff<\/h3>\n<p class=\"whitespace-normal break-words\">Scoprite altri prodotti premium per il vapore sul nostro sito <strong><a class=\"underline\" href=\"https:\/\/vozolpuff.de\/it\/\">Pagina iniziale<\/a><\/strong>, esplorate il sito completo <strong><a class=\"underline\" href=\"https:\/\/vozolpuff.de\/it\/product-category\/fumot-vape\/\">Collezione FUMOT VAPE<\/a><\/strong> o scegliere tra tutti quelli disponibili <strong><a class=\"underline\" href=\"https:\/\/vozolpuff.de\/it\/product-category\/fumot-vape\/fumot-leopard-40k\/\">Aromi Fumot Leopard 40K<\/a><\/strong>.<\/p>","protected":false},"excerpt":{"rendered":"<p class=\"whitespace-normal break-words\">Fumot Leopard 40K Black Dragon Ice Mystic Edition offre 40.000 boccate con sapori misteriosi e freschezza ghiacciata. Con batteria USB-C da 700 mAh, sistema a doppia maglia, indicatore digitale del livello di riempimento e design leopardato. Disponibilit\u00e0 di nicotina 0%-5%. Esperienza unica di sapore mistico.<\/p>\n<h2 class=\"text-xl font-bold text-text-100 mt-1 -mb-0.5\"><\/h2>","protected":false},"featured_media":3089,"comment_status":"open","ping_status":"closed","template":"","meta":{"_acf_changed":false},"product_brand":[],"product_cat":[48],"product_tag":[],"class_list":{"0":"post-3087","1":"product","2":"type-product","3":"status-publish","4":"has-post-thumbnail","6":"product_cat-fumot-leopard-40k","8":"first","9":"instock","10":"shipping-taxable","11":"purchasable","12":"product-type-variable"},"acf":[],"_links":{"self":[{"href":"https:\/\/vozolpuff.de\/it\/wp-json\/wp\/v2\/product\/3087","targetHints":{"allow":["GET"]}}],"collection":[{"href":"https:\/\/vozolpuff.de\/it\/wp-json\/wp\/v2\/product"}],"about":[{"href":"https:\/\/vozolpuff.de\/it\/wp-json\/wp\/v2\/types\/product"}],"replies":[{"embeddable":true,"href":"https:\/\/vozolpuff.de\/it\/wp-json\/wp\/v2\/comments?post=3087"}],"wp:featuredmedia":[{"embeddable":true,"href":"https:\/\/vozolpuff.de\/it\/wp-json\/wp\/v2\/media\/3089"}],"wp:attachment":[{"href":"https:\/\/vozolpuff.de\/it\/wp-json\/wp\/v2\/media?parent=3087"}],"wp:term":[{"taxonomy":"product_brand","embeddable":true,"href":"https:\/\/vozolpuff.de\/it\/wp-json\/wp\/v2\/product_brand?post=3087"},{"taxonomy":"product_cat","embeddable":true,"href":"https:\/\/vozolpuff.de\/it\/wp-json\/wp\/v2\/product_cat?post=3087"},{"taxonomy":"product_tag","embeddable":true,"href":"https:\/\/vozolpuff.de\/it\/wp-json\/wp\/v2\/product_tag?post=3087"}],"curies":[{"name":"wp","href":"https:\/\/api.w.org\/{rel}","templated":true}]}}