{"id":3696,"date":"2025-09-09T10:11:29","date_gmt":"2025-09-09T08:11:29","guid":{"rendered":"https:\/\/vozolpuff.de\/?post_type=product&#038;p=3696"},"modified":"2025-09-09T10:11:29","modified_gmt":"2025-09-09T08:11:29","slug":"randm-tornado-7000-red-apple-lemon","status":"publish","type":"product","link":"https:\/\/vozolpuff.de\/it\/prodotto\/randm-tornado-7000-red-apple-lemon\/","title":{"rendered":"RandM Tornado 7000 Mela Rossa Limone"},"content":{"rendered":"<h2 class=\"text-xl font-bold text-text-100 mt-1 -mb-0.5\">RandM Tornado 7000 Red Apple Lemon Sigaretta elettronica usa e getta<\/h2>\n<p class=\"whitespace-normal break-words\">La sigaretta elettronica RandM Tornado 7000 Red Apple Lemon offre ben 7000 boccate per dispositivo con una capacit\u00e0 di 14 ml di e-liquid e concentrazioni di nicotina di 0%, 2%, 3% e 5%. \u00c8 dotata di una batteria ricaricabile da 850 mAh, un preciso controllo del flusso d'aria e un'innovativa tecnologia mesh coil. Prima di utilizzare la Tornado R&amp;M 7000 Red Apple Lemon per la prima volta, si consiglia di attendere circa 2 minuti dopo averla riempita con e-liquid. Questa fase di riposo garantisce un assorbimento ottimale del liquido e migliora il piacere di svapare.<\/p>\n<h3 class=\"text-lg font-bold text-text-100 mt-1 -mb-1.5\">RandM Tornado 7000 Red Apple Lemon Caratteristiche:<\/h3>\n<p class=\"whitespace-normal break-words\">La sigaretta elettronica usa e getta RandM Tornado 7000 Red Apple Lemon \u00e8 un potente dispositivo per lo svapo che unisce praticit\u00e0 e prestazioni in un corpo sottile. Con una notevole capacit\u00e0 fino a 7000 tiri, questa sigaretta elettronica usa e getta \u00e8 ideale per i vapers che desiderano un'esperienza duratura e aromatica.<\/p>\n<p class=\"whitespace-normal break-words\">Dotato di una robusta batteria da 850 mAh e di un generoso serbatoio pre-riempito da 14 ml di e-liquid, Red Apple Lemon Tornado garantisce lunghe sessioni di svapo. Il controllo dell'airflow regolabile offre un ulteriore livello di personalizzazione e consente di adattare la propria esperienza di svapo alle proprie esigenze individuali.<\/p>\n<p class=\"whitespace-normal break-words\">Progettato per gli appassionati di svapo in movimento, Tornado colpisce per il suo design compatto e il meccanismo di attivazione a tiro, che lo rendono estremamente facile da usare. Il gusto Red Apple Lemon combina succose mele rosse con limone frizzante per un'esperienza gustativa rinfrescante. Il Tornado 7000 \u00e8 disponibile nelle varianti di sale di nicotina 0%, 2%, 3% e 5% per soddisfare le diverse preferenze.<\/p>\n<h3 class=\"text-lg font-bold text-text-100 mt-1 -mb-1.5\">Dati tecnici<\/h3>\n<p class=\"whitespace-normal break-words\">\u2611 Contenuto di nicotina: 0% \/2%\/3%\/5%<br \/>\n\u2611 Capacit\u00e0: 14 ml<br \/>\n\u2611 Tiri per dispositivo: 7000<br \/>\n\u2611 Regolazione del flusso d'aria<br \/>\n\u2611 Ricarica di tipo C<br \/>\n\u2611 Batteria ricaricabile<br \/>\n\u2611 Batteria integrata da 850 mAh<\/p>\n<h3 class=\"text-lg font-bold text-text-100 mt-1 -mb-1.5\">Scopri altri FUMOT VAPE su vozolpuff<\/h3>\n<p class=\"whitespace-normal break-words\">Scoprite la nostra gamma completa sul nostro sito web. <strong><a class=\"underline\" href=\"https:\/\/vozolpuff.de\/it\/\">Pagina principale<\/a><\/strong>, scoprite altri dispositivi premium nella <strong><a class=\"underline\" href=\"https:\/\/vozolpuff.de\/it\/product-category\/fumot-vape\/\">Categoria FUMOT VAPE<\/a><\/strong> oppure scegliete tra le offerte complete di <strong><a class=\"underline\" href=\"https:\/\/vozolpuff.de\/it\/product-category\/fumot-vape\/randm-tornado-7000\/\">Selezione del gusto RandM Tornado 7000<\/a><\/strong>.<\/p>","protected":false},"excerpt":{"rendered":"<p class=\"whitespace-normal break-words\">La sigaretta elettronica usa e getta RandM Tornado 7000 Red Apple Lemon combina succose mele rosse con limone frizzante per un massimo di 7000 tiri. Con serbatoio e-liquid da 14 ml, batteria ricaricabile da 850 mAh e controllo del flusso d'aria regolabile. Disponibile con nicotina 0%, 2%, 3% e 5%. Tecnologia mesh coil per un'esperienza fruttata intensa.<\/p>\n<p class=\"whitespace-normal break-words\">","protected":false},"featured_media":3700,"comment_status":"open","ping_status":"closed","template":"","meta":{"_acf_changed":false},"product_brand":[],"product_cat":[50],"product_tag":[],"class_list":{"0":"post-3696","1":"product","2":"type-product","3":"status-publish","4":"has-post-thumbnail","6":"product_cat-randm-tornado-7000","8":"first","9":"instock","10":"shipping-taxable","11":"purchasable","12":"product-type-variable"},"acf":[],"_links":{"self":[{"href":"https:\/\/vozolpuff.de\/it\/wp-json\/wp\/v2\/product\/3696","targetHints":{"allow":["GET"]}}],"collection":[{"href":"https:\/\/vozolpuff.de\/it\/wp-json\/wp\/v2\/product"}],"about":[{"href":"https:\/\/vozolpuff.de\/it\/wp-json\/wp\/v2\/types\/product"}],"replies":[{"embeddable":true,"href":"https:\/\/vozolpuff.de\/it\/wp-json\/wp\/v2\/comments?post=3696"}],"wp:featuredmedia":[{"embeddable":true,"href":"https:\/\/vozolpuff.de\/it\/wp-json\/wp\/v2\/media\/3700"}],"wp:attachment":[{"href":"https:\/\/vozolpuff.de\/it\/wp-json\/wp\/v2\/media?parent=3696"}],"wp:term":[{"taxonomy":"product_brand","embeddable":true,"href":"https:\/\/vozolpuff.de\/it\/wp-json\/wp\/v2\/product_brand?post=3696"},{"taxonomy":"product_cat","embeddable":true,"href":"https:\/\/vozolpuff.de\/it\/wp-json\/wp\/v2\/product_cat?post=3696"},{"taxonomy":"product_tag","embeddable":true,"href":"https:\/\/vozolpuff.de\/it\/wp-json\/wp\/v2\/product_tag?post=3696"}],"curies":[{"name":"wp","href":"https:\/\/api.w.org\/{rel}","templated":true}]}}