{"id":3777,"date":"2025-09-09T10:37:07","date_gmt":"2025-09-09T08:37:07","guid":{"rendered":"https:\/\/vozolpuff.de\/?post_type=product&#038;p=3777"},"modified":"2025-09-09T10:37:07","modified_gmt":"2025-09-09T08:37:07","slug":"randm-tornado-7000-berry-lemonade","status":"publish","type":"product","link":"https:\/\/vozolpuff.de\/it\/prodotto\/randm-tornado-7000-berry-lemonade\/","title":{"rendered":"RandM Tornado 7000 Limonata ai frutti di bosco"},"content":{"rendered":"<h2 class=\"text-xl font-bold text-text-100 mt-1 -mb-0.5\">RandM Tornado 7000 Berry Lemonade Sigaretta elettronica usa e getta<\/h2>\n<p class=\"whitespace-normal break-words\">La sigaretta elettronica RandM Tornado 7000 Berry Lemonade offre ben 7000 boccate per unit\u00e0 con una capacit\u00e0 di 14 ml di e-liquid e concentrazioni di nicotina di 0%, 2%, 3% e 5%. Il dispositivo \u00e8 dotato di una batteria ricaricabile da 850 mAh, gestione del flusso d'aria e innovativa tecnologia mesh coil. Prima di utilizzare per la prima volta la Tornado R&amp;M 7000 Berry Lemonade, attendere circa 2 minuti dopo aver riempito l'e-juice. Questo periodo di riposo garantisce una penetrazione ideale e massimizza la vostra esperienza di svapo rinfrescante al gusto di frutti di bosco.<\/p>\n<h3 class=\"text-lg font-bold text-text-100 mt-1 -mb-1.5\">RandM Tornado 7000 Berry Lemonade Caratteristiche:<\/h3>\n<p class=\"whitespace-normal break-words\">La RandM Tornado 7000 Berry Lemonade Disposable: una potente sigaretta elettronica che fonde la dolce intensit\u00e0 dei frutti di bosco con l'acidit\u00e0 frizzante della limonata in una confezione raffinata. Con una notevole autonomia fino a 7000 tiri, questa sigaretta elettronica usa e getta \u00e8 perfetta per gli utenti che preferiscono un aroma persistente e fruttato-rinfrescante.<\/p>\n<p class=\"whitespace-normal break-words\">Dotato di una robusta batteria da 850 mAh e di un ampio serbatoio da 14 ml per e-liquid, Berry Lemonade Tornado garantisce lunghe sessioni di svapo. Il controllo modulabile del flusso d'aria offre ulteriori livelli di personalizzazione e consente di regolare individualmente la propria esperienza di svapo.<\/p>\n<p class=\"whitespace-normal break-words\">Progettato per essere utilizzato in movimento, Tornado si distingue per il suo formato maneggevole e l'accenditore attivato dal respiro, che lo rendono estremamente facile da usare. Il gusto Berry Lemonade combina bacche dolci e limonata al limone per un'esperienza di gusto armoniosa e fruttata. Il Tornado 7000 \u00e8 disponibile nelle versioni con sale di nicotina 0%, 2%, 3% e 5% e soddisfa diverse preferenze.<\/p>\n<h3 class=\"text-lg font-bold text-text-100 mt-1 -mb-1.5\">Dati del dispositivo<\/h3>\n<p class=\"whitespace-normal break-words\">\u2611 Potenzialit\u00e0 della nicotina: 0% \/2%\/3%\/5%<br \/>\n\u2611 Capacit\u00e0 del contenitore: 14 ml<br \/>\n\u2611 Puff per unit\u00e0: 7000<br \/>\n\u2611 Modifica del flusso d'aria<br \/>\n\u2611 Porta di ricarica Type-C<br \/>\n\u2611 Batteria ricaricabile<br \/>\n\u2611 Batteria integrata da 850 mAh<\/p>\n<h3 class=\"text-lg font-bold text-text-100 mt-1 -mb-1.5\">Scopri altri FUMOT VAPE su vozolpuff<\/h3>\n<p class=\"whitespace-normal break-words\">Scoprite la nostra ampia offerta sul nostro sito web. <strong><a class=\"underline\" href=\"https:\/\/vozolpuff.de\/it\/\">piattaforma online<\/a><\/strong>, scoprite articoli per il vapore di alta qualit\u00e0 nella <strong><a class=\"underline\" href=\"https:\/\/vozolpuff.de\/it\/product-category\/fumot-vape\/\">Divisione FUMOT VAPE<\/a><\/strong> oppure sfogliate la versione completa <strong><a class=\"underline\" href=\"https:\/\/vozolpuff.de\/it\/product-category\/fumot-vape\/randm-tornado-7000\/\">RandM Tornado 7000 Variet\u00e0 di gusti<\/a><\/strong>.<\/p>","protected":false},"excerpt":{"rendered":"<p class=\"whitespace-normal break-words\">La sigaretta elettronica usa e getta RandM Tornado 7000 Berry Lemonade combina il gusto dolce dei frutti di bosco con quello frizzante della limonata. Con 7000 tiri, 14 ml di capacit\u00e0 di e-liquid, batteria da 850 mAh e tecnologia mesh coil, offre un piacere di svapo duraturo con nicotina 0%, 2%, 3% o 5%.<\/p>\n<p class=\"whitespace-normal break-words\">","protected":false},"featured_media":3781,"comment_status":"open","ping_status":"closed","template":"","meta":{"_acf_changed":false},"product_brand":[],"product_cat":[50],"product_tag":[],"class_list":{"0":"post-3777","1":"product","2":"type-product","3":"status-publish","4":"has-post-thumbnail","6":"product_cat-randm-tornado-7000","8":"first","9":"instock","10":"shipping-taxable","11":"purchasable","12":"product-type-variable"},"acf":[],"_links":{"self":[{"href":"https:\/\/vozolpuff.de\/it\/wp-json\/wp\/v2\/product\/3777","targetHints":{"allow":["GET"]}}],"collection":[{"href":"https:\/\/vozolpuff.de\/it\/wp-json\/wp\/v2\/product"}],"about":[{"href":"https:\/\/vozolpuff.de\/it\/wp-json\/wp\/v2\/types\/product"}],"replies":[{"embeddable":true,"href":"https:\/\/vozolpuff.de\/it\/wp-json\/wp\/v2\/comments?post=3777"}],"wp:featuredmedia":[{"embeddable":true,"href":"https:\/\/vozolpuff.de\/it\/wp-json\/wp\/v2\/media\/3781"}],"wp:attachment":[{"href":"https:\/\/vozolpuff.de\/it\/wp-json\/wp\/v2\/media?parent=3777"}],"wp:term":[{"taxonomy":"product_brand","embeddable":true,"href":"https:\/\/vozolpuff.de\/it\/wp-json\/wp\/v2\/product_brand?post=3777"},{"taxonomy":"product_cat","embeddable":true,"href":"https:\/\/vozolpuff.de\/it\/wp-json\/wp\/v2\/product_cat?post=3777"},{"taxonomy":"product_tag","embeddable":true,"href":"https:\/\/vozolpuff.de\/it\/wp-json\/wp\/v2\/product_tag?post=3777"}],"curies":[{"name":"wp","href":"https:\/\/api.w.org\/{rel}","templated":true}]}}