{"id":3839,"date":"2025-09-10T05:30:08","date_gmt":"2025-09-10T03:30:08","guid":{"rendered":"https:\/\/vozolpuff.de\/?post_type=product&#038;p=3839"},"modified":"2025-09-10T05:30:08","modified_gmt":"2025-09-10T03:30:08","slug":"randm-tornado-7000-vimto","status":"publish","type":"product","link":"https:\/\/vozolpuff.de\/it\/prodotto\/randm-tornado-7000-vimto\/","title":{"rendered":"RandM Tornado 7000 Vimto"},"content":{"rendered":"<h2 class=\"text-xl font-bold text-text-100 mt-1 -mb-0.5\">RandM Tornado 7000 Vimto Sigaretta elettronica usa e getta<\/h2>\n<p class=\"whitespace-normal break-words\">Prova l'iconico gusto Vimto con la sigaretta elettronica usa e getta RandM Tornado 7000 Puffs. Questo dispositivo di vaporizzazione premium combina il classico gusto di bacche e uva di Vimto con la pi\u00f9 avanzata tecnologia di vaporizzazione per un massimo di 7000 boccate di puro piacere. La batteria ricaricabile integrata da 850 mAh garantisce sessioni di svapo di lunga durata, mentre il generoso serbatoio da 14 ml di e-liquid non richiede ricariche. L'alimentazione dell'aria regolabile con precisione consente di personalizzare la tua esperienza di svapo. Il design sottile e portatile rende questa sigaretta elettronica la compagna perfetta per ogni giorno.<\/p>\n<h3 class=\"text-lg font-bold text-text-100 mt-1 -mb-1.5\">Caratteristiche del prodotto<\/h3>\n<p class=\"whitespace-normal break-words\"><strong>Batteria:<\/strong> 850 mAh integrato (ricaricabile)<br \/>\n<strong>Performance:<\/strong> Generazione di vapore affidabile e uniforme<br \/>\n<strong>Volume del liquido elettronico:<\/strong> 14 ml pre-riempito<br \/>\n<strong>Opzioni di nicotina:<\/strong> 0%, 2%, 3% o 5% selezionabili<br \/>\n<strong>Treni:<\/strong> Circa 7.000 tiri per dispositivo<br \/>\n<strong>Flusso d'aria:<\/strong> Flusso d'aria regolabile<br \/>\n<strong>Design:<\/strong> Illuminazione RGB integrata<\/p>\n<h3 class=\"text-lg font-bold text-text-100 mt-1 -mb-1.5\">Scopri altri FUMOT VAPE su vozolpuff<\/h3>\n<p class=\"whitespace-normal break-words\">Visitate il nostro <strong><a class=\"underline\" href=\"https:\/\/vozolpuff.de\/it\/\">Negozio online<\/a><\/strong> Per altri prodotti di alta qualit\u00e0 per lo svapo, sfoglia l'intera gamma. <strong><a class=\"underline\" href=\"https:\/\/vozolpuff.de\/it\/product-category\/fumot-vape\/\">Gamma di prodotti FUMOT VAPE<\/a><\/strong> oppure scoprite tutte le offerte disponibili <strong><a class=\"underline\" href=\"https:\/\/vozolpuff.de\/it\/product-category\/fumot-vape\/randm-tornado-7000\/\">Gusti RandM Tornado 7000<\/a><\/strong> nella nostra gamma.<\/p>","protected":false},"excerpt":{"rendered":"<div>\n<div class=\"grid-cols-1 grid gap-2.5 [&amp;_&gt;_*]:min-w-0 !gap-3.5\">\n<p class=\"whitespace-normal break-words\">Die RandM Tornado 7000 Vimto Einweg-Vape bringt den kultigen Beeren-Trauben-Mix direkt zu Ihnen. Ausgestattet mit langlebigem 850mAh Akku, gro\u00dfz\u00fcgigem 14ml E-Liquid-Vorrat und fortschrittlicher Airflow-Kontrolle bietet sie konstante Qualit\u00e4t \u00fcber alle 7000 Z\u00fcge. RGB-Leuchteffekte runden das Design ab.<\/p>\n<\/div>\n<\/div>\n<div class=\"h-8\"><\/div>\n","protected":false},"featured_media":3843,"comment_status":"open","ping_status":"closed","template":"","meta":{"_acf_changed":false},"product_brand":[],"product_cat":[50],"product_tag":[],"class_list":{"0":"post-3839","1":"product","2":"type-product","3":"status-publish","4":"has-post-thumbnail","6":"product_cat-randm-tornado-7000","8":"first","9":"instock","10":"shipping-taxable","11":"purchasable","12":"product-type-variable"},"acf":[],"_links":{"self":[{"href":"https:\/\/vozolpuff.de\/it\/wp-json\/wp\/v2\/product\/3839","targetHints":{"allow":["GET"]}}],"collection":[{"href":"https:\/\/vozolpuff.de\/it\/wp-json\/wp\/v2\/product"}],"about":[{"href":"https:\/\/vozolpuff.de\/it\/wp-json\/wp\/v2\/types\/product"}],"replies":[{"embeddable":true,"href":"https:\/\/vozolpuff.de\/it\/wp-json\/wp\/v2\/comments?post=3839"}],"wp:featuredmedia":[{"embeddable":true,"href":"https:\/\/vozolpuff.de\/it\/wp-json\/wp\/v2\/media\/3843"}],"wp:attachment":[{"href":"https:\/\/vozolpuff.de\/it\/wp-json\/wp\/v2\/media?parent=3839"}],"wp:term":[{"taxonomy":"product_brand","embeddable":true,"href":"https:\/\/vozolpuff.de\/it\/wp-json\/wp\/v2\/product_brand?post=3839"},{"taxonomy":"product_cat","embeddable":true,"href":"https:\/\/vozolpuff.de\/it\/wp-json\/wp\/v2\/product_cat?post=3839"},{"taxonomy":"product_tag","embeddable":true,"href":"https:\/\/vozolpuff.de\/it\/wp-json\/wp\/v2\/product_tag?post=3839"}],"curies":[{"name":"wp","href":"https:\/\/api.w.org\/{rel}","templated":true}]}}