{"id":3866,"date":"2025-09-10T05:38:14","date_gmt":"2025-09-10T03:38:14","guid":{"rendered":"https:\/\/vozolpuff.de\/?post_type=product&#038;p=3866"},"modified":"2025-09-10T05:38:14","modified_gmt":"2025-09-10T03:38:14","slug":"randm-tornado-7000-sour-apple","status":"publish","type":"product","link":"https:\/\/vozolpuff.de\/it\/prodotto\/randm-tornado-7000-sour-apple\/","title":{"rendered":"RandM Tornado 7000 Mela acida"},"content":{"rendered":"<h2 class=\"text-xl font-bold text-text-100 mt-1 -mb-0.5\">RandM Tornado 7000 Sour Apple Sigaretta elettronica usa e getta<\/h2>\n<p class=\"whitespace-normal break-words\">Prova il perfetto contrasto tra dolce e aspro con RandM Tornado 7000 Sour Apple Edition. Questo gusto fruttato e intenso cattura l'essenza di una mela verde croccante con una sorprendente nota aspra che stimola le tue papille gustative. Con ben 7000 tiri per dispositivo, questa sigaretta elettronica usa e getta stabilisce nuovi standard in termini di durata. Il robusto accumulatore da 850 mAh garantisce prestazioni costanti, mentre il generoso serbatoio da 14 ml assicura settimane di soddisfazione. La tecnologia Draw-to-Fire, facile da usare, rende ogni tiro senza sforzo.<\/p>\n<h3 class=\"text-lg font-bold text-text-100 mt-1 -mb-1.5\">Specifiche tecniche dell'apparecchio<\/h3>\n<p class=\"whitespace-normal break-words\"><strong>Tipo di batteria:<\/strong> 850 mAh integrato (ricaricabile)<br \/>\n<strong>Consumo energetico:<\/strong> Prestazioni costanti ed efficaci<br \/>\n<strong>Quantit\u00e0 di e-juice:<\/strong> 14 ml completamente preriempito<br \/>\n<strong>Contenuto di nicotina:<\/strong> 0%, 2%, 3% o 5% a scelta<br \/>\n<strong>Treni a vapore:<\/strong> Circa 7.000 per unit\u00e0<br \/>\n<strong>Controllo dell'aria:<\/strong> Portata regolabile individualmente<br \/>\n<strong>Spettacolo di luci:<\/strong> Illuminazione RGB integrata<\/p>\n<h3 class=\"text-lg font-bold text-text-100 mt-1 -mb-1.5\">Scopri altri FUMOT VAPE su vozolpuff<\/h3>\n<p class=\"whitespace-normal break-words\">Scoprite altri apparecchi a vapore di alta qualit\u00e0 sul nostro sito web. <strong><a class=\"underline\" href=\"https:\/\/vozolpuff.de\/it\/\">Sito web<\/a><\/strong> , sfogliate l'intero <strong><a class=\"underline\" href=\"https:\/\/vozolpuff.de\/it\/product-category\/fumot-vape\/\">Gamma FUMOT VAPE<\/a><\/strong> oppure scoprite altre varianti della <strong><a class=\"underline\" href=\"https:\/\/vozolpuff.de\/it\/product-category\/fumot-vape\/randm-tornado-7000\/\">Famiglia RandM Tornado 7000<\/a><\/strong>.<\/p>","protected":false},"excerpt":{"rendered":"<div>\n<div class=\"grid-cols-1 grid gap-2.5 [&amp;_&gt;_*]:min-w-0 !gap-3.5\">\n<p class=\"whitespace-normal break-words\">Genie\u00dfen Sie den perfekten s\u00fc\u00df-sauren Kontrast mit der RandM Tornado 7000 Sour Apple Einweg-Vape. Der intensive gr\u00fcne Apfelgeschmack mit seiner belebenden sauren Note sorgt f\u00fcr ein erfrischendes Dampferlebnis. Mit 850mAh Akku, 14ml Liquidkapazit\u00e4t und 7000 Z\u00fcgen f\u00fcr langanhaltenden Genuss mit RGB-Effekten.<\/p>\n<\/div>\n<\/div>\n<div class=\"h-8\"><\/div>\n","protected":false},"featured_media":3870,"comment_status":"open","ping_status":"closed","template":"","meta":{"_acf_changed":false},"product_brand":[],"product_cat":[50],"product_tag":[],"class_list":{"0":"post-3866","1":"product","2":"type-product","3":"status-publish","4":"has-post-thumbnail","6":"product_cat-randm-tornado-7000","8":"first","9":"instock","10":"shipping-taxable","11":"purchasable","12":"product-type-variable"},"acf":[],"_links":{"self":[{"href":"https:\/\/vozolpuff.de\/it\/wp-json\/wp\/v2\/product\/3866","targetHints":{"allow":["GET"]}}],"collection":[{"href":"https:\/\/vozolpuff.de\/it\/wp-json\/wp\/v2\/product"}],"about":[{"href":"https:\/\/vozolpuff.de\/it\/wp-json\/wp\/v2\/types\/product"}],"replies":[{"embeddable":true,"href":"https:\/\/vozolpuff.de\/it\/wp-json\/wp\/v2\/comments?post=3866"}],"wp:featuredmedia":[{"embeddable":true,"href":"https:\/\/vozolpuff.de\/it\/wp-json\/wp\/v2\/media\/3870"}],"wp:attachment":[{"href":"https:\/\/vozolpuff.de\/it\/wp-json\/wp\/v2\/media?parent=3866"}],"wp:term":[{"taxonomy":"product_brand","embeddable":true,"href":"https:\/\/vozolpuff.de\/it\/wp-json\/wp\/v2\/product_brand?post=3866"},{"taxonomy":"product_cat","embeddable":true,"href":"https:\/\/vozolpuff.de\/it\/wp-json\/wp\/v2\/product_cat?post=3866"},{"taxonomy":"product_tag","embeddable":true,"href":"https:\/\/vozolpuff.de\/it\/wp-json\/wp\/v2\/product_tag?post=3866"}],"curies":[{"name":"wp","href":"https:\/\/api.w.org\/{rel}","templated":true}]}}